{"id":29875,"date":"2021-03-11T09:57:42","date_gmt":"2021-03-11T09:57:42","guid":{"rendered":"http:\/\/carnescofetacasa.com\/Producte\/munster-gerome\/"},"modified":"2023-05-23T10:16:08","modified_gmt":"2023-05-23T08:16:08","slug":"munster-tradittion-es","status":"publish","type":"product","link":"https:\/\/escofetoliver.com\/es\/tienda\/quesos-yogures\/queso-pieza\/munster-tradittion-es\/","title":{"rendered":"Munster Traddition AOP &#8211; 1 pieza &#8211; 200 g"},"content":{"rendered":"<p>El Munster G\u00e9rome es un queso de leche cruda, fermentado con la flora aut\u00e9ntica de los Vosgos (al norte de Francia). Este proceso \u00fanico de elaboraci\u00f3n nos permite hallar una cremosidad y una dulzura bajo su \u00abic\u00f3nica\u00bb corteza de color naranja.<\/p>\n<p><strong>Maduraci\u00f3n<\/strong>: M\u00ednimo, tres semanas.<\/p>\n<p><strong>Al\u00e9rgenos<\/strong>: Derivados de la LECHE.<\/p>\n","protected":false},"excerpt":{"rendered":"<p>Pieza de Munster G\u00e9rom\u00e9 AOP de 200 g.<\/p>\n","protected":false},"featured_media":29872,"comment_status":"open","ping_status":"closed","template":"","meta":{"_acf_changed":false},"product_brand":[],"product_cat":[5862,5890],"product_tag":[8096,8098,8115,8189,8190,8192],"class_list":{"0":"post-29875","1":"product","2":"type-product","3":"status-publish","4":"has-post-thumbnail","6":"product_cat-quesos-yogures","7":"product_cat-queso-pieza","8":"product_tag-llet-es","9":"product_tag-vaca-es","10":"product_tag-tradicional-es","11":"product_tag-formatge-es","12":"product_tag-llet-de-vaca-es","13":"product_tag-denominacio-dorigen-es","14":"product_shipping_class-entrega-en-domicilio","15":"pa_caracteristicas-denom_origen_cast-es","16":"pa_promotional-no-es-2","18":"first","19":"instock","20":"taxable","21":"shipping-taxable","22":"purchasable","23":"product-type-simple"},"acf":[],"_links":{"self":[{"href":"https:\/\/escofetoliver.com\/es\/wp-json\/wp\/v2\/product\/29875","targetHints":{"allow":["GET"]}}],"collection":[{"href":"https:\/\/escofetoliver.com\/es\/wp-json\/wp\/v2\/product"}],"about":[{"href":"https:\/\/escofetoliver.com\/es\/wp-json\/wp\/v2\/types\/product"}],"replies":[{"embeddable":true,"href":"https:\/\/escofetoliver.com\/es\/wp-json\/wp\/v2\/comments?post=29875"}],"wp:featuredmedia":[{"embeddable":true,"href":"https:\/\/escofetoliver.com\/es\/wp-json\/wp\/v2\/media\/29872"}],"wp:attachment":[{"href":"https:\/\/escofetoliver.com\/es\/wp-json\/wp\/v2\/media?parent=29875"}],"wp:term":[{"taxonomy":"product_brand","embeddable":true,"href":"https:\/\/escofetoliver.com\/es\/wp-json\/wp\/v2\/product_brand?post=29875"},{"taxonomy":"product_cat","embeddable":true,"href":"https:\/\/escofetoliver.com\/es\/wp-json\/wp\/v2\/product_cat?post=29875"},{"taxonomy":"product_tag","embeddable":true,"href":"https:\/\/escofetoliver.com\/es\/wp-json\/wp\/v2\/product_tag?post=29875"}],"curies":[{"name":"wp","href":"https:\/\/api.w.org\/{rel}","templated":true}]}}