{"id":29871,"date":"2021-03-11T09:53:30","date_gmt":"2021-03-11T08:53:30","guid":{"rendered":"http:\/\/carnescofetacasa.com\/Producte\/epoisses-aop\/"},"modified":"2025-02-18T12:50:42","modified_gmt":"2025-02-18T11:50:42","slug":"epoisses-aop","status":"publish","type":"product","link":"https:\/\/escofetoliver.com\/es\/tienda\/quesos-yogures\/queso-pieza\/epoisses-aop\/","title":{"rendered":"\u00c9poisses AOP &#8211; 1 pieza &#8211; 125 g"},"content":{"rendered":"<p>Queso de leche de vaca, de pasta blanda y corteza pura. El mejor queso de Bourgogne (Francia), con un proceso de maduraci\u00f3n que le da un sabor mas distintivo. Con denominaci\u00f3n de origen protegido y elaboraci\u00f3n tradicional.<\/p>\n<p><strong>Maduraci\u00f3n<\/strong>: M\u00ednimo, cuatro semanas.<\/p>\n<p>&nbsp;<\/p>\n<p>&nbsp;<\/p>\n","protected":false},"excerpt":{"rendered":"<p>Pieza de \u00c9poisses AOP de 125 g.<\/p>\n","protected":false},"featured_media":29868,"comment_status":"open","ping_status":"closed","template":"","meta":{"_acf_changed":false},"product_brand":[],"product_cat":[5862,5890],"product_tag":[8190,8192,8096,8098,8115,8189],"class_list":{"0":"post-29871","1":"product","2":"type-product","3":"status-publish","4":"has-post-thumbnail","6":"product_cat-quesos-yogures","7":"product_cat-queso-pieza","8":"product_tag-llet-de-vaca-es","9":"product_tag-denominacio-dorigen-es","10":"product_tag-llet-es","11":"product_tag-vaca-es","12":"product_tag-tradicional-es","13":"product_tag-formatge-es","14":"product_shipping_class-entrega-en-domicilio","15":"pa_caracteristicas-denom_origen_cast-es","16":"pa_promotional-no-es-2","18":"first","19":"instock","20":"taxable","21":"shipping-taxable","22":"purchasable","23":"product-type-simple"},"acf":[],"_links":{"self":[{"href":"https:\/\/escofetoliver.com\/es\/wp-json\/wp\/v2\/product\/29871","targetHints":{"allow":["GET"]}}],"collection":[{"href":"https:\/\/escofetoliver.com\/es\/wp-json\/wp\/v2\/product"}],"about":[{"href":"https:\/\/escofetoliver.com\/es\/wp-json\/wp\/v2\/types\/product"}],"replies":[{"embeddable":true,"href":"https:\/\/escofetoliver.com\/es\/wp-json\/wp\/v2\/comments?post=29871"}],"wp:featuredmedia":[{"embeddable":true,"href":"https:\/\/escofetoliver.com\/es\/wp-json\/wp\/v2\/media\/29868"}],"wp:attachment":[{"href":"https:\/\/escofetoliver.com\/es\/wp-json\/wp\/v2\/media?parent=29871"}],"wp:term":[{"taxonomy":"product_brand","embeddable":true,"href":"https:\/\/escofetoliver.com\/es\/wp-json\/wp\/v2\/product_brand?post=29871"},{"taxonomy":"product_cat","embeddable":true,"href":"https:\/\/escofetoliver.com\/es\/wp-json\/wp\/v2\/product_cat?post=29871"},{"taxonomy":"product_tag","embeddable":true,"href":"https:\/\/escofetoliver.com\/es\/wp-json\/wp\/v2\/product_tag?post=29871"}],"curies":[{"name":"wp","href":"https:\/\/api.w.org\/{rel}","templated":true}]}}