{"id":29843,"date":"2021-03-11T09:13:58","date_gmt":"2021-03-11T09:13:58","guid":{"rendered":"http:\/\/carnescofetacasa.com\/Producte\/arros-banda\/"},"modified":"2023-05-23T10:16:05","modified_gmt":"2023-05-23T08:16:05","slug":"arros-banda","status":"publish","type":"product","link":"https:\/\/escofetoliver.com\/es\/tienda\/cocinados-legumbres\/especialidad\/arros-banda\/","title":{"rendered":"Arroz a banda Just Married &#8211; 700 g"},"content":{"rendered":"<p>Receta de arroz de calidad extra y buey de mar. Acompa\u00f1ado de caldos de pescado y pollo, con toques de picada y alioli.<\/p>\n<p><strong>Ingredientes:<\/strong><\/p>\n<p><span>Arroz extra del Delta del Ebro (22%), caldo de pescado (agua, rape, pescado de roca, buey de mar, centollo, aceite de girasol y sal), caldo de pollo (agua, pollo, puerro, zanahoria, cebolla, apio, sal, pimienta), pota, sofrito (agua, tomate, cebolla, aceite de girasol, aceite de oliva, az\u00facar y sal), pot\u00f3n, alioli (aceite de girasol, huevo, ajo, lim\u00f3n, sal y az\u00facar), picada (agua, harina de arroz, aceite de girasol, chocolate negro &#8211; pasta de cacao 47,5%, az\u00facar, manteca de cacao 6,7%, emulgente: lecitina de soja y aroma de vainilla &#8211; almendra y ajo) y sal.<\/span><\/p>\n<p><strong>Al\u00e9rgenos:<\/strong> Marisco, HUEVO, frutos secos y apio.<\/p>\n<p><span style=\"font-size: 8pt;\">Nombre del operador:\u00a0ESCO\u00a0FRESC S.L.Uno<\/span><br \/>\n<span style=\"font-size: 8pt;\">Direcci\u00f3n del operador:\u00a0CL\/LAS\u00a0PLANES,1,\u00a0NAVE-C, Sant Joan Desp\u00ed<\/span><br \/>\n<span style=\"font-size: 8pt;\">C\u00f3digo: B63206825<\/span><\/p>\n","protected":false},"excerpt":{"rendered":"<p>Lata y bolsita de 700 g de arroz a banda Just Married.<\/p>\n","protected":false},"featured_media":47540,"comment_status":"open","ping_status":"closed","template":"","meta":{"_acf_changed":false},"product_brand":[],"product_cat":[8628],"product_tag":[8157,8158,8162,8164,8599],"class_list":{"0":"post-29843","1":"product","2":"type-product","3":"status-publish","4":"has-post-thumbnail","6":"product_cat-especialidad","7":"product_tag-plats-es","8":"product_tag-plats-cassolans-es","9":"product_tag-arros-barcelona-es","10":"product_tag-comprar-arros-barcelona-es","11":"product_tag-pescado","12":"product_shipping_class-entrega-en-domicilio","13":"pa_promotional-no-es-2","15":"first","16":"instock","17":"taxable","18":"shipping-taxable","19":"purchasable","20":"product-type-simple"},"acf":[],"_links":{"self":[{"href":"https:\/\/escofetoliver.com\/es\/wp-json\/wp\/v2\/product\/29843","targetHints":{"allow":["GET"]}}],"collection":[{"href":"https:\/\/escofetoliver.com\/es\/wp-json\/wp\/v2\/product"}],"about":[{"href":"https:\/\/escofetoliver.com\/es\/wp-json\/wp\/v2\/types\/product"}],"replies":[{"embeddable":true,"href":"https:\/\/escofetoliver.com\/es\/wp-json\/wp\/v2\/comments?post=29843"}],"wp:featuredmedia":[{"embeddable":true,"href":"https:\/\/escofetoliver.com\/es\/wp-json\/wp\/v2\/media\/47540"}],"wp:attachment":[{"href":"https:\/\/escofetoliver.com\/es\/wp-json\/wp\/v2\/media?parent=29843"}],"wp:term":[{"taxonomy":"product_brand","embeddable":true,"href":"https:\/\/escofetoliver.com\/es\/wp-json\/wp\/v2\/product_brand?post=29843"},{"taxonomy":"product_cat","embeddable":true,"href":"https:\/\/escofetoliver.com\/es\/wp-json\/wp\/v2\/product_cat?post=29843"},{"taxonomy":"product_tag","embeddable":true,"href":"https:\/\/escofetoliver.com\/es\/wp-json\/wp\/v2\/product_tag?post=29843"}],"curies":[{"name":"wp","href":"https:\/\/api.w.org\/{rel}","templated":true}]}}