{"id":29839,"date":"2021-03-11T09:06:34","date_gmt":"2021-03-11T09:06:34","guid":{"rendered":"http:\/\/carnescofetacasa.com\/Producte\/fideua-llauna\/"},"modified":"2023-05-23T10:16:05","modified_gmt":"2023-05-23T08:16:05","slug":"fideua-llauna","status":"publish","type":"product","link":"https:\/\/escofetoliver.com\/es\/tienda\/cocinados-legumbres\/especialidad\/fideua-llauna\/","title":{"rendered":"Fideu\u00e1 Just Married &#8211; 700 g"},"content":{"rendered":"<p>Fideu\u00e1 elaborado con fideo horneado y canana cocinado al punto. Matizado con un buen sofrito de tomate y cebolla, adem\u00e1s de un ligero toque de alioli. Producto de la casa Just Married, en Girona.<\/p>\n<p><strong>Al\u00e9rgenos<\/strong>: Marisco, HUEVO, GLUTEN, frutos secos y apio.<\/p>\n<p><strong>Ingredientes<\/strong>: <span>Agua, calamar, fideos de trigo tostados,\u00a0 rape, buey de mar, centollo, pescado, pollo, zanahoria, cebolla, tomate, aceite de girasol,\u00a0 alioli, puerro, pan rallado, almendra, sal az\u00facar, apio y pimienta.<\/span><\/p>\n<p><strong>Caducidad:<\/strong> Viene en la lata.<\/p>\n","protected":false},"excerpt":{"rendered":"<p>Lata y bolsita de 700 g de fideu\u00e1 Just Married.<\/p>\n","protected":false},"featured_media":47538,"comment_status":"open","ping_status":"closed","template":"","meta":{"_acf_changed":false},"product_brand":[],"product_cat":[8628],"product_tag":[8599],"class_list":{"0":"post-29839","1":"product","2":"type-product","3":"status-publish","4":"has-post-thumbnail","6":"product_cat-especialidad","7":"product_tag-pescado","8":"product_shipping_class-entrega-en-domicilio","9":"pa_promotional-no-es-2","11":"first","12":"instock","13":"taxable","14":"shipping-taxable","15":"purchasable","16":"product-type-simple"},"acf":[],"_links":{"self":[{"href":"https:\/\/escofetoliver.com\/es\/wp-json\/wp\/v2\/product\/29839","targetHints":{"allow":["GET"]}}],"collection":[{"href":"https:\/\/escofetoliver.com\/es\/wp-json\/wp\/v2\/product"}],"about":[{"href":"https:\/\/escofetoliver.com\/es\/wp-json\/wp\/v2\/types\/product"}],"replies":[{"embeddable":true,"href":"https:\/\/escofetoliver.com\/es\/wp-json\/wp\/v2\/comments?post=29839"}],"wp:featuredmedia":[{"embeddable":true,"href":"https:\/\/escofetoliver.com\/es\/wp-json\/wp\/v2\/media\/47538"}],"wp:attachment":[{"href":"https:\/\/escofetoliver.com\/es\/wp-json\/wp\/v2\/media?parent=29839"}],"wp:term":[{"taxonomy":"product_brand","embeddable":true,"href":"https:\/\/escofetoliver.com\/es\/wp-json\/wp\/v2\/product_brand?post=29839"},{"taxonomy":"product_cat","embeddable":true,"href":"https:\/\/escofetoliver.com\/es\/wp-json\/wp\/v2\/product_cat?post=29839"},{"taxonomy":"product_tag","embeddable":true,"href":"https:\/\/escofetoliver.com\/es\/wp-json\/wp\/v2\/product_tag?post=29839"}],"curies":[{"name":"wp","href":"https:\/\/api.w.org\/{rel}","templated":true}]}}