{"id":29829,"date":"2021-03-10T12:14:59","date_gmt":"2021-03-10T12:14:59","guid":{"rendered":"http:\/\/carnescofetacasa.com\/Producte\/rodo-cuixa-vedella\/"},"modified":"2024-12-16T11:58:49","modified_gmt":"2024-12-16T10:58:49","slug":"redondo-de-la-pierna-entero","status":"publish","type":"product","link":"https:\/\/escofetoliver.com\/es\/tienda\/carniceria\/ternera\/redondo-de-la-pierna-entero\/","title":{"rendered":"Redondo de la pierna entero &#8211; 1 pieza &#8211; 2 Kg"},"content":{"rendered":"<p><span data-contrast=\"none\">El<\/span><b><span data-contrast=\"none\"> Redondo de la pierna de Ternera<\/span><\/b><span data-contrast=\"none\"> es una pieza para asar al horno o a la cazuela. Muy f\u00e1cil de cocinar. Tambi\u00e9n se puede utilizar para fricand\u00f3, roastbeef, steack tartar&#8230; Nuestra ternera se cr\u00eda en granjas con certificado animal y de proximidad.<\/span><span data-ccp-props=\"{&quot;201341983&quot;:0,&quot;335551550&quot;:6,&quot;335551620&quot;:6,&quot;335559739&quot;:160,&quot;335559740&quot;:259}\">\u00a0<\/span><\/p>\n<p><span data-contrast=\"auto\">La <\/span><b><span data-contrast=\"auto\">Ternera<\/span><\/b><span data-contrast=\"auto\"> es un alimento esencial para una dieta sana y equilibrada, destacando por las prote\u00ednas de alta digestibilidad y gran valor biol\u00f3gico, ya que aportan amino\u00e1cidos necesarios por nuestro crecimiento y la reparaci\u00f3n de tejidos del organismo. Tambi\u00e9n es rica en vitaminas (del grupo B) y es una gran fuente de minerales como son el f\u00f3sforo, calcio, magnesio y hierro.<\/span><span data-ccp-props=\"{&quot;201341983&quot;:0,&quot;335559739&quot;:160,&quot;335559740&quot;:259}\">\u00a0<\/span><\/p>\n<p><span data-contrast=\"auto\">Escofet Oliver madura la carne de ternera un m\u00ednimo de 7 d\u00edas en refrigeraci\u00f3n para obtener una carne muy sabrosa y melosa.<\/span><span data-ccp-props=\"{&quot;201341983&quot;:0,&quot;335559739&quot;:160,&quot;335559740&quot;:259}\">\u00a0<\/span><\/p>\n<p><span data-contrast=\"none\">Sin AL\u00c9RGENOS.<\/span><span data-ccp-props=\"{&quot;201341983&quot;:0,&quot;335559739&quot;:160,&quot;335559740&quot;:259}\">\u00a0<\/span><\/p>\n","protected":false},"excerpt":{"rendered":"<p>Una pieza de redondo de ternera entero de 2 kg aproximadamente.<\/p>\n","protected":false},"featured_media":29826,"comment_status":"open","ping_status":"closed","template":"","meta":{"_acf_changed":false},"product_brand":[],"product_cat":[5886],"product_tag":[7495,7496,7509,7510,7536,7544,7750,8098],"class_list":{"0":"post-29829","1":"product","2":"type-product","3":"status-publish","4":"has-post-thumbnail","6":"product_cat-ternera","7":"product_tag-escofet-oliver-es","8":"product_tag-carns-escofet-oliver-es","9":"product_tag-vedella-es","10":"product_tag-ternera-es","11":"product_tag-carns-escofet-es","12":"product_tag-carn-es","13":"product_tag-rodo-es","14":"product_tag-vaca-es","15":"product_shipping_class-entrega-en-domicilio","16":"pa_preciokg-2450-es","17":"pa_presentacio-envase-es","18":"pa_promotional-no-es-2","20":"first","21":"instock","22":"taxable","23":"shipping-taxable","24":"purchasable","25":"product-type-simple"},"acf":[],"_links":{"self":[{"href":"https:\/\/escofetoliver.com\/es\/wp-json\/wp\/v2\/product\/29829","targetHints":{"allow":["GET"]}}],"collection":[{"href":"https:\/\/escofetoliver.com\/es\/wp-json\/wp\/v2\/product"}],"about":[{"href":"https:\/\/escofetoliver.com\/es\/wp-json\/wp\/v2\/types\/product"}],"replies":[{"embeddable":true,"href":"https:\/\/escofetoliver.com\/es\/wp-json\/wp\/v2\/comments?post=29829"}],"wp:featuredmedia":[{"embeddable":true,"href":"https:\/\/escofetoliver.com\/es\/wp-json\/wp\/v2\/media\/29826"}],"wp:attachment":[{"href":"https:\/\/escofetoliver.com\/es\/wp-json\/wp\/v2\/media?parent=29829"}],"wp:term":[{"taxonomy":"product_brand","embeddable":true,"href":"https:\/\/escofetoliver.com\/es\/wp-json\/wp\/v2\/product_brand?post=29829"},{"taxonomy":"product_cat","embeddable":true,"href":"https:\/\/escofetoliver.com\/es\/wp-json\/wp\/v2\/product_cat?post=29829"},{"taxonomy":"product_tag","embeddable":true,"href":"https:\/\/escofetoliver.com\/es\/wp-json\/wp\/v2\/product_tag?post=29829"}],"curies":[{"name":"wp","href":"https:\/\/api.w.org\/{rel}","templated":true}]}}