{"id":29765,"date":"2021-03-01T11:42:48","date_gmt":"2021-03-01T11:42:48","guid":{"rendered":"http:\/\/carnescofetacasa.com\/Producte\/pebrots-piquillo-miset\/"},"modified":"2023-05-23T10:16:00","modified_gmt":"2023-05-23T08:16:00","slug":"pebrots-piquillo-miset","status":"publish","type":"product","link":"https:\/\/escofetoliver.com\/es\/tienda\/despensa\/conservas-aperitivos\/pebrots-piquillo-miset\/","title":{"rendered":"Pimiento Piquillo Miset &#8211; 290 g"},"content":{"rendered":"<p>Pimiento del Piquillo t\u00edpico de Navarra, elaborado de forma artesanal por la casa Miset. Se caracteriza por su peque\u00f1o tama\u00f1o, sabor exquisito y aroma de asado a la le\u00f1a.<\/p>\n<p>No contiene al\u00e9rgenos.<\/p>\n<p>Ingredientes: Pimiento, sal y c\u00edtrico.<\/p>\n<p>Caducidad: 5 a\u00f1os.<\/p>\n<p>&nbsp;<\/p>\n","protected":false},"excerpt":{"rendered":"<p>Envase de 290 g de pimientos del Piquillo Miset.<\/p>\n","protected":false},"featured_media":29762,"comment_status":"open","ping_status":"closed","template":"","meta":{"_acf_changed":false},"product_brand":[],"product_cat":[5866,5902],"product_tag":[],"class_list":{"0":"post-29765","1":"product","2":"type-product","3":"status-publish","4":"has-post-thumbnail","6":"product_cat-despensa","7":"product_cat-conservas-aperitivos","8":"product_shipping_class-entrega-en-domicilio","9":"pa_promotional-no-es-2","11":"first","12":"instock","13":"taxable","14":"shipping-taxable","15":"purchasable","16":"product-type-simple"},"acf":[],"_links":{"self":[{"href":"https:\/\/escofetoliver.com\/es\/wp-json\/wp\/v2\/product\/29765","targetHints":{"allow":["GET"]}}],"collection":[{"href":"https:\/\/escofetoliver.com\/es\/wp-json\/wp\/v2\/product"}],"about":[{"href":"https:\/\/escofetoliver.com\/es\/wp-json\/wp\/v2\/types\/product"}],"replies":[{"embeddable":true,"href":"https:\/\/escofetoliver.com\/es\/wp-json\/wp\/v2\/comments?post=29765"}],"wp:featuredmedia":[{"embeddable":true,"href":"https:\/\/escofetoliver.com\/es\/wp-json\/wp\/v2\/media\/29762"}],"wp:attachment":[{"href":"https:\/\/escofetoliver.com\/es\/wp-json\/wp\/v2\/media?parent=29765"}],"wp:term":[{"taxonomy":"product_brand","embeddable":true,"href":"https:\/\/escofetoliver.com\/es\/wp-json\/wp\/v2\/product_brand?post=29765"},{"taxonomy":"product_cat","embeddable":true,"href":"https:\/\/escofetoliver.com\/es\/wp-json\/wp\/v2\/product_cat?post=29765"},{"taxonomy":"product_tag","embeddable":true,"href":"https:\/\/escofetoliver.com\/es\/wp-json\/wp\/v2\/product_tag?post=29765"}],"curies":[{"name":"wp","href":"https:\/\/api.w.org\/{rel}","templated":true}]}}