{"id":29747,"date":"2021-02-23T12:08:29","date_gmt":"2021-02-23T12:08:29","guid":{"rendered":"http:\/\/carnescofetacasa.com\/Producte\/mato-ubach\/"},"modified":"2023-05-23T10:15:59","modified_gmt":"2023-05-23T08:15:59","slug":"mato-ubach","status":"publish","type":"product","link":"https:\/\/escofetoliver.com\/es\/tienda\/quesos-yogures\/queso-fresco\/mato-ubach\/","title":{"rendered":"Reques\u00f3n Ubach &#8211; 1 unidad &#8211; 100 G"},"content":{"rendered":"<p>Reques\u00f3n de leche de vaca pasteurizada, elaborado por los especialistas de la Casa Ubach en Vic.<\/p>\n<p>&nbsp;<\/p>\n<p><strong>Al\u00e9rgenos<\/strong>: Derivados de la LECHE. Puede contener trazos de HUEVO.<\/p>\n<p><strong>Ingredientes<\/strong>:<\/p>\n<p><span>Reques\u00f3n (2,9%) [Leche pasteurizada, cuajo y secuestrante (cloruro c\u00e1lcico)], crema de leche (nata y estabilizante carragenato), leche pasteurizada, az\u00facar, gelificante (fructosa, almid\u00f3n de ma\u00edz y aroma) y az\u00facar quemado.<\/span><\/p>\n<p><strong>Caducidad:<\/strong> Viene en el envase. Se recomienda conservar entre 0 y 4 \u00b0C.<\/p>\n","protected":false},"excerpt":{"rendered":"<p>Envase de reques\u00f3n de 100 g<\/p>\n","protected":false},"featured_media":29744,"comment_status":"open","ping_status":"closed","template":"","meta":{"_acf_changed":false},"product_brand":[],"product_cat":[8624,5862],"product_tag":[8096,8097,8098,8102,11205,8103,8113,8114,8141,8146,7495],"class_list":{"0":"post-29747","1":"product","2":"type-product","3":"status-publish","4":"has-post-thumbnail","6":"product_cat-queso-fresco","7":"product_cat-quesos-yogures","8":"product_tag-llet-es","9":"product_tag-leche-es","10":"product_tag-vaca-es","11":"product_tag-sano-es","12":"product_tag-comete-el-verano","13":"product_tag-postre-es","14":"product_tag-pasteuritzada-es","15":"product_tag-postres-es","16":"product_tag-artesanal-es","17":"product_tag-requeson-es","18":"product_tag-escofet-oliver-es","19":"product_shipping_class-entrega-en-domicilio","20":"pa_promotional-no-es-2","22":"first","23":"instock","24":"purchasable","25":"product-type-simple"},"acf":[],"_links":{"self":[{"href":"https:\/\/escofetoliver.com\/es\/wp-json\/wp\/v2\/product\/29747","targetHints":{"allow":["GET"]}}],"collection":[{"href":"https:\/\/escofetoliver.com\/es\/wp-json\/wp\/v2\/product"}],"about":[{"href":"https:\/\/escofetoliver.com\/es\/wp-json\/wp\/v2\/types\/product"}],"replies":[{"embeddable":true,"href":"https:\/\/escofetoliver.com\/es\/wp-json\/wp\/v2\/comments?post=29747"}],"wp:featuredmedia":[{"embeddable":true,"href":"https:\/\/escofetoliver.com\/es\/wp-json\/wp\/v2\/media\/29744"}],"wp:attachment":[{"href":"https:\/\/escofetoliver.com\/es\/wp-json\/wp\/v2\/media?parent=29747"}],"wp:term":[{"taxonomy":"product_brand","embeddable":true,"href":"https:\/\/escofetoliver.com\/es\/wp-json\/wp\/v2\/product_brand?post=29747"},{"taxonomy":"product_cat","embeddable":true,"href":"https:\/\/escofetoliver.com\/es\/wp-json\/wp\/v2\/product_cat?post=29747"},{"taxonomy":"product_tag","embeddable":true,"href":"https:\/\/escofetoliver.com\/es\/wp-json\/wp\/v2\/product_tag?post=29747"}],"curies":[{"name":"wp","href":"https:\/\/api.w.org\/{rel}","templated":true}]}}