{"id":29731,"date":"2021-02-23T11:03:23","date_gmt":"2021-02-23T10:03:23","guid":{"rendered":"http:\/\/carnescofetacasa.com\/Producte\/iogurt-melmelada-aranyons-ubach\/"},"modified":"2023-07-25T09:49:21","modified_gmt":"2023-07-25T07:49:21","slug":"iogurt-melmelada-aranyons-ubach","status":"publish","type":"product","link":"https:\/\/escofetoliver.com\/es\/tienda\/quesos-yogures\/yogur\/iogurt-melmelada-aranyons-ubach\/","title":{"rendered":"Yogur de mermelada de ar\u00e1ndanos Ubach &#8211; 125 g"},"content":{"rendered":"<p>Yogur de leche pasteurizada y mermelada de ar\u00e1ndanos natural. Elaborado de forma artesanal por los maestros especialistas en l\u00e1cticos de Ubach Formatgers (a Vic).<\/p>\n<p><strong>Al\u00e9rgenos<\/strong>: Derivados de la LECHE.<\/p>\n<p><strong>Ingredientes<\/strong>:<\/p>\n<p>Leche pasteuritzada de vaca, leche en polvo descremada, fermentos l\u00e1cticos, mermelada de ar\u00e1ndanos (8%) y az\u00facar.<\/p>\n<p><strong>Caducidad<\/strong>: Viene en el envase.<\/p>\n","protected":false},"excerpt":{"rendered":"<p>Envase de yogur de mermelada de ar\u00e1ndanos de 125\u202fg por unidad.<\/p>\n","protected":false},"featured_media":54589,"comment_status":"open","ping_status":"closed","template":"","meta":{"_acf_changed":false},"product_brand":[],"product_cat":[5862,5916],"product_tag":[8105,8113,8114,8117,7495,8118,8094,8119,8095,8120,8096,8129,8097,8135,8098,8103],"class_list":{"0":"post-29731","1":"product","2":"type-product","3":"status-publish","4":"has-post-thumbnail","6":"product_cat-quesos-yogures","7":"product_cat-yogur","8":"product_tag-lacteos-es","9":"product_tag-pasteuritzada-es","10":"product_tag-postres-es","11":"product_tag-melmelada-es","12":"product_tag-escofet-oliver-es","13":"product_tag-mermelada-es","14":"product_tag-yogur-es","15":"product_tag-sabores-es","16":"product_tag-iogurt-es","17":"product_tag-frutas-es","18":"product_tag-llet-es","19":"product_tag-frutos-secos-es","20":"product_tag-leche-es","21":"product_tag-fruits-secs-es","22":"product_tag-vaca-es","23":"product_tag-postre-es","24":"product_shipping_class-entrega-en-domicilio","25":"pa_promotional-no-es-2","27":"first","28":"instock","29":"taxable","30":"shipping-taxable","31":"purchasable","32":"product-type-simple"},"acf":[],"_links":{"self":[{"href":"https:\/\/escofetoliver.com\/es\/wp-json\/wp\/v2\/product\/29731","targetHints":{"allow":["GET"]}}],"collection":[{"href":"https:\/\/escofetoliver.com\/es\/wp-json\/wp\/v2\/product"}],"about":[{"href":"https:\/\/escofetoliver.com\/es\/wp-json\/wp\/v2\/types\/product"}],"replies":[{"embeddable":true,"href":"https:\/\/escofetoliver.com\/es\/wp-json\/wp\/v2\/comments?post=29731"}],"wp:featuredmedia":[{"embeddable":true,"href":"https:\/\/escofetoliver.com\/es\/wp-json\/wp\/v2\/media\/54589"}],"wp:attachment":[{"href":"https:\/\/escofetoliver.com\/es\/wp-json\/wp\/v2\/media?parent=29731"}],"wp:term":[{"taxonomy":"product_brand","embeddable":true,"href":"https:\/\/escofetoliver.com\/es\/wp-json\/wp\/v2\/product_brand?post=29731"},{"taxonomy":"product_cat","embeddable":true,"href":"https:\/\/escofetoliver.com\/es\/wp-json\/wp\/v2\/product_cat?post=29731"},{"taxonomy":"product_tag","embeddable":true,"href":"https:\/\/escofetoliver.com\/es\/wp-json\/wp\/v2\/product_tag?post=29731"}],"curies":[{"name":"wp","href":"https:\/\/api.w.org\/{rel}","templated":true}]}}