{"id":29727,"date":"2021-02-23T10:56:14","date_gmt":"2021-02-23T09:56:14","guid":{"rendered":"http:\/\/carnescofetacasa.com\/Producte\/iogurt-melmelada-llimona-ubach\/"},"modified":"2023-07-25T09:49:27","modified_gmt":"2023-07-25T07:49:27","slug":"iogurt-melmelada-llimona-ubach","status":"publish","type":"product","link":"https:\/\/escofetoliver.com\/es\/tienda\/quesos-yogures\/yogur\/iogurt-melmelada-llimona-ubach\/","title":{"rendered":"Yogur de mermelada de lim\u00f3n Ubach &#8211; 125 g"},"content":{"rendered":"<p>Yogur de leche pasteurizada y mermelada de lim\u00f3n natural. Elaborado de forma artesanal por los maestros especialistas en l\u00e1cticos de Ubach Formatgers (a Vic).<\/p>\n<p><strong>Al\u00e9rgenos:<\/strong> Derivados de la LECHE.<\/p>\n<p><strong>Ingredientes:<\/strong><\/p>\n<p><span>Leche pasteuritzada de vaca, az\u00facar, <\/span><span>leche en polvo desnatada, fermentos l\u00e1cticos <\/span><span>y mermelada de lim\u00f3n natural (8%).\u00a0<\/span><\/p>\n<p><strong>Caducidad<\/strong>: Viene en el envase.<\/p>\n","protected":false},"excerpt":{"rendered":"<p>Envase de yogur de mermelada de lim\u00f3n natural de 125\u202fg por unidad.<\/p>\n","protected":false},"featured_media":54581,"comment_status":"open","ping_status":"closed","template":"","meta":{"_acf_changed":false},"product_brand":[],"product_cat":[5862,5916],"product_tag":[8098,8103,8113,8114,8117,8118,7495,8119,8094,8120,8095,8096,8097],"class_list":{"0":"post-29727","1":"product","2":"type-product","3":"status-publish","4":"has-post-thumbnail","6":"product_cat-quesos-yogures","7":"product_cat-yogur","8":"product_tag-vaca-es","9":"product_tag-postre-es","10":"product_tag-pasteuritzada-es","11":"product_tag-postres-es","12":"product_tag-melmelada-es","13":"product_tag-mermelada-es","14":"product_tag-escofet-oliver-es","15":"product_tag-sabores-es","16":"product_tag-yogur-es","17":"product_tag-frutas-es","18":"product_tag-iogurt-es","19":"product_tag-llet-es","20":"product_tag-leche-es","21":"product_shipping_class-entrega-en-domicilio","22":"pa_promotional-no-es-2","24":"first","25":"instock","26":"taxable","27":"shipping-taxable","28":"purchasable","29":"product-type-simple"},"acf":[],"_links":{"self":[{"href":"https:\/\/escofetoliver.com\/es\/wp-json\/wp\/v2\/product\/29727","targetHints":{"allow":["GET"]}}],"collection":[{"href":"https:\/\/escofetoliver.com\/es\/wp-json\/wp\/v2\/product"}],"about":[{"href":"https:\/\/escofetoliver.com\/es\/wp-json\/wp\/v2\/types\/product"}],"replies":[{"embeddable":true,"href":"https:\/\/escofetoliver.com\/es\/wp-json\/wp\/v2\/comments?post=29727"}],"wp:featuredmedia":[{"embeddable":true,"href":"https:\/\/escofetoliver.com\/es\/wp-json\/wp\/v2\/media\/54581"}],"wp:attachment":[{"href":"https:\/\/escofetoliver.com\/es\/wp-json\/wp\/v2\/media?parent=29727"}],"wp:term":[{"taxonomy":"product_brand","embeddable":true,"href":"https:\/\/escofetoliver.com\/es\/wp-json\/wp\/v2\/product_brand?post=29727"},{"taxonomy":"product_cat","embeddable":true,"href":"https:\/\/escofetoliver.com\/es\/wp-json\/wp\/v2\/product_cat?post=29727"},{"taxonomy":"product_tag","embeddable":true,"href":"https:\/\/escofetoliver.com\/es\/wp-json\/wp\/v2\/product_tag?post=29727"}],"curies":[{"name":"wp","href":"https:\/\/api.w.org\/{rel}","templated":true}]}}