{"id":29682,"date":"2021-02-10T10:50:22","date_gmt":"2021-02-10T09:50:22","guid":{"rendered":"http:\/\/carnescofetacasa.com\/Producte\/sardines-serrats\/"},"modified":"2025-02-11T09:39:27","modified_gmt":"2025-02-11T08:39:27","slug":"sardines-serrats","status":"publish","type":"product","link":"https:\/\/escofetoliver.com\/es\/tienda\/despensa\/conservas-aperitivos\/sardines-serrats\/","title":{"rendered":"Sardinillas en aceite de oliva Serrats &#8211; Lata &#8211; 115 g"},"content":{"rendered":"<p><span>Sardinas en lata de 115 g, cubiertas de aceite de oliva seleccionado y con un toque de\u00a0<\/span><span>guinidlla<\/span><span>. De\u00a0<\/span><span>Conservas<\/span><span>\u00a0Serrats.<\/span><\/p>\n<p><span>Seleccionadas entre los mejores ejemplares, las sardinas son peque\u00f1as, de gran calidad, cortadas y sin cabeza. Limpiadas a mano, cocidas al vapor y conservadas al aceite de oliva. Con olor y sabor intenso, son ricos en vitamina B12, vitaminas A, D, K y E, prote\u00ednas, sodio, f\u00f3sforo, yodo, calcio y \u00e1cidos grasos omega-3 y \u00e1cido oleico, este producto garantiza un alto valor nutritivo.<\/span><\/p>\n<p>&nbsp;<\/p>\n<p>&nbsp;<\/p>\n","protected":false},"excerpt":{"rendered":"<p>Lata de sardinillas con 16\/20 piezas. El peso neto es 115 g y 81 g el peso escurrido.<\/p>\n","protected":false},"featured_media":53123,"comment_status":"open","ping_status":"closed","template":"","meta":{"_acf_changed":false},"product_brand":[],"product_cat":[5866,5902],"product_tag":[],"class_list":{"0":"post-29682","1":"product","2":"type-product","3":"status-publish","4":"has-post-thumbnail","6":"product_cat-despensa","7":"product_cat-conservas-aperitivos","8":"product_shipping_class-entrega-en-domicilio","9":"pa_promotional-no-es-2","11":"first","12":"instock","13":"taxable","14":"shipping-taxable","15":"purchasable","16":"product-type-simple"},"acf":[],"_links":{"self":[{"href":"https:\/\/escofetoliver.com\/es\/wp-json\/wp\/v2\/product\/29682","targetHints":{"allow":["GET"]}}],"collection":[{"href":"https:\/\/escofetoliver.com\/es\/wp-json\/wp\/v2\/product"}],"about":[{"href":"https:\/\/escofetoliver.com\/es\/wp-json\/wp\/v2\/types\/product"}],"replies":[{"embeddable":true,"href":"https:\/\/escofetoliver.com\/es\/wp-json\/wp\/v2\/comments?post=29682"}],"wp:featuredmedia":[{"embeddable":true,"href":"https:\/\/escofetoliver.com\/es\/wp-json\/wp\/v2\/media\/53123"}],"wp:attachment":[{"href":"https:\/\/escofetoliver.com\/es\/wp-json\/wp\/v2\/media?parent=29682"}],"wp:term":[{"taxonomy":"product_brand","embeddable":true,"href":"https:\/\/escofetoliver.com\/es\/wp-json\/wp\/v2\/product_brand?post=29682"},{"taxonomy":"product_cat","embeddable":true,"href":"https:\/\/escofetoliver.com\/es\/wp-json\/wp\/v2\/product_cat?post=29682"},{"taxonomy":"product_tag","embeddable":true,"href":"https:\/\/escofetoliver.com\/es\/wp-json\/wp\/v2\/product_tag?post=29682"}],"curies":[{"name":"wp","href":"https:\/\/api.w.org\/{rel}","templated":true}]}}