{"id":29672,"date":"2021-02-10T06:36:29","date_gmt":"2021-02-10T06:36:29","guid":{"rendered":"http:\/\/carnescofetacasa.com\/Producte\/musclos-escabetx\/"},"modified":"2025-02-11T09:52:47","modified_gmt":"2025-02-11T08:52:47","slug":"musclos-escabetx","status":"publish","type":"product","link":"https:\/\/escofetoliver.com\/es\/tienda\/despensa\/conservas-aperitivos\/musclos-escabetx\/","title":{"rendered":"Mejillones extra grandes en escabeche Serrats &#8211; Lata &#8211; 110 g"},"content":{"rendered":"<p data-pm-slice=\"1 1 []\"><span>En Conservas Serrats seleccionan los mejores mejillones grandes de las R\u00edas Gallegas, en su punto \u00f3ptimo de maduraci\u00f3n. Una <\/span><span>delicatessen<\/span><span> con aroma de mar y el sabor tradicional del escabeche.<\/span><\/p>\n<p><span>Los mejillones se limpian y se sirven en la lata con una salsa de escabeche cuidadosa y justa en cantidad. Con un alto porcentaje de prote\u00ednas (20,15 g por cada 100 g), son ideales para dietas deportivas y pueden ser utilizadas en varias recetas de pescado o como un excelente aperitivo.<\/span><\/p>\n","protected":false},"excerpt":{"rendered":"<p>Lata de mejillones con 8\/12 piezas. El peso neto es 110 g y el peso escurrido es de 70 g.<\/p>\n","protected":false},"featured_media":53125,"comment_status":"open","ping_status":"closed","template":"","meta":{"_acf_changed":false},"product_brand":[],"product_cat":[5866,5902],"product_tag":[],"class_list":{"0":"post-29672","1":"product","2":"type-product","3":"status-publish","4":"has-post-thumbnail","6":"product_cat-despensa","7":"product_cat-conservas-aperitivos","8":"product_shipping_class-entrega-en-domicilio","9":"pa_promotional-no-es-2","11":"first","12":"instock","13":"taxable","14":"shipping-taxable","15":"purchasable","16":"product-type-simple"},"acf":[],"_links":{"self":[{"href":"https:\/\/escofetoliver.com\/es\/wp-json\/wp\/v2\/product\/29672","targetHints":{"allow":["GET"]}}],"collection":[{"href":"https:\/\/escofetoliver.com\/es\/wp-json\/wp\/v2\/product"}],"about":[{"href":"https:\/\/escofetoliver.com\/es\/wp-json\/wp\/v2\/types\/product"}],"replies":[{"embeddable":true,"href":"https:\/\/escofetoliver.com\/es\/wp-json\/wp\/v2\/comments?post=29672"}],"wp:featuredmedia":[{"embeddable":true,"href":"https:\/\/escofetoliver.com\/es\/wp-json\/wp\/v2\/media\/53125"}],"wp:attachment":[{"href":"https:\/\/escofetoliver.com\/es\/wp-json\/wp\/v2\/media?parent=29672"}],"wp:term":[{"taxonomy":"product_brand","embeddable":true,"href":"https:\/\/escofetoliver.com\/es\/wp-json\/wp\/v2\/product_brand?post=29672"},{"taxonomy":"product_cat","embeddable":true,"href":"https:\/\/escofetoliver.com\/es\/wp-json\/wp\/v2\/product_cat?post=29672"},{"taxonomy":"product_tag","embeddable":true,"href":"https:\/\/escofetoliver.com\/es\/wp-json\/wp\/v2\/product_tag?post=29672"}],"curies":[{"name":"wp","href":"https:\/\/api.w.org\/{rel}","templated":true}]}}