{"id":29668,"date":"2021-02-10T06:15:31","date_gmt":"2021-02-10T05:15:31","guid":{"rendered":"http:\/\/carnescofetacasa.com\/Producte\/ventresca-tonyina\/"},"modified":"2025-02-11T10:05:58","modified_gmt":"2025-02-11T09:05:58","slug":"ventresca-tonyina","status":"publish","type":"product","link":"https:\/\/escofetoliver.com\/es\/tienda\/despensa\/conservas-aperitivos\/ventresca-tonyina\/","title":{"rendered":"Ventresca de at\u00fan claro en aceite de oliva Serrats &#8211; Envase &#8211; 115 G"},"content":{"rendered":"<p><span>Filetes de ventresca de at\u00fan claro, cubiertas con aceite de oliva y prensados en envase met\u00e1lico. Seleccionados por Conservas Serrats. Un aut\u00e9ntico lujo dentro de las conservas de at\u00fan, bonito del norte&#8230;<\/span><\/p>\n<p><span>Una vez se seleccionan los mejores ejemplares, pasan por un proceso de cocci\u00f3n, y despu\u00e9s se envasan de manera artesanal. Para la elaboraci\u00f3n de esta lata se usa la parte de textura m\u00e1s suave y delicada del at\u00fan. Rica en prote\u00ednas y con un bajo contenido en grasas saturadas, es una excelente fuente de vitamina D, \u00e1cidos grasos omega-3, y minerales (selenio, el yodo y f\u00f3sforo). Aporta beneficios para la salud cardiovascular y es ideal para una dieta equilibrada.<\/span><\/p>\n<p>&nbsp;<\/p>\n<p>&nbsp;<\/p>\n","protected":false},"excerpt":{"rendered":"<p>Lata de ventresca. El peso neto es 115 g y 81 g el peso escurrido.<\/p>\n","protected":false},"featured_media":53137,"comment_status":"open","ping_status":"closed","template":"","meta":{"_acf_changed":false},"product_brand":[],"product_cat":[5866,5902],"product_tag":[],"class_list":{"0":"post-29668","1":"product","2":"type-product","3":"status-publish","4":"has-post-thumbnail","6":"product_cat-despensa","7":"product_cat-conservas-aperitivos","8":"product_shipping_class-entrega-en-domicilio","9":"pa_promotional-no-es-2","11":"first","12":"instock","13":"taxable","14":"shipping-taxable","15":"purchasable","16":"product-type-simple"},"acf":[],"_links":{"self":[{"href":"https:\/\/escofetoliver.com\/es\/wp-json\/wp\/v2\/product\/29668","targetHints":{"allow":["GET"]}}],"collection":[{"href":"https:\/\/escofetoliver.com\/es\/wp-json\/wp\/v2\/product"}],"about":[{"href":"https:\/\/escofetoliver.com\/es\/wp-json\/wp\/v2\/types\/product"}],"replies":[{"embeddable":true,"href":"https:\/\/escofetoliver.com\/es\/wp-json\/wp\/v2\/comments?post=29668"}],"wp:featuredmedia":[{"embeddable":true,"href":"https:\/\/escofetoliver.com\/es\/wp-json\/wp\/v2\/media\/53137"}],"wp:attachment":[{"href":"https:\/\/escofetoliver.com\/es\/wp-json\/wp\/v2\/media?parent=29668"}],"wp:term":[{"taxonomy":"product_brand","embeddable":true,"href":"https:\/\/escofetoliver.com\/es\/wp-json\/wp\/v2\/product_brand?post=29668"},{"taxonomy":"product_cat","embeddable":true,"href":"https:\/\/escofetoliver.com\/es\/wp-json\/wp\/v2\/product_cat?post=29668"},{"taxonomy":"product_tag","embeddable":true,"href":"https:\/\/escofetoliver.com\/es\/wp-json\/wp\/v2\/product_tag?post=29668"}],"curies":[{"name":"wp","href":"https:\/\/api.w.org\/{rel}","templated":true}]}}