{"id":29572,"date":"2022-11-22T11:44:25","date_gmt":"2022-11-22T10:44:25","guid":{"rendered":"http:\/\/carnescofetacasa.com\/?post_type=product&#038;p=29572"},"modified":"2025-12-03T10:18:58","modified_gmt":"2025-12-03T09:18:58","slug":"paletilla-5-jotas-2","status":"publish","type":"product","link":"https:\/\/escofetoliver.com\/es\/tienda\/embutidos\/pieza-entera\/paletilla-5-jotas-2\/","title":{"rendered":"Paletilla 5 JOTAS aprox 5 kg"},"content":{"rendered":"<p><span>La paletilla Ib\u00e9rica 5 Jotas 100% de bellota es uno de los productos m\u00e1s reconocidos de nuestro pa\u00eds, de cerdo 100% criado a base de bellota. Con un aroma y sabor intensos y plenos de los matices especiales del bellota del 5 Jotas.<\/span><\/p>\n<p>&nbsp;<\/p>\n","protected":false},"excerpt":{"rendered":"<p>Paletilla entera de bellota. 100%\u00a0 de raza ib\u00e9rica. Pesa unos 5 kg aproximadamente.<\/p>\n<p>&nbsp;<\/p>\n","protected":false},"featured_media":52483,"comment_status":"open","ping_status":"closed","template":"","meta":{"_acf_changed":false},"product_brand":[],"product_cat":[8667],"product_tag":[8078],"class_list":{"0":"post-29572","1":"product","2":"type-product","3":"status-publish","4":"has-post-thumbnail","6":"product_cat-pieza-entera","7":"product_tag-paleta-5-jotas-online-es","8":"product_shipping_class-entrega-en-domicilio","9":"pa_caracteristicas-apte_celiacs_cast-es","10":"pa_promotional-no-es-2","12":"first","13":"instock","14":"taxable","15":"shipping-taxable","16":"purchasable","17":"product-type-simple"},"acf":[],"_links":{"self":[{"href":"https:\/\/escofetoliver.com\/es\/wp-json\/wp\/v2\/product\/29572","targetHints":{"allow":["GET"]}}],"collection":[{"href":"https:\/\/escofetoliver.com\/es\/wp-json\/wp\/v2\/product"}],"about":[{"href":"https:\/\/escofetoliver.com\/es\/wp-json\/wp\/v2\/types\/product"}],"replies":[{"embeddable":true,"href":"https:\/\/escofetoliver.com\/es\/wp-json\/wp\/v2\/comments?post=29572"}],"wp:featuredmedia":[{"embeddable":true,"href":"https:\/\/escofetoliver.com\/es\/wp-json\/wp\/v2\/media\/52483"}],"wp:attachment":[{"href":"https:\/\/escofetoliver.com\/es\/wp-json\/wp\/v2\/media?parent=29572"}],"wp:term":[{"taxonomy":"product_brand","embeddable":true,"href":"https:\/\/escofetoliver.com\/es\/wp-json\/wp\/v2\/product_brand?post=29572"},{"taxonomy":"product_cat","embeddable":true,"href":"https:\/\/escofetoliver.com\/es\/wp-json\/wp\/v2\/product_cat?post=29572"},{"taxonomy":"product_tag","embeddable":true,"href":"https:\/\/escofetoliver.com\/es\/wp-json\/wp\/v2\/product_tag?post=29572"}],"curies":[{"name":"wp","href":"https:\/\/api.w.org\/{rel}","templated":true}]}}