{"id":29528,"date":"2020-10-08T11:40:13","date_gmt":"2020-10-08T11:40:13","guid":{"rendered":"http:\/\/carnescofetacasa.com\/Producte\/jose-pariente\/"},"modified":"2024-10-31T10:54:10","modified_gmt":"2024-10-31T09:54:10","slug":"jose-pariente","status":"publish","type":"product","link":"https:\/\/escofetoliver.com\/es\/tienda\/despensa\/vinos-cavas\/jose-pariente\/","title":{"rendered":"Jos\u00e9 Pariente &#8211; 75 CL"},"content":{"rendered":"<p>Un vino insignia de la casa\u00a0<strong>Jos\u00e9 Pariente<\/strong>. Combina la mejor uva cultivada por la familia Pariente con una selecci\u00f3n de uva antigua de peque\u00f1os vi\u00f1edos con larga trayectoria y tradici\u00f3n.<\/p>\n<p>Es la expresi\u00f3n mas fresca y elegante de su ic\u00f3nico verdejo. Se caracteriza por su untuosidad y elegancia, que se puede notar ya en el aroma. Un aroma marcado por la madurez de la uva con toques de fruta ex\u00f3tica y c\u00edtricos, sin perder la ensencia de hierbas del verdejo, que deja una presencia equilibrada, fresca y de regusto final amargo en nuestra boca.<\/p>\n<p>Vino blanco con\u00a0<strong>Denominaci\u00f3 de origen de Rueda<\/strong>.<\/p>\n<p><strong>Variedad<\/strong>: 100% Verdejo.<\/p>\n<p><strong>Alcohol<\/strong>: 13% vol.<strong> Al\u00e9rgenos<\/strong>: SULFITOS.<\/p>\n<p>&nbsp;<\/p>\n","protected":false},"excerpt":{"rendered":"<p>Un verdejo elaborado en las vi\u00f1as <strong>Jos\u00e9 Pariente<\/strong> y otras viejas vi\u00f1as de peque\u00f1os viticultores.<br \/>\nEs un vino indicado para aperitivos o platos de pescado, mariscos, pastas, arroces y carnes blancas. Combina bien con ahumados, quesos suaves y jam\u00f3n serrano.<\/p>\n<p><span style=\"font-size: 8pt;\"><strong>*Prohibida la venta de productos alcoh\u00f3licos para menores de 18 a\u00f1os.<\/strong><\/span><\/p>\n","protected":false},"featured_media":53346,"comment_status":"open","ping_status":"closed","template":"","meta":{"_acf_changed":false},"product_brand":[],"product_cat":[5866,5934],"product_tag":[7495,8035,8037],"class_list":{"0":"post-29528","1":"product","2":"type-product","3":"status-publish","4":"has-post-thumbnail","6":"product_cat-despensa","7":"product_cat-vinos-cavas","8":"product_tag-escofet-oliver-es","9":"product_tag-jose-pariente-es","10":"product_tag-venta-carn-barcelona-online-es","11":"pa_promotional-no-es-2","13":"first","14":"instock","15":"taxable","16":"shipping-taxable","17":"purchasable","18":"product-type-simple"},"acf":[],"_links":{"self":[{"href":"https:\/\/escofetoliver.com\/es\/wp-json\/wp\/v2\/product\/29528","targetHints":{"allow":["GET"]}}],"collection":[{"href":"https:\/\/escofetoliver.com\/es\/wp-json\/wp\/v2\/product"}],"about":[{"href":"https:\/\/escofetoliver.com\/es\/wp-json\/wp\/v2\/types\/product"}],"replies":[{"embeddable":true,"href":"https:\/\/escofetoliver.com\/es\/wp-json\/wp\/v2\/comments?post=29528"}],"wp:featuredmedia":[{"embeddable":true,"href":"https:\/\/escofetoliver.com\/es\/wp-json\/wp\/v2\/media\/53346"}],"wp:attachment":[{"href":"https:\/\/escofetoliver.com\/es\/wp-json\/wp\/v2\/media?parent=29528"}],"wp:term":[{"taxonomy":"product_brand","embeddable":true,"href":"https:\/\/escofetoliver.com\/es\/wp-json\/wp\/v2\/product_brand?post=29528"},{"taxonomy":"product_cat","embeddable":true,"href":"https:\/\/escofetoliver.com\/es\/wp-json\/wp\/v2\/product_cat?post=29528"},{"taxonomy":"product_tag","embeddable":true,"href":"https:\/\/escofetoliver.com\/es\/wp-json\/wp\/v2\/product_tag?post=29528"}],"curies":[{"name":"wp","href":"https:\/\/api.w.org\/{rel}","templated":true}]}}