{"id":29514,"date":"2020-07-23T14:21:04","date_gmt":"2020-07-23T14:21:04","guid":{"rendered":"http:\/\/carnescofetacasa.com\/Producte\/olives-negres\/"},"modified":"2023-05-23T10:15:41","modified_gmt":"2023-05-23T08:15:41","slug":"olives-negres","status":"publish","type":"product","link":"https:\/\/escofetoliver.com\/es\/tienda\/despensa\/conservas-aperitivos\/olives-negres\/","title":{"rendered":"Aceitunas negras del Bajo Arag\u00f3n Casa Amella &#8211; 220 g"},"content":{"rendered":"<p>Aceitunas recolectadas en su tiempo \u00f3ptimo de maduraci\u00f3n natural. Les a\u00f1aden hierbas arom\u00e1ticas y sal.<br \/>\nProducidas en Sevilla y de calidad Extra.<br \/>\nCasa Amella es una empresa familiar de productos alimenticios ubicada en Art\u00e9s (Bages) con obsesi\u00f3n de contribuir a una alimentaci\u00f3n m\u00e1s sana, segura, sostenible y con todos los valores de la dieta mediterr\u00e1nea.<\/p>\n<p>&nbsp;<\/p>\n<p>&nbsp;<\/p>\n<p><strong>Ingredientes<\/strong><\/p>\n<p>Aceitunas negras del Bajo Arag\u00f3n, sal marina y * hierbas arom\u00e1ticas. *De agricultura ecol\u00f3gica.<\/p>\n<p><strong>Al\u00e9rgenos<\/strong> No contiene al\u00e9rgenos y es bajo en sal.<\/p>\n<p><strong>Conservaci\u00f3n<\/strong> Conservar en lugar seco y fresco. No necesita frio. Una vez abierto conservar entre 2\u00ba y 4\u00ba.<\/p>\n","protected":false},"excerpt":{"rendered":"<p>Envase vidrio de 220 g Peso Escurrido<\/p>\n","protected":false},"featured_media":39285,"comment_status":"open","ping_status":"closed","template":"","meta":{"_acf_changed":false},"product_brand":[],"product_cat":[5866,5902],"product_tag":[8025,8026,8028,8647],"class_list":{"0":"post-29514","1":"product","2":"type-product","3":"status-publish","4":"has-post-thumbnail","6":"product_cat-despensa","7":"product_cat-conservas-aperitivos","8":"product_tag-compra-olives-negres-casa-amella-es","9":"product_tag-compra-aceitunas-casa-amella-online-es","10":"product_tag-olives-negres-arago-escofet-online-es","11":"product_tag-sin-gluten-es-2","12":"product_shipping_class-entrega-en-domicilio","13":"pa_promotional-no-es-2","15":"first","16":"instock","17":"taxable","18":"shipping-taxable","19":"purchasable","20":"product-type-simple"},"acf":[],"_links":{"self":[{"href":"https:\/\/escofetoliver.com\/es\/wp-json\/wp\/v2\/product\/29514","targetHints":{"allow":["GET"]}}],"collection":[{"href":"https:\/\/escofetoliver.com\/es\/wp-json\/wp\/v2\/product"}],"about":[{"href":"https:\/\/escofetoliver.com\/es\/wp-json\/wp\/v2\/types\/product"}],"replies":[{"embeddable":true,"href":"https:\/\/escofetoliver.com\/es\/wp-json\/wp\/v2\/comments?post=29514"}],"wp:featuredmedia":[{"embeddable":true,"href":"https:\/\/escofetoliver.com\/es\/wp-json\/wp\/v2\/media\/39285"}],"wp:attachment":[{"href":"https:\/\/escofetoliver.com\/es\/wp-json\/wp\/v2\/media?parent=29514"}],"wp:term":[{"taxonomy":"product_brand","embeddable":true,"href":"https:\/\/escofetoliver.com\/es\/wp-json\/wp\/v2\/product_brand?post=29514"},{"taxonomy":"product_cat","embeddable":true,"href":"https:\/\/escofetoliver.com\/es\/wp-json\/wp\/v2\/product_cat?post=29514"},{"taxonomy":"product_tag","embeddable":true,"href":"https:\/\/escofetoliver.com\/es\/wp-json\/wp\/v2\/product_tag?post=29514"}],"curies":[{"name":"wp","href":"https:\/\/api.w.org\/{rel}","templated":true}]}}