{"id":29510,"date":"2020-07-23T14:15:58","date_gmt":"2020-07-23T14:15:58","guid":{"rendered":"http:\/\/carnescofetacasa.com\/Producte\/olives-mancanilla\/"},"modified":"2024-01-03T15:39:56","modified_gmt":"2024-01-03T14:39:56","slug":"olives-mancanilla","status":"publish","type":"product","link":"https:\/\/escofetoliver.com\/es\/tienda\/despensa\/conservas-aperitivos\/olives-mancanilla\/","title":{"rendered":"Aceitunas manzanilla Casa Amella &#8211; 220 g"},"content":{"rendered":"<p>Aceitunas recolectadas en su tiempo \u00f3ptimo de maduraci\u00f3n natural. Les a\u00f1aden hierbas arom\u00e1ticas y sal.<br \/>\nProducidas en Sevilla y de calidad Extra.<\/p>\n<p>Casa Amella es una empresa familiar de productos alimenticios ubicada en Art\u00e9s (Bages) con obsesi\u00f3n de contribuir a una alimentaci\u00f3n m\u00e1s sana, segura, sostenible y con todos los valores de la dieta mediterr\u00e1nea.<\/p>\n<p>&nbsp;<\/p>\n<p><strong>No contienen al\u00e9rgenos.<\/strong><\/p>\n","protected":false},"excerpt":{"rendered":"<p>Envase de vidrio con 220 g Peso escurrido.<\/p>\n","protected":false},"featured_media":39293,"comment_status":"open","ping_status":"closed","template":"","meta":{"_acf_changed":false},"product_brand":[],"product_cat":[5866,5902],"product_tag":[8024,8647,11067,11205,8021,8023],"class_list":{"0":"post-29510","1":"product","2":"type-product","3":"status-publish","4":"has-post-thumbnail","6":"product_cat-despensa","7":"product_cat-conservas-aperitivos","8":"product_tag-compra-olives-mancanilla-online-escofet-es","9":"product_tag-sin-gluten-es-2","10":"product_tag-prop-sanjuan-24","11":"product_tag-comete-el-verano","12":"product_tag-compra-olives-casa-amella-escofet-es","13":"product_tag-compra-olives-mancanilla-casa-amella-online-es","14":"product_shipping_class-entrega-en-domicilio","15":"pa_promotional-no-es-2","17":"first","18":"instock","19":"taxable","20":"shipping-taxable","21":"purchasable","22":"product-type-simple"},"acf":[],"_links":{"self":[{"href":"https:\/\/escofetoliver.com\/es\/wp-json\/wp\/v2\/product\/29510","targetHints":{"allow":["GET"]}}],"collection":[{"href":"https:\/\/escofetoliver.com\/es\/wp-json\/wp\/v2\/product"}],"about":[{"href":"https:\/\/escofetoliver.com\/es\/wp-json\/wp\/v2\/types\/product"}],"replies":[{"embeddable":true,"href":"https:\/\/escofetoliver.com\/es\/wp-json\/wp\/v2\/comments?post=29510"}],"wp:featuredmedia":[{"embeddable":true,"href":"https:\/\/escofetoliver.com\/es\/wp-json\/wp\/v2\/media\/39293"}],"wp:attachment":[{"href":"https:\/\/escofetoliver.com\/es\/wp-json\/wp\/v2\/media?parent=29510"}],"wp:term":[{"taxonomy":"product_brand","embeddable":true,"href":"https:\/\/escofetoliver.com\/es\/wp-json\/wp\/v2\/product_brand?post=29510"},{"taxonomy":"product_cat","embeddable":true,"href":"https:\/\/escofetoliver.com\/es\/wp-json\/wp\/v2\/product_cat?post=29510"},{"taxonomy":"product_tag","embeddable":true,"href":"https:\/\/escofetoliver.com\/es\/wp-json\/wp\/v2\/product_tag?post=29510"}],"curies":[{"name":"wp","href":"https:\/\/api.w.org\/{rel}","templated":true}]}}