{"id":29450,"date":"2020-07-02T14:32:33","date_gmt":"2020-07-02T12:32:33","guid":{"rendered":"http:\/\/carnescofetacasa.com\/Producte\/mantquilla-isigny-con-sal\/"},"modified":"2026-04-15T10:16:08","modified_gmt":"2026-04-15T08:16:08","slug":"mantquilla-isigny-con-sal","status":"publish","type":"product","link":"https:\/\/escofetoliver.com\/es\/tienda\/quesos-yogures\/mantequillas\/mantquilla-isigny-con-sal\/","title":{"rendered":"Mantequilla Isigny Ste M\u00e8re AOP con sal &#8211; 1 unidad &#8211; 250g"},"content":{"rendered":"<p>Nuestra mantequilla Isigny AOP (Denominaci\u00f3n de Origen Protegida) est\u00e1 hecha con el mayor respeto por la tradici\u00f3n y exclusivamente con leche Bessin y Cotentin. Hecho de las mejores cremas Isigny maduradas a la antigua usanza (de 4 a 6 h.) con la adici\u00f3n de sal, se distingue por su color incomparable, suavidad y notas dulces de leche.<\/p>\n<p><a href=\"http:\/\/www.isigny-ste-mere.com\/nos-beurres\/nos-beurres-doux\/\">http:\/\/www.isigny-ste-mere.com\/nos-beurres\/nos-beurres-doux\/&lt;a\/a&gt;<\/a><\/p>\n<p><strong>Al\u00e9rgenos<\/strong>: Derivados de la LECHE.<\/p>\n<p><strong>Ingredientes:<\/strong><\/p>\n<p><span>NATA de LECHE pasteurizada de vaca, sal,\u00a0<\/span><span>fermentos<\/span><span>\u00a0l\u00e1cticos.<\/span><\/p>\n<p><strong>Caducidad<\/strong>: 45 d\u00edas.<\/p>\n","protected":false},"excerpt":{"rendered":"<p>Envase de 250 g<\/p>\n","protected":false},"featured_media":39416,"comment_status":"open","ping_status":"closed","template":"","meta":{"_acf_changed":false},"product_brand":[],"product_cat":[5862,5912],"product_tag":[7960],"class_list":{"0":"post-29450","1":"product","2":"type-product","3":"status-publish","4":"has-post-thumbnail","6":"product_cat-quesos-yogures","7":"product_cat-mantequillas","8":"product_tag-mantequilla-isigny-es","9":"product_shipping_class-entrega-en-domicilio","10":"pa_caracteristicas-denom_origen_cast-es","11":"pa_promotional-no-es-2","13":"first","14":"instock","15":"taxable","16":"shipping-taxable","17":"purchasable","18":"product-type-simple"},"acf":[],"_links":{"self":[{"href":"https:\/\/escofetoliver.com\/es\/wp-json\/wp\/v2\/product\/29450","targetHints":{"allow":["GET"]}}],"collection":[{"href":"https:\/\/escofetoliver.com\/es\/wp-json\/wp\/v2\/product"}],"about":[{"href":"https:\/\/escofetoliver.com\/es\/wp-json\/wp\/v2\/types\/product"}],"replies":[{"embeddable":true,"href":"https:\/\/escofetoliver.com\/es\/wp-json\/wp\/v2\/comments?post=29450"}],"wp:featuredmedia":[{"embeddable":true,"href":"https:\/\/escofetoliver.com\/es\/wp-json\/wp\/v2\/media\/39416"}],"wp:attachment":[{"href":"https:\/\/escofetoliver.com\/es\/wp-json\/wp\/v2\/media?parent=29450"}],"wp:term":[{"taxonomy":"product_brand","embeddable":true,"href":"https:\/\/escofetoliver.com\/es\/wp-json\/wp\/v2\/product_brand?post=29450"},{"taxonomy":"product_cat","embeddable":true,"href":"https:\/\/escofetoliver.com\/es\/wp-json\/wp\/v2\/product_cat?post=29450"},{"taxonomy":"product_tag","embeddable":true,"href":"https:\/\/escofetoliver.com\/es\/wp-json\/wp\/v2\/product_tag?post=29450"}],"curies":[{"name":"wp","href":"https:\/\/api.w.org\/{rel}","templated":true}]}}