{"id":29390,"date":"2020-06-16T11:56:00","date_gmt":"2020-06-16T11:56:00","guid":{"rendered":"http:\/\/carnescofetacasa.com\/Producte\/safata-embotits\/"},"modified":"2025-09-15T10:27:16","modified_gmt":"2025-09-15T08:27:16","slug":"bandeja-embutido-iberico","status":"publish","type":"product","link":"https:\/\/escofetoliver.com\/es\/tienda\/embutidos\/bandejas-celebraciones\/bandeja-embutido-iberico\/","title":{"rendered":"Embutidos ib\u00e9ricos &#8211; Bandeja para 4 o 5 personas &#8211; 400 g"},"content":{"rendered":"<p>En esta bandeja encontrar\u00e1s una selecci\u00f3n de embutido ib\u00e9rico artesanal y de proximidad para compartir en ocasiones especiales. La bandeja contiene: Butifarra de perol cortado, lomo embuchado de bellota, chorizo ib\u00e9rico y Didales de secallona.<\/p>\n","protected":false},"excerpt":{"rendered":"<p>Esta es una bandeja, para 4 o 5 personas, con:<\/p>\n<p>100 g de paletilla ib\u00e9rica<\/p>\n<p>100 g de lomo ib\u00e9rico de bellota<\/p>\n<p>100 g de chorizo ib\u00e9rico<\/p>\n<p>100 g de longaniza ib\u00e9rica de bellota.<\/p>\n<p>&nbsp;<\/p>\n","protected":false},"featured_media":51680,"comment_status":"open","ping_status":"closed","template":"","meta":{"_acf_changed":false},"product_brand":[],"product_cat":[5860,5944],"product_tag":[7495,7535,8744,11187],"class_list":{"0":"post-29390","1":"product","2":"type-product","3":"status-publish","4":"has-post-thumbnail","6":"product_cat-embutidos","7":"product_cat-bandejas-celebraciones","8":"product_tag-escofet-oliver-es","9":"product_tag-carnisseria-online-es","10":"product_tag-xoric-es","11":"product_tag-bandejas-sant-joan","12":"pa_promotional-no-es-2","14":"first","15":"instock","16":"taxable","17":"shipping-taxable","18":"purchasable","19":"product-type-simple"},"acf":[],"_links":{"self":[{"href":"https:\/\/escofetoliver.com\/es\/wp-json\/wp\/v2\/product\/29390","targetHints":{"allow":["GET"]}}],"collection":[{"href":"https:\/\/escofetoliver.com\/es\/wp-json\/wp\/v2\/product"}],"about":[{"href":"https:\/\/escofetoliver.com\/es\/wp-json\/wp\/v2\/types\/product"}],"replies":[{"embeddable":true,"href":"https:\/\/escofetoliver.com\/es\/wp-json\/wp\/v2\/comments?post=29390"}],"wp:featuredmedia":[{"embeddable":true,"href":"https:\/\/escofetoliver.com\/es\/wp-json\/wp\/v2\/media\/51680"}],"wp:attachment":[{"href":"https:\/\/escofetoliver.com\/es\/wp-json\/wp\/v2\/media?parent=29390"}],"wp:term":[{"taxonomy":"product_brand","embeddable":true,"href":"https:\/\/escofetoliver.com\/es\/wp-json\/wp\/v2\/product_brand?post=29390"},{"taxonomy":"product_cat","embeddable":true,"href":"https:\/\/escofetoliver.com\/es\/wp-json\/wp\/v2\/product_cat?post=29390"},{"taxonomy":"product_tag","embeddable":true,"href":"https:\/\/escofetoliver.com\/es\/wp-json\/wp\/v2\/product_tag?post=29390"}],"curies":[{"name":"wp","href":"https:\/\/api.w.org\/{rel}","templated":true}]}}