{"id":29386,"date":"2020-06-16T11:37:24","date_gmt":"2020-06-16T11:37:24","guid":{"rendered":"http:\/\/carnescofetacasa.com\/Producte\/safata-formatges\/"},"modified":"2025-09-15T10:27:04","modified_gmt":"2025-09-15T08:27:04","slug":"bandeja-quesos","status":"publish","type":"product","link":"https:\/\/escofetoliver.com\/es\/tienda\/embutidos\/bandejas-celebraciones\/bandeja-quesos\/","title":{"rendered":"Quesos &#8211; Bandeja para 5 o 6 personas &#8211; 500 g"},"content":{"rendered":"<p><span>En esta selecci\u00f3n hemos incluido una variedad de quesos, todos de categor\u00eda, para celebrar un encuentro con amigos o fechas importantes.<\/span><\/p>\n<p><span>Aqu\u00ed encontrar\u00e1s los siguientes quesos: <\/span><span class=\"hiddenSpellError\" onkeypress=\"MORFOLOGIK_RULE_CA_ES---#---undefined---#---Possible error ortogr\u00e0fic.---#---Milton#Est\u00edlion#T\u00edlion#Tillot#Till\u00f3#Billon#Tillol#Hilton---#---Stilton\">Stilton<\/span> ingl\u00e9s de oveja, <span class=\"hiddenSpellError\" onkeypress=\"MORFOLOGIK_RULE_CA_ES---#---undefined---#---Possible error ortogr\u00e0fic.---#---T\u00e9-te#Teta#Tete#Tota#Tema#Teva#Feta#Tele#Teua#Neta#Eta#Tela#Tieta#Tena#Meta#Set\u00e8#Treta#Beta#N\u00e9ta#Tata#Teca#Testa#Veta#Peta#Det\u00e9#Ret\u00e9#Seta#Tetes#Zeta#Pete#Tet#Teia#Tita#Reta#Vete#S\u00e8te#Tere#Tiet\u00ea#Xeta#Bet\u00e9#Cet\u00e8#Cet\u00e9#Et\u00e8#Et\u00e9#Met\u00e9#Set\u00e9#Teba#Tem\u00e9#Tera#Tesa#Tese#Teste#Tets#Theta#Tite#Tuta#T\u00e8tan---#---T\u00eate\">T\u00eate<\/span> de <span class=\"hiddenSpellError\" onkeypress=\"MORFOLOGIK_RULE_CA_ES---#---undefined---#---Possible error ortogr\u00e0fic.---#---mo\u00efna#quina#cuina#mona#mina#molina#ru\u00efna#Roine#boina#amo\u00efna#moixa#roina#ro\u00efna#mine#Maine#Mina#Moa\u00f1a#Moita#Molina#amo\u00efne#buina#cuine#koin\u00e9#loina#maina#moira#moline#morina#mo\u00efnes#mo\u00efns#mucina#muira#muixa#munia#murina#oo\u00efna#roine---#---moine\">mo\u00efne suizo de vaca, q<\/span>ueso de cabra de la Garrotxa y Manchego de oveja.<\/p>\n<p>&#8230; \u00a1Y unas nueces de acompa\u00f1amiento!<\/p>\n<p>&nbsp;<\/p>\n","protected":false},"excerpt":{"rendered":"<p>Esta es una bandeja, para 4 o 5 personas, con:<\/p>\n<p>100 g de Comt\u00e9\u00a0 de 15 meses<\/p>\n<p>100 g de Manchego Oro Viejo<\/p>\n<p>100 g de Garrotza Bauma<\/p>\n<p>9 Flores de T\u00eate et Moine<\/p>\n<p>125 g de \u00c9poisses<\/p>\n<p>Y un pote de mermelada de melocot\u00f3n y albaricoque para maridar.<\/p>\n<p>&nbsp;<\/p>\n<p>&nbsp;<\/p>\n<p>&nbsp;<\/p>\n","protected":false},"featured_media":51686,"comment_status":"open","ping_status":"closed","template":"","meta":{"_acf_changed":false},"product_brand":[],"product_cat":[5860,5944],"product_tag":[11187,11245,7495,7535,7941,7942,8189,8197],"class_list":{"0":"post-29386","1":"product","2":"type-product","3":"status-publish","4":"has-post-thumbnail","6":"product_cat-embutidos","7":"product_cat-bandejas-celebraciones","8":"product_tag-bandejas-sant-joan","9":"product_tag-bandeja-queso-26","10":"product_tag-escofet-oliver-es","11":"product_tag-carnisseria-online-es","12":"product_tag-tete-moine-es","13":"product_tag-stilton-es","14":"product_tag-formatge-es","15":"product_tag-lactis-es","16":"pa_promotional-no-es-2","18":"first","19":"instock","20":"taxable","21":"shipping-taxable","22":"purchasable","23":"product-type-simple"},"acf":[],"_links":{"self":[{"href":"https:\/\/escofetoliver.com\/es\/wp-json\/wp\/v2\/product\/29386","targetHints":{"allow":["GET"]}}],"collection":[{"href":"https:\/\/escofetoliver.com\/es\/wp-json\/wp\/v2\/product"}],"about":[{"href":"https:\/\/escofetoliver.com\/es\/wp-json\/wp\/v2\/types\/product"}],"replies":[{"embeddable":true,"href":"https:\/\/escofetoliver.com\/es\/wp-json\/wp\/v2\/comments?post=29386"}],"wp:featuredmedia":[{"embeddable":true,"href":"https:\/\/escofetoliver.com\/es\/wp-json\/wp\/v2\/media\/51686"}],"wp:attachment":[{"href":"https:\/\/escofetoliver.com\/es\/wp-json\/wp\/v2\/media?parent=29386"}],"wp:term":[{"taxonomy":"product_brand","embeddable":true,"href":"https:\/\/escofetoliver.com\/es\/wp-json\/wp\/v2\/product_brand?post=29386"},{"taxonomy":"product_cat","embeddable":true,"href":"https:\/\/escofetoliver.com\/es\/wp-json\/wp\/v2\/product_cat?post=29386"},{"taxonomy":"product_tag","embeddable":true,"href":"https:\/\/escofetoliver.com\/es\/wp-json\/wp\/v2\/product_tag?post=29386"}],"curies":[{"name":"wp","href":"https:\/\/api.w.org\/{rel}","templated":true}]}}