{"id":29382,"date":"2020-06-16T11:13:18","date_gmt":"2020-06-16T11:13:18","guid":{"rendered":"http:\/\/carnescofetacasa.com\/Producte\/safata-espatlla-iberica\/"},"modified":"2025-06-19T09:30:45","modified_gmt":"2025-06-19T07:30:45","slug":"bandeja-paletilla-iberica","status":"publish","type":"product","link":"https:\/\/escofetoliver.com\/es\/tienda\/embutidos\/bandejas-celebraciones\/bandeja-paletilla-iberica\/","title":{"rendered":"Paletilla Ib\u00e9rica &#8211; Bandeja para 4 personas &#8211; 300 g"},"content":{"rendered":"<p>Esta bandeja para ocasiones especiales incluye paletilla ib\u00e9rica para compartir en una reuni\u00f3n o disfrutar de unos aperitivos \u00fanicos.<\/p>\n<p>&nbsp;<\/p>\n","protected":false},"excerpt":{"rendered":"<p>Esta es una bandeja con 300 g de virutas de Paletilla Ib\u00e9rica. Para\u00a0 4 personas.<\/p>\n<p>&nbsp;<\/p>\n","protected":false},"featured_media":51678,"comment_status":"open","ping_status":"closed","template":"","meta":{"_acf_changed":false},"product_brand":[],"product_cat":[5860,5944,5943],"product_tag":[11187,7495,7535,7564,7584],"class_list":{"0":"post-29382","1":"product","2":"type-product","3":"status-publish","4":"has-post-thumbnail","6":"product_cat-embutidos","7":"product_cat-bandejas-celebraciones","8":"product_cat-bandejas-celebraciones-embutidos","9":"product_tag-bandejas-sant-joan","10":"product_tag-escofet-oliver-es","11":"product_tag-carnisseria-online-es","12":"product_tag-espatlla-es","13":"product_tag-pernil-es","14":"pa_promotional-no-es-2","16":"first","17":"instock","18":"taxable","19":"shipping-taxable","20":"purchasable","21":"product-type-simple"},"acf":[],"_links":{"self":[{"href":"https:\/\/escofetoliver.com\/es\/wp-json\/wp\/v2\/product\/29382","targetHints":{"allow":["GET"]}}],"collection":[{"href":"https:\/\/escofetoliver.com\/es\/wp-json\/wp\/v2\/product"}],"about":[{"href":"https:\/\/escofetoliver.com\/es\/wp-json\/wp\/v2\/types\/product"}],"replies":[{"embeddable":true,"href":"https:\/\/escofetoliver.com\/es\/wp-json\/wp\/v2\/comments?post=29382"}],"wp:featuredmedia":[{"embeddable":true,"href":"https:\/\/escofetoliver.com\/es\/wp-json\/wp\/v2\/media\/51678"}],"wp:attachment":[{"href":"https:\/\/escofetoliver.com\/es\/wp-json\/wp\/v2\/media?parent=29382"}],"wp:term":[{"taxonomy":"product_brand","embeddable":true,"href":"https:\/\/escofetoliver.com\/es\/wp-json\/wp\/v2\/product_brand?post=29382"},{"taxonomy":"product_cat","embeddable":true,"href":"https:\/\/escofetoliver.com\/es\/wp-json\/wp\/v2\/product_cat?post=29382"},{"taxonomy":"product_tag","embeddable":true,"href":"https:\/\/escofetoliver.com\/es\/wp-json\/wp\/v2\/product_tag?post=29382"}],"curies":[{"name":"wp","href":"https:\/\/api.w.org\/{rel}","templated":true}]}}