{"id":29366,"date":"2020-06-12T12:17:41","date_gmt":"2020-06-12T10:17:41","guid":{"rendered":"http:\/\/carnescofetacasa.com\/Producte\/burrata\/"},"modified":"2024-07-26T13:31:08","modified_gmt":"2024-07-26T11:31:08","slug":"queso-burrata","status":"publish","type":"product","link":"https:\/\/escofetoliver.com\/es\/tienda\/quesos-yogures\/queso-fresco\/queso-burrata\/","title":{"rendered":"Burrata &#8211; 1 unidad &#8211; 250 g"},"content":{"rendered":"<p><span>La Burrata es un queso tradicional del sur de Italia. Est\u00e1 elaborado con leche de vaca, y se le a\u00f1ade un toque de mantequilla, que le da un rasgo diferencial. Es suave en el interior, y es perfecto como condimento cremoso de ensaladas, a pesar de que la Burrata se conoce mundialmente como ingrediente de la Stracciatella, un plato que merece la pena preparar.<\/span><\/p>\n<p>&#8212;<\/p>\n<p><span>Los quesos que puedes encontrar en\u00a0<\/span><span class=\"hiddenSpellError\" onkeypress=\"MORFOLOGIK_RULE_ES---#---undefined---#---Se ha encontrado un posible error ortogr\u00e1fico.---#---Escoc\u00e9s#Escoger#Escoge#Escopeta#Escogen#Esc\u00f3lex#Escoges#Escotes#Escob\u00e9n#Escolte#Escuecen#Escobeta#Escores#Escuece#Escoced#Escocer#Escocete#Escoc\u00e9#Escode#Escoden#Escodes#Escod\u00e9#Escofieta#Escoged#Escogete#Escog\u00e9#Escog\u00e9s#Escoleta#Escore#Escoren#Escor\u00e9#Escote#Escoten#Escot\u00e9#Escueces#Esc\u00f3dete#Esc\u00f3gete#Esc\u00f3rete#Esc\u00f3tete#Estofe#Estofen#Estofes#Estof\u00e9#Est\u00f3fete---#---Escofet\">Escofet<\/span><span>\u00a0Oliver (<a href=\"https:\/\/escofetoliver.com\/es\/categoria-del-producto\/quesos-yogures\/\">aqu\u00ed<\/a>)\u00a0<\/span><span>re\u00fanen<\/span><span>\u00a0una gran variedad de aromas, de sabores y de matices. De\u00a0<\/span><span>las denominaciones<\/span><span>\u00a0de origen\u00a0<\/span><span>m\u00e1s<\/span><span>\u00a0<\/span><span>ciudadas<\/span><span>\u00a0y\u00a0<\/span><span>aut\u00e9nticas<\/span><span>.<\/span><\/p>\n<p>Al\u00e9rgenos<b>:\u00a0<\/b>Derivados de la LECHE.<\/p>\n<p>Ingredientes<strong>:<\/strong> <span>LECHE, nata\u00a0<\/span><span>Uht<\/span><span>, sal y cuajo.<\/span><\/p>\n<p><img decoding=\"async\" src=\"https:\/\/escofetoliver.com\/wp-content\/uploads\/2020\/06\/burrata_1.jpg\" \/><\/p>\n<p>&nbsp;<\/p>\n<p>&nbsp;<\/p>\n","protected":false},"excerpt":{"rendered":"<p><span>Queso Burrata tradicional del sur de Italia y elaborado con leche de vaca. Son 250 g envasados.<\/span><\/p>\n","protected":false},"featured_media":39383,"comment_status":"open","ping_status":"closed","template":"","meta":{"_acf_changed":false},"product_brand":[],"product_cat":[5862,8624],"product_tag":[8097,11205,8098,11249,8107,8189,8196,8333,8096],"class_list":{"0":"post-29366","1":"product","2":"type-product","3":"status-publish","4":"has-post-thumbnail","6":"product_cat-quesos-yogures","7":"product_cat-queso-fresco","8":"product_tag-leche-es","9":"product_tag-comete-el-verano","10":"product_tag-vaca-es","11":"product_tag-proteina-escofet-oliver-esp","12":"product_tag-quesos-es","13":"product_tag-formatge-es","14":"product_tag-queso-es","15":"product_tag-italia-es","16":"product_tag-llet-es","17":"product_shipping_class-entrega-en-domicilio","18":"pa_caracteristicas-denom_origen_cast-es","19":"pa_promotional-no-es-2","21":"first","22":"instock","23":"taxable","24":"shipping-taxable","25":"purchasable","26":"product-type-simple"},"acf":[],"_links":{"self":[{"href":"https:\/\/escofetoliver.com\/es\/wp-json\/wp\/v2\/product\/29366","targetHints":{"allow":["GET"]}}],"collection":[{"href":"https:\/\/escofetoliver.com\/es\/wp-json\/wp\/v2\/product"}],"about":[{"href":"https:\/\/escofetoliver.com\/es\/wp-json\/wp\/v2\/types\/product"}],"replies":[{"embeddable":true,"href":"https:\/\/escofetoliver.com\/es\/wp-json\/wp\/v2\/comments?post=29366"}],"wp:featuredmedia":[{"embeddable":true,"href":"https:\/\/escofetoliver.com\/es\/wp-json\/wp\/v2\/media\/39383"}],"wp:attachment":[{"href":"https:\/\/escofetoliver.com\/es\/wp-json\/wp\/v2\/media?parent=29366"}],"wp:term":[{"taxonomy":"product_brand","embeddable":true,"href":"https:\/\/escofetoliver.com\/es\/wp-json\/wp\/v2\/product_brand?post=29366"},{"taxonomy":"product_cat","embeddable":true,"href":"https:\/\/escofetoliver.com\/es\/wp-json\/wp\/v2\/product_cat?post=29366"},{"taxonomy":"product_tag","embeddable":true,"href":"https:\/\/escofetoliver.com\/es\/wp-json\/wp\/v2\/product_tag?post=29366"}],"curies":[{"name":"wp","href":"https:\/\/api.w.org\/{rel}","templated":true}]}}