{"id":29344,"date":"2020-06-11T12:25:14","date_gmt":"2020-06-11T12:25:14","guid":{"rendered":"http:\/\/carnescofetacasa.com\/Producte\/pate-finas-hierbas\/"},"modified":"2023-05-23T10:15:26","modified_gmt":"2023-05-23T08:15:26","slug":"pate-finas-hierbas","status":"publish","type":"product","link":"https:\/\/escofetoliver.com\/es\/tienda\/embutidos\/pato\/pate-finas-hierbas\/","title":{"rendered":"Pat\u00e9 a las finas hierbas &#8211; 125 g"},"content":{"rendered":"<p>Producto de charcuter\u00eda fina. Pat\u00e9 fino de h\u00edgado de pato con aportaci\u00f3n de finas hierbas. Cocido lentamente al horno para encontrar el equilibrio de aromas y sabores. Producto ideal para compartir y maridar. Se recomienda consumir en fr\u00edo o acompa\u00f1ado con tostadas y panes especiales.<\/p>\n<p>Presentado en porciones individuales para una mejor conservaci\u00f3n del producto.<\/p>\n<p><strong>Al\u00e9rgenos<\/strong>: LECHE, SULFITOS y MOSTAZA.<\/p>\n<p><strong>Ingredientes:<\/strong><\/p>\n<p><span>Grasa y carne de cerdo, grasa e h\u00edgado de pato (20%), h\u00edgado y carne de ave, LECHE, antioxidantes (E301, E325), brandy (SULFITOS), sal, prote\u00edna de guisante, especias, plantas arom\u00e1ticas(0,04%), aromas, estabilizadores (E450, E451), conservantes (E250, E202,E218). Cobertura: agua, gelatina, estabilizadores (E407, E415), colorante (E171), MOSTAZA.<\/span><\/p>\n<p><strong>Caducidad:<\/strong> Viene en el envase.<\/p>\n","protected":false},"excerpt":{"rendered":"<p>Porci\u00f3n de 125 g<\/p>\n","protected":false},"featured_media":51148,"comment_status":"open","ping_status":"closed","template":"","meta":{"_acf_changed":false},"product_brand":[],"product_cat":[5936],"product_tag":[7518,7610,7920,7921,7922],"class_list":{"0":"post-29344","1":"product","2":"type-product","3":"status-publish","4":"has-post-thumbnail","6":"product_cat-pato","7":"product_tag-compra-carn-barcelona-es","8":"product_tag-compra-carn-online-es","9":"product_tag-compra-pate-online-es","10":"product_tag-pate-escofet-oliver-es","11":"product_tag-compra-pate-finas-hierbas-es","12":"pa_promotional-no-es-2","14":"first","15":"instock","16":"taxable","17":"shipping-taxable","18":"purchasable","19":"product-type-simple"},"acf":[],"_links":{"self":[{"href":"https:\/\/escofetoliver.com\/es\/wp-json\/wp\/v2\/product\/29344","targetHints":{"allow":["GET"]}}],"collection":[{"href":"https:\/\/escofetoliver.com\/es\/wp-json\/wp\/v2\/product"}],"about":[{"href":"https:\/\/escofetoliver.com\/es\/wp-json\/wp\/v2\/types\/product"}],"replies":[{"embeddable":true,"href":"https:\/\/escofetoliver.com\/es\/wp-json\/wp\/v2\/comments?post=29344"}],"wp:featuredmedia":[{"embeddable":true,"href":"https:\/\/escofetoliver.com\/es\/wp-json\/wp\/v2\/media\/51148"}],"wp:attachment":[{"href":"https:\/\/escofetoliver.com\/es\/wp-json\/wp\/v2\/media?parent=29344"}],"wp:term":[{"taxonomy":"product_brand","embeddable":true,"href":"https:\/\/escofetoliver.com\/es\/wp-json\/wp\/v2\/product_brand?post=29344"},{"taxonomy":"product_cat","embeddable":true,"href":"https:\/\/escofetoliver.com\/es\/wp-json\/wp\/v2\/product_cat?post=29344"},{"taxonomy":"product_tag","embeddable":true,"href":"https:\/\/escofetoliver.com\/es\/wp-json\/wp\/v2\/product_tag?post=29344"}],"curies":[{"name":"wp","href":"https:\/\/api.w.org\/{rel}","templated":true}]}}