{"id":29340,"date":"2020-06-11T10:03:34","date_gmt":"2020-06-11T10:03:34","guid":{"rendered":"http:\/\/carnescofetacasa.com\/Producte\/pate-4-pebres\/"},"modified":"2023-05-23T10:15:25","modified_gmt":"2023-05-23T08:15:25","slug":"pate-4-pebres","status":"publish","type":"product","link":"https:\/\/escofetoliver.com\/es\/tienda\/embutidos\/pato\/pate-4-pebres\/","title":{"rendered":"Pat\u00e9 4 pimientas &#8211; 125 g"},"content":{"rendered":"<p>Producto de charcuter\u00eda fina. Pat\u00e9 fino de h\u00edgado de pato macerado con vino de Oporto y una aportaci\u00f3n de pimienta negra de callidad, buscando un equilibrio fresco. Cocido lentamente al horno para buscar equilibrio de aromas y sabores. Producto ideal para compartir y maridar. Se recomienda consumir fr\u00edo o acompa\u00f1ado con tostadas y panes especiales. Presentado en porciones individuales para una mejor conservaci\u00f3n del producto.<\/p>\n<p><strong>Al\u00e9rgenos<\/strong>: Derivados de la LECHE y SULFITOS.<\/p>\n<p><strong>Ingredientes:<\/strong><\/p>\n<p><span>Grasa y carne de cerdo, h\u00edgado y carne de ave, pato (20%) (grasa y h\u00edgado), LECHE, vino a\u00f1ejo (SULFITOS), antioxidantes (E301, E325), pimientas (2,5%), sal, prote\u00edna de guisante, dextrosa, especias, aromas, estabilizadores (E450, E451), conservantes (E250, E202,E218). Cobertura: agua, gelatina, sal, estabilizadores (E407, E415), conservando (E202) y antioxidante (E330).<\/span><\/p>\n<p><strong>Caducidad:\u00a0<\/strong>Viene en el envase.<\/p>\n","protected":false},"excerpt":{"rendered":"<p>Porci\u00f3n 125 g<\/p>\n","protected":false},"featured_media":51146,"comment_status":"open","ping_status":"closed","template":"","meta":{"_acf_changed":false},"product_brand":[],"product_cat":[5936],"product_tag":[7919,7921],"class_list":{"0":"post-29340","1":"product","2":"type-product","3":"status-publish","4":"has-post-thumbnail","6":"product_cat-pato","7":"product_tag-pate-online-es","8":"product_tag-pate-escofet-oliver-es","9":"pa_promotional-no-es-2","11":"first","12":"instock","13":"taxable","14":"shipping-taxable","15":"purchasable","16":"product-type-simple"},"acf":[],"_links":{"self":[{"href":"https:\/\/escofetoliver.com\/es\/wp-json\/wp\/v2\/product\/29340","targetHints":{"allow":["GET"]}}],"collection":[{"href":"https:\/\/escofetoliver.com\/es\/wp-json\/wp\/v2\/product"}],"about":[{"href":"https:\/\/escofetoliver.com\/es\/wp-json\/wp\/v2\/types\/product"}],"replies":[{"embeddable":true,"href":"https:\/\/escofetoliver.com\/es\/wp-json\/wp\/v2\/comments?post=29340"}],"wp:featuredmedia":[{"embeddable":true,"href":"https:\/\/escofetoliver.com\/es\/wp-json\/wp\/v2\/media\/51146"}],"wp:attachment":[{"href":"https:\/\/escofetoliver.com\/es\/wp-json\/wp\/v2\/media?parent=29340"}],"wp:term":[{"taxonomy":"product_brand","embeddable":true,"href":"https:\/\/escofetoliver.com\/es\/wp-json\/wp\/v2\/product_brand?post=29340"},{"taxonomy":"product_cat","embeddable":true,"href":"https:\/\/escofetoliver.com\/es\/wp-json\/wp\/v2\/product_cat?post=29340"},{"taxonomy":"product_tag","embeddable":true,"href":"https:\/\/escofetoliver.com\/es\/wp-json\/wp\/v2\/product_tag?post=29340"}],"curies":[{"name":"wp","href":"https:\/\/api.w.org\/{rel}","templated":true}]}}