{"id":29328,"date":"2020-06-10T15:12:34","date_gmt":"2020-06-10T15:12:34","guid":{"rendered":"http:\/\/carnescofetacasa.com\/Producte\/birikkine\/"},"modified":"2023-05-23T10:15:25","modified_gmt":"2023-05-23T08:15:25","slug":"birikkine","status":"publish","type":"product","link":"https:\/\/escofetoliver.com\/es\/tienda\/despensa\/pan\/birikkine\/","title":{"rendered":"Birikkine &#8211; 200 g"},"content":{"rendered":"<p>Excelente complemento para una buena velada gastron\u00f3mica. Producto t\u00edpico de Roma\u00f1a, es un pan plano de piadina hecha a mano con sal de Cervia. Ideal para acompa\u00f1ar con quesos frescos tipo ricotta y mermeladas.<\/p>\n<p>Al\u00e9rgenos: GLUTEN y LECHE.<\/p>\n","protected":false},"excerpt":{"rendered":"<p>Bolsa con 200 g<\/p>\n","protected":false},"featured_media":51923,"comment_status":"open","ping_status":"closed","template":"","meta":{"_acf_changed":false},"product_brand":[],"product_cat":[5866,5894],"product_tag":[7907,7610,7906],"class_list":{"0":"post-29328","1":"product","2":"type-product","3":"status-publish","4":"has-post-thumbnail","6":"product_cat-despensa","7":"product_cat-pan","8":"product_tag-compra-birikkine-es","9":"product_tag-compra-carn-online-es","10":"product_tag-piadina-es","11":"product_shipping_class-entrega-en-domicilio","12":"pa_promotional-no-es-2","14":"first","15":"instock","16":"taxable","17":"shipping-taxable","18":"purchasable","19":"product-type-simple"},"acf":[],"_links":{"self":[{"href":"https:\/\/escofetoliver.com\/es\/wp-json\/wp\/v2\/product\/29328","targetHints":{"allow":["GET"]}}],"collection":[{"href":"https:\/\/escofetoliver.com\/es\/wp-json\/wp\/v2\/product"}],"about":[{"href":"https:\/\/escofetoliver.com\/es\/wp-json\/wp\/v2\/types\/product"}],"replies":[{"embeddable":true,"href":"https:\/\/escofetoliver.com\/es\/wp-json\/wp\/v2\/comments?post=29328"}],"wp:featuredmedia":[{"embeddable":true,"href":"https:\/\/escofetoliver.com\/es\/wp-json\/wp\/v2\/media\/51923"}],"wp:attachment":[{"href":"https:\/\/escofetoliver.com\/es\/wp-json\/wp\/v2\/media?parent=29328"}],"wp:term":[{"taxonomy":"product_brand","embeddable":true,"href":"https:\/\/escofetoliver.com\/es\/wp-json\/wp\/v2\/product_brand?post=29328"},{"taxonomy":"product_cat","embeddable":true,"href":"https:\/\/escofetoliver.com\/es\/wp-json\/wp\/v2\/product_cat?post=29328"},{"taxonomy":"product_tag","embeddable":true,"href":"https:\/\/escofetoliver.com\/es\/wp-json\/wp\/v2\/product_tag?post=29328"}],"curies":[{"name":"wp","href":"https:\/\/api.w.org\/{rel}","templated":true}]}}