{"id":29310,"date":"2020-06-09T11:43:30","date_gmt":"2020-06-09T11:43:30","guid":{"rendered":"http:\/\/carnescofetacasa.com\/Producte\/carpaccio-peu-porc\/"},"modified":"2025-03-20T10:50:56","modified_gmt":"2025-03-20T09:50:56","slug":"carpaccio-peu-porc","status":"publish","type":"product","link":"https:\/\/escofetoliver.com\/es\/tienda\/embutidos\/cocidos\/carpaccio-peu-porc\/","title":{"rendered":"Carpaccio Pies de Cerdo Can Pistraques &#8211; 130 g"},"content":{"rendered":"<p>Mangos de cerdo cocidos en caldo durante 8 horas y despalillados. Una vez enfriado en moldes, el producto se lamina en l\u00e1minas delgadas de mango de cerdo. Se sazonan y se dejan vaciar para una preservaci\u00f3n \u00f3ptima.<\/p>\n<p>Ingredientes:\u00a0<span>Manecitas de cerdo cocidas (99%) (manecitas de cerdo cocidas (92%), sal y conservador (E-250)), aceite de oliva virgen extra, sal y pimienta negra.<\/span><\/p>\n<p>Caducidad: 2 meses (aprox).<\/p>\n<p>&nbsp;<\/p>\n","protected":false},"excerpt":{"rendered":"<p>Bandeja al vac\u00edo con 130 g<\/p>\n","protected":false},"featured_media":29306,"comment_status":"open","ping_status":"closed","template":"","meta":{"_acf_changed":false},"product_brand":[],"product_cat":[5860,5920],"product_tag":[],"class_list":{"0":"post-29310","1":"product","2":"type-product","3":"status-publish","4":"has-post-thumbnail","6":"product_cat-embutidos","7":"product_cat-cocidos","8":"pa_promotional-no-es-2","10":"first","11":"instock","12":"taxable","13":"shipping-taxable","14":"purchasable","15":"product-type-simple"},"acf":[],"_links":{"self":[{"href":"https:\/\/escofetoliver.com\/es\/wp-json\/wp\/v2\/product\/29310","targetHints":{"allow":["GET"]}}],"collection":[{"href":"https:\/\/escofetoliver.com\/es\/wp-json\/wp\/v2\/product"}],"about":[{"href":"https:\/\/escofetoliver.com\/es\/wp-json\/wp\/v2\/types\/product"}],"replies":[{"embeddable":true,"href":"https:\/\/escofetoliver.com\/es\/wp-json\/wp\/v2\/comments?post=29310"}],"wp:featuredmedia":[{"embeddable":true,"href":"https:\/\/escofetoliver.com\/es\/wp-json\/wp\/v2\/media\/29306"}],"wp:attachment":[{"href":"https:\/\/escofetoliver.com\/es\/wp-json\/wp\/v2\/media?parent=29310"}],"wp:term":[{"taxonomy":"product_brand","embeddable":true,"href":"https:\/\/escofetoliver.com\/es\/wp-json\/wp\/v2\/product_brand?post=29310"},{"taxonomy":"product_cat","embeddable":true,"href":"https:\/\/escofetoliver.com\/es\/wp-json\/wp\/v2\/product_cat?post=29310"},{"taxonomy":"product_tag","embeddable":true,"href":"https:\/\/escofetoliver.com\/es\/wp-json\/wp\/v2\/product_tag?post=29310"}],"curies":[{"name":"wp","href":"https:\/\/api.w.org\/{rel}","templated":true}]}}