{"id":29292,"date":"2020-06-06T12:19:23","date_gmt":"2020-06-06T12:19:23","guid":{"rendered":"http:\/\/carnescofetacasa.com\/Producte\/idiazabal\/"},"modified":"2024-05-24T09:43:14","modified_gmt":"2024-05-24T07:43:14","slug":"idiazabal","status":"publish","type":"product","link":"https:\/\/escofetoliver.com\/es\/tienda\/quesos-yogures\/queso-pieza\/idiazabal\/","title":{"rendered":"Idiazabal &#8211; 250 g"},"content":{"rendered":"<p><strong>Idiazabal<\/strong> es el mejor queso de los paisajes verdes del Pa\u00eds Basco. Madurado durante 2 meses, est\u00e1 elaborado con leche de oveja, y es un queso que da como resultado una pasta blanda que se funde r\u00e1pidamente en el paladar. Se distingue por unos aromas y sabores limpios que dejan unos toques de acidez y a la vez picantes en la primera degustaci\u00f3n, a la vez de un regusto persitente.<\/p>\n<p><strong>Maduraci\u00f3n<\/strong>: Dos meses.<\/p>\n<p><strong>Alergenos<\/strong>: Derivados LACTEOS.<\/p>\n<p><strong>Ingredientes<\/strong>: Leche cruda de oveja, sal, cuajo, fermentos l\u00e1cticos y conservadores: E-252 y E-1105(lisozima: derivado de huevo). Corteza no comestible.<\/p>\n<p><strong>Caducidad:<\/strong> 2 a\u00f1os.<\/p>\n","protected":false},"excerpt":{"rendered":"<p>Cu\u00f1a de 250 g<\/p>\n","protected":false},"featured_media":29290,"comment_status":"open","ping_status":"closed","template":"","meta":{"_acf_changed":false},"product_brand":[],"product_cat":[5862,5890],"product_tag":[8105,8106,8107,8197,9117,7897,9118,7898,9119,7899,8097],"class_list":{"0":"post-29292","1":"product","2":"type-product","3":"status-publish","4":"has-post-thumbnail","6":"product_cat-quesos-yogures","7":"product_cat-queso-pieza","8":"product_tag-lacteos-es","9":"product_tag-formatges-es","10":"product_tag-quesos-es","11":"product_tag-lactis-es","12":"product_tag-pais-basc-es","13":"product_tag-idiazabal-es","14":"product_tag-pais-vasco-es","15":"product_tag-compra-idiazabal-online-es","16":"product_tag-euskadi-es","17":"product_tag-idiazabal-escofet-oliver-es","18":"product_tag-leche-es","19":"product_shipping_class-entrega-en-domicilio","20":"pa_caracteristicas-denom_origen_cast-es","21":"pa_preciokg-3900-es","23":"first","24":"instock","25":"taxable","26":"shipping-taxable","27":"purchasable","28":"product-type-simple"},"acf":[],"_links":{"self":[{"href":"https:\/\/escofetoliver.com\/es\/wp-json\/wp\/v2\/product\/29292","targetHints":{"allow":["GET"]}}],"collection":[{"href":"https:\/\/escofetoliver.com\/es\/wp-json\/wp\/v2\/product"}],"about":[{"href":"https:\/\/escofetoliver.com\/es\/wp-json\/wp\/v2\/types\/product"}],"replies":[{"embeddable":true,"href":"https:\/\/escofetoliver.com\/es\/wp-json\/wp\/v2\/comments?post=29292"}],"wp:featuredmedia":[{"embeddable":true,"href":"https:\/\/escofetoliver.com\/es\/wp-json\/wp\/v2\/media\/29290"}],"wp:attachment":[{"href":"https:\/\/escofetoliver.com\/es\/wp-json\/wp\/v2\/media?parent=29292"}],"wp:term":[{"taxonomy":"product_brand","embeddable":true,"href":"https:\/\/escofetoliver.com\/es\/wp-json\/wp\/v2\/product_brand?post=29292"},{"taxonomy":"product_cat","embeddable":true,"href":"https:\/\/escofetoliver.com\/es\/wp-json\/wp\/v2\/product_cat?post=29292"},{"taxonomy":"product_tag","embeddable":true,"href":"https:\/\/escofetoliver.com\/es\/wp-json\/wp\/v2\/product_tag?post=29292"}],"curies":[{"name":"wp","href":"https:\/\/api.w.org\/{rel}","templated":true}]}}