{"id":29262,"date":"2020-06-04T13:01:04","date_gmt":"2020-06-04T13:01:04","guid":{"rendered":"http:\/\/carnescofetacasa.com\/Producte\/mao-semi\/"},"modified":"2025-04-16T15:19:43","modified_gmt":"2025-04-16T13:19:43","slug":"mao-semi","status":"publish","type":"product","link":"https:\/\/escofetoliver.com\/es\/tienda\/quesos-yogures\/queso-pieza\/mao-semi\/","title":{"rendered":"Ma\u00f3 Semi &#8211; Cu\u00f1a &#8211; 250 g"},"content":{"rendered":"<p><strong>Queso de Mah\u00f3n<\/strong> semicurado. Elaborado en Menorca con leche cruda de vaca. Queso de pasta prensada.<\/p>\n<p><strong>Al\u00e9rgenos:<\/strong> LECHE y derivados.<\/p>\n<p><strong>Ingredientes<\/strong>:<\/p>\n<p><span>Leche cruda de vaca,\u00a0<\/span><span>fermentos<\/span><span>\u00a0l\u00e1cticos, extracto de cuajada, cloruro de c\u00e1lcico (E-509),\u00a0<\/span><span>lisozimos<\/span><span>\u00a0(E-1105) y sal.<\/span><\/p>\n<p>&nbsp;<\/p>\n","protected":false},"excerpt":{"rendered":"<p>Cu\u00f1a de 250 g<\/p>\n","protected":false},"featured_media":29260,"comment_status":"open","ping_status":"closed","template":"","meta":{"_acf_changed":false},"product_brand":[],"product_cat":[5862,5890],"product_tag":[7522],"class_list":{"0":"post-29262","1":"product","2":"type-product","3":"status-publish","4":"has-post-thumbnail","6":"product_cat-quesos-yogures","7":"product_cat-queso-pieza","8":"product_tag-carnisseria-online-barcelona-es","9":"product_shipping_class-entrega-en-domicilio","10":"pa_caracteristicas-denom_origen_cast-es","11":"pa_promotional-no-es-2","13":"first","14":"instock","15":"taxable","16":"shipping-taxable","17":"purchasable","18":"product-type-simple"},"acf":[],"_links":{"self":[{"href":"https:\/\/escofetoliver.com\/es\/wp-json\/wp\/v2\/product\/29262","targetHints":{"allow":["GET"]}}],"collection":[{"href":"https:\/\/escofetoliver.com\/es\/wp-json\/wp\/v2\/product"}],"about":[{"href":"https:\/\/escofetoliver.com\/es\/wp-json\/wp\/v2\/types\/product"}],"replies":[{"embeddable":true,"href":"https:\/\/escofetoliver.com\/es\/wp-json\/wp\/v2\/comments?post=29262"}],"wp:featuredmedia":[{"embeddable":true,"href":"https:\/\/escofetoliver.com\/es\/wp-json\/wp\/v2\/media\/29260"}],"wp:attachment":[{"href":"https:\/\/escofetoliver.com\/es\/wp-json\/wp\/v2\/media?parent=29262"}],"wp:term":[{"taxonomy":"product_brand","embeddable":true,"href":"https:\/\/escofetoliver.com\/es\/wp-json\/wp\/v2\/product_brand?post=29262"},{"taxonomy":"product_cat","embeddable":true,"href":"https:\/\/escofetoliver.com\/es\/wp-json\/wp\/v2\/product_cat?post=29262"},{"taxonomy":"product_tag","embeddable":true,"href":"https:\/\/escofetoliver.com\/es\/wp-json\/wp\/v2\/product_tag?post=29262"}],"curies":[{"name":"wp","href":"https:\/\/api.w.org\/{rel}","templated":true}]}}