{"id":29248,"date":"2020-06-03T12:55:33","date_gmt":"2020-06-03T12:55:33","guid":{"rendered":"http:\/\/carnescofetacasa.com\/Producte\/seito-cantabric\/"},"modified":"2024-07-26T13:27:33","modified_gmt":"2024-07-26T11:27:33","slug":"seito-cantabric","status":"publish","type":"product","link":"https:\/\/escofetoliver.com\/es\/tienda\/despensa\/conservas-aperitivos\/seito-cantabric\/","title":{"rendered":"Boquer\u00f3n del Cant\u00e1brico en aceite de oliva virgen extra &#8211; 120g\/75g"},"content":{"rendered":"<p>Boquer\u00f3n del Cant\u00e1brico conservado en aceite de oliva virgen extra. Magn\u00edficos filetes de boquer\u00f3n.<\/p>\n<p><strong>Sin al\u00e9rgenos.<\/strong><\/p>\n<p><strong>Ingredientes:<\/strong><\/p>\n<p><span>Boquer\u00f3n del Cant\u00e1brico (Boquer\u00f3n (Engraulis encrasicolus), vinagre de vino), aceite de oliva Virgen Extra y sal.<\/span><\/p>\n<p><strong>Caducidad: <\/strong>Viene en el envase.<\/p>\n<p>&nbsp;<\/p>\n","protected":false},"excerpt":{"rendered":"<p>Boquer\u00f3n natural del Cant\u00e1brico en lata en aceite de oliva virgen extra. S\u00f3n120 g (75 g escurridos).<\/p>\n","protected":false},"featured_media":39298,"comment_status":"open","ping_status":"closed","template":"","meta":{"_acf_changed":false},"product_brand":[],"product_cat":[5866,5902],"product_tag":[],"class_list":{"0":"post-29248","1":"product","2":"type-product","3":"status-publish","4":"has-post-thumbnail","6":"product_cat-despensa","7":"product_cat-conservas-aperitivos","8":"product_shipping_class-entrega-en-domicilio","9":"pa_promotional-no-es-2","11":"first","12":"instock","13":"taxable","14":"shipping-taxable","15":"purchasable","16":"product-type-simple"},"acf":[],"_links":{"self":[{"href":"https:\/\/escofetoliver.com\/es\/wp-json\/wp\/v2\/product\/29248","targetHints":{"allow":["GET"]}}],"collection":[{"href":"https:\/\/escofetoliver.com\/es\/wp-json\/wp\/v2\/product"}],"about":[{"href":"https:\/\/escofetoliver.com\/es\/wp-json\/wp\/v2\/types\/product"}],"replies":[{"embeddable":true,"href":"https:\/\/escofetoliver.com\/es\/wp-json\/wp\/v2\/comments?post=29248"}],"wp:featuredmedia":[{"embeddable":true,"href":"https:\/\/escofetoliver.com\/es\/wp-json\/wp\/v2\/media\/39298"}],"wp:attachment":[{"href":"https:\/\/escofetoliver.com\/es\/wp-json\/wp\/v2\/media?parent=29248"}],"wp:term":[{"taxonomy":"product_brand","embeddable":true,"href":"https:\/\/escofetoliver.com\/es\/wp-json\/wp\/v2\/product_brand?post=29248"},{"taxonomy":"product_cat","embeddable":true,"href":"https:\/\/escofetoliver.com\/es\/wp-json\/wp\/v2\/product_cat?post=29248"},{"taxonomy":"product_tag","embeddable":true,"href":"https:\/\/escofetoliver.com\/es\/wp-json\/wp\/v2\/product_tag?post=29248"}],"curies":[{"name":"wp","href":"https:\/\/api.w.org\/{rel}","templated":true}]}}