{"id":29236,"date":"2020-06-03T12:17:15","date_gmt":"2020-06-03T12:17:15","guid":{"rendered":"http:\/\/carnescofetacasa.com\/Producte\/salmo-daus\/"},"modified":"2023-05-23T10:15:16","modified_gmt":"2023-05-23T08:15:16","slug":"salmo-daus","status":"publish","type":"product","link":"https:\/\/escofetoliver.com\/es\/tienda\/embutidos\/salmon\/salmo-daus\/","title":{"rendered":"Salm\u00f3n ahumado summum dados &#8211; 120 g"},"content":{"rendered":"<p>Salm\u00f3n ahumado de primera calidad. Para aseguar la excelente calidad del salm\u00f3n ahumado, seleccionamos unicamente los mejores ejemplares de la especie Salm\u00f3n Salar, que llegan enteros y frescos semanalmente desde Noruega. Elaborado con la f\u00f3rmula tradicional escandinava.<\/p>\n<p>Delicioso solomillo de salm\u00f3n ahumado cortado en finos dados. Ideal para la elaboraci\u00f3n de entrantes, canap\u00e9s, ensaladas y montaditos. Se pueden ali\u00f1ar con una emulsi\u00f3n de aceite de oliva y zumo lima recubiertos de semillas de s\u00e9samo.<\/p>\n<p><strong>Al\u00e9rgenos<\/strong>: PESCADO.<\/p>\n<p><strong>Ingredientes:<\/strong><\/p>\n<p>Salm\u00f3n\u00a0(salmo salar), sal, y humo natural. * Salm\u00f3n de cr\u00eda en Noruega.<\/p>\n<p><strong>Caducidad<\/strong>: Listo para consumir. Conservar entre 0\u00ba y 5 \u00b0C. Una vez abierto, conservar el producto en la nevera y consumir preferiblemente antes de 3 d\u00edas.<\/p>\n","protected":false},"excerpt":{"rendered":"<p>Sobre de salm\u00f3n ahumado cortado a daditos 120 g.<\/p>\n","protected":false},"featured_media":52813,"comment_status":"open","ping_status":"closed","template":"","meta":{"_acf_changed":false},"product_brand":[],"product_cat":[5942],"product_tag":[11205,11249],"class_list":{"0":"post-29236","1":"product","2":"type-product","3":"status-publish","4":"has-post-thumbnail","6":"product_cat-salmon","7":"product_tag-comete-el-verano","8":"product_tag-proteina-escofet-oliver-esp","9":"pa_promotional-no-es-2","11":"first","12":"instock","13":"taxable","14":"shipping-taxable","15":"purchasable","16":"product-type-simple"},"acf":[],"_links":{"self":[{"href":"https:\/\/escofetoliver.com\/es\/wp-json\/wp\/v2\/product\/29236","targetHints":{"allow":["GET"]}}],"collection":[{"href":"https:\/\/escofetoliver.com\/es\/wp-json\/wp\/v2\/product"}],"about":[{"href":"https:\/\/escofetoliver.com\/es\/wp-json\/wp\/v2\/types\/product"}],"replies":[{"embeddable":true,"href":"https:\/\/escofetoliver.com\/es\/wp-json\/wp\/v2\/comments?post=29236"}],"wp:featuredmedia":[{"embeddable":true,"href":"https:\/\/escofetoliver.com\/es\/wp-json\/wp\/v2\/media\/52813"}],"wp:attachment":[{"href":"https:\/\/escofetoliver.com\/es\/wp-json\/wp\/v2\/media?parent=29236"}],"wp:term":[{"taxonomy":"product_brand","embeddable":true,"href":"https:\/\/escofetoliver.com\/es\/wp-json\/wp\/v2\/product_brand?post=29236"},{"taxonomy":"product_cat","embeddable":true,"href":"https:\/\/escofetoliver.com\/es\/wp-json\/wp\/v2\/product_cat?post=29236"},{"taxonomy":"product_tag","embeddable":true,"href":"https:\/\/escofetoliver.com\/es\/wp-json\/wp\/v2\/product_tag?post=29236"}],"curies":[{"name":"wp","href":"https:\/\/api.w.org\/{rel}","templated":true}]}}