{"id":29222,"date":"2020-05-27T12:58:57","date_gmt":"2020-05-27T12:58:57","guid":{"rendered":"http:\/\/carnescofetacasa.com\/Producte\/hamburguesa-mostassa\/"},"modified":"2025-03-11T12:12:14","modified_gmt":"2025-03-11T11:12:14","slug":"hamburguesa-mostassa","status":"publish","type":"product","link":"https:\/\/escofetoliver.com\/es\/tienda\/elaborados\/hamburguesas\/hamburguesa-mostassa\/","title":{"rendered":"Hamburguesas de vaca con mostaza &#8211; 2 unidades &#8211; 250 g"},"content":{"rendered":"<p>Hamburguesa elaborada con carne de vaca de proximidad. A\u00f1adimos mostaza que le da un sabor muy intenso.<\/p>\n<p>La carne de ternera es un alimento completo y esencial para una dieta sana y equilibrada, destacando por su alto nivel proteico. Las prote\u00ednas c\u00e1rnicas son de una alta digestibilidad y de gran valor biol\u00f3gico, ya que aportan amino\u00e1cidos esenciales que son necesarios para las funciones de crecimiento y reparaci\u00f3n de tejidos del organismo. Tambi\u00e9n es rica en vitaminas del grupo B y es una gran fuente de minerales como son el f\u00f3sforo, calcio, magnesio y hierro.<\/p>\n<p>Esta hamburguesa es perfecta para cocinarla a la parrilla ya que potencia su sabor picante, haci\u00e9ndolo intenso y muy sabroso. Tambi\u00e9n esta hecha a la plancha.<\/p>\n<p>&nbsp;<\/p>\n<div style=\"width: 640px;\" class=\"wp-video\"><video class=\"wp-video-shortcode\" id=\"video-29222-1\" width=\"640\" height=\"360\" preload=\"metadata\" controls=\"controls\"><source type=\"video\/mp4\" src=\"https:\/\/escofetoliver.com\/wp-content\/uploads\/2025\/02\/Burgers-Castellano.mp4?_=1\" \/><a href=\"https:\/\/escofetoliver.com\/wp-content\/uploads\/2025\/02\/Burgers-Castellano.mp4\">https:\/\/escofetoliver.com\/wp-content\/uploads\/2025\/02\/Burgers-Castellano.mp4<\/a><\/video><\/div>\n<p>&nbsp;<\/p>\n<p><span style=\"font-size: 17px;\"><strong>Elaborado con preparado de carne.<\/strong><\/span><\/p>\n","protected":false},"excerpt":{"rendered":"<p>2 unidades de 125 g<\/p>\n","protected":false},"featured_media":29218,"comment_status":"open","ping_status":"closed","template":"","meta":{"_acf_changed":false},"product_brand":[],"product_cat":[5858,5948],"product_tag":[7540],"class_list":{"0":"post-29222","1":"product","2":"type-product","3":"status-publish","4":"has-post-thumbnail","6":"product_cat-elaborados","7":"product_cat-hamburguesas","8":"product_tag-vedella-proximitat-es","9":"pa_promotional-no-es-2","11":"first","12":"instock","13":"taxable","14":"shipping-taxable","15":"purchasable","16":"product-type-simple"},"acf":[],"_links":{"self":[{"href":"https:\/\/escofetoliver.com\/es\/wp-json\/wp\/v2\/product\/29222","targetHints":{"allow":["GET"]}}],"collection":[{"href":"https:\/\/escofetoliver.com\/es\/wp-json\/wp\/v2\/product"}],"about":[{"href":"https:\/\/escofetoliver.com\/es\/wp-json\/wp\/v2\/types\/product"}],"replies":[{"embeddable":true,"href":"https:\/\/escofetoliver.com\/es\/wp-json\/wp\/v2\/comments?post=29222"}],"wp:featuredmedia":[{"embeddable":true,"href":"https:\/\/escofetoliver.com\/es\/wp-json\/wp\/v2\/media\/29218"}],"wp:attachment":[{"href":"https:\/\/escofetoliver.com\/es\/wp-json\/wp\/v2\/media?parent=29222"}],"wp:term":[{"taxonomy":"product_brand","embeddable":true,"href":"https:\/\/escofetoliver.com\/es\/wp-json\/wp\/v2\/product_brand?post=29222"},{"taxonomy":"product_cat","embeddable":true,"href":"https:\/\/escofetoliver.com\/es\/wp-json\/wp\/v2\/product_cat?post=29222"},{"taxonomy":"product_tag","embeddable":true,"href":"https:\/\/escofetoliver.com\/es\/wp-json\/wp\/v2\/product_tag?post=29222"}],"curies":[{"name":"wp","href":"https:\/\/api.w.org\/{rel}","templated":true}]}}