{"id":29216,"date":"2020-05-27T12:36:35","date_gmt":"2020-05-27T12:36:35","guid":{"rendered":"http:\/\/carnescofetacasa.com\/Producte\/hamburguesa-vedella-blau\/"},"modified":"2025-05-16T11:58:16","modified_gmt":"2025-05-16T09:58:16","slug":"hamburguesa-ternera-queso-azul","status":"publish","type":"product","link":"https:\/\/escofetoliver.com\/es\/tienda\/elaborados\/hamburguesas\/hamburguesa-ternera-queso-azul\/","title":{"rendered":"Hamburguesas de ternera con queso azul &#8211; 2 unidades &#8211; 250 g"},"content":{"rendered":"<p>Descubre nuestras hamburguesas de ternera de proximidad, rellenas de queso azul para ofrecer una experiencia gastron\u00f3mica \u00fanica. La carne de ternera, cuidadosamente seleccionada por su calidad y ternura, se combina con el queso azul, intenso y cremoso, que aporta una explosi\u00f3n de sabor en cada bocado. Esta combinaci\u00f3n perfecta equilibra la suavidad de la carne con el toque distinguido y caracter\u00edstico del queso azul, creando una textura irresistible.<\/p>\n<div class=\"traductor-checkbox form-group\">\n<p>&nbsp;<\/p>\n<div style=\"width: 640px;\" class=\"wp-video\"><video class=\"wp-video-shortcode\" id=\"video-29216-1\" width=\"640\" height=\"360\" preload=\"metadata\" controls=\"controls\"><source type=\"video\/mp4\" src=\"https:\/\/escofetoliver.com\/wp-content\/uploads\/2025\/02\/Burgers-Castellano.mp4?_=1\" \/><a href=\"https:\/\/escofetoliver.com\/wp-content\/uploads\/2025\/02\/Burgers-Castellano.mp4\">https:\/\/escofetoliver.com\/wp-content\/uploads\/2025\/02\/Burgers-Castellano.mp4<\/a><\/video><\/div>\n<p>&nbsp;<\/p>\n<p><span style=\"font-size: 17px;\"><strong>Elaborado con preparado de carne.<\/strong><\/span><\/p>\n<\/div>\n","protected":false},"excerpt":{"rendered":"<p>La presentaci\u00f3n es en una bandeja con 2 piezas de aproximadamente 125 g cada una.<\/p>\n","protected":false},"featured_media":53555,"comment_status":"open","ping_status":"closed","template":"","meta":{"_acf_changed":false},"product_brand":[],"product_cat":[5858,5948],"product_tag":[11089,7540,7869,7874],"class_list":{"0":"post-29216","1":"product","2":"type-product","3":"status-publish","4":"has-post-thumbnail","6":"product_cat-elaborados","7":"product_cat-hamburguesas","8":"product_tag-con-preparado-ternera","9":"product_tag-vedella-proximitat-es","10":"product_tag-vedella-catalana-es","11":"product_tag-vedella-catalana-online-es","12":"pa_preciokg-10050","13":"pa_promotional-no-es-2","15":"first","16":"instock","17":"taxable","18":"shipping-taxable","19":"purchasable","20":"product-type-simple"},"acf":[],"_links":{"self":[{"href":"https:\/\/escofetoliver.com\/es\/wp-json\/wp\/v2\/product\/29216","targetHints":{"allow":["GET"]}}],"collection":[{"href":"https:\/\/escofetoliver.com\/es\/wp-json\/wp\/v2\/product"}],"about":[{"href":"https:\/\/escofetoliver.com\/es\/wp-json\/wp\/v2\/types\/product"}],"replies":[{"embeddable":true,"href":"https:\/\/escofetoliver.com\/es\/wp-json\/wp\/v2\/comments?post=29216"}],"wp:featuredmedia":[{"embeddable":true,"href":"https:\/\/escofetoliver.com\/es\/wp-json\/wp\/v2\/media\/53555"}],"wp:attachment":[{"href":"https:\/\/escofetoliver.com\/es\/wp-json\/wp\/v2\/media?parent=29216"}],"wp:term":[{"taxonomy":"product_brand","embeddable":true,"href":"https:\/\/escofetoliver.com\/es\/wp-json\/wp\/v2\/product_brand?post=29216"},{"taxonomy":"product_cat","embeddable":true,"href":"https:\/\/escofetoliver.com\/es\/wp-json\/wp\/v2\/product_cat?post=29216"},{"taxonomy":"product_tag","embeddable":true,"href":"https:\/\/escofetoliver.com\/es\/wp-json\/wp\/v2\/product_tag?post=29216"}],"curies":[{"name":"wp","href":"https:\/\/api.w.org\/{rel}","templated":true}]}}