{"id":29202,"date":"2020-05-26T10:16:31","date_gmt":"2020-05-26T10:16:31","guid":{"rendered":"http:\/\/carnescofetacasa.com\/Producte\/peus-porc\/"},"modified":"2026-03-18T09:23:22","modified_gmt":"2026-03-18T08:23:22","slug":"peus-porc","status":"publish","type":"product","link":"https:\/\/escofetoliver.com\/es\/tienda\/carniceria\/cerdo\/peus-porc\/","title":{"rendered":"Mano de cerdo &#8211; 2 mitades &#8211; 600 g"},"content":{"rendered":"<p><span data-contrast=\"none\" xml:lang=\"ES-ES\" lang=\"ES-ES\" class=\"TextRun SCXW133726982 BCX0\"><span class=\"NormalTextRun SCXW133726982 BCX0\">La<span>\u00a0<\/span><\/span><\/span><a href=\"https:\/\/escofetoliver.com\/es\/categoria-del-producto\/carniceria\/cerdo\/\"><span data-contrast=\"none\" xml:lang=\"ES-ES\" lang=\"ES-ES\" class=\"TextRun SCXW133726982 BCX0\"><span class=\"NormalTextRun SCXW133726982 BCX0\">carne de cerdo<\/span><\/span><\/a><span data-contrast=\"none\" xml:lang=\"ES-ES\" lang=\"ES-ES\" class=\"TextRun SCXW133726982 BCX0\"><span class=\"NormalTextRun SCXW133726982 BCX0\"><span>\u00a0<\/span>es rica en prote\u00ednas, hierro y vitamina B12 y baja en grasas. Adem\u00e1s, tiene una proporci\u00f3n de \u00e1cidos grasos monoinsaturados y de vitamina B1 superior a otras carnes. Es una carne muy deliciosa y necesaria para cualquier tipo de dieta equilibrada y tiene una textura y sabor diferenciales. Por eso es una de las m\u00e1s consumidas. Es perfecta para cocinar a la plancha o asar.<\/span><\/span><span class=\"EOP SCXW133726982 BCX0\" data-ccp-props=\"{&quot;201341983&quot;:0,&quot;335559739&quot;:160,&quot;335559740&quot;:259}\">\u00a0<\/span><\/p>\n","protected":false},"excerpt":{"rendered":"<p>Bandeja con dos mitades de una pieza de mano de cerdo. Pesan en total unos 300 g, aproximadamente.<\/p>\n","protected":false},"featured_media":51052,"comment_status":"open","ping_status":"closed","template":"","meta":{"_acf_changed":false},"product_brand":[],"product_cat":[5854,5906],"product_tag":[],"class_list":{"0":"post-29202","1":"product","2":"type-product","3":"status-publish","4":"has-post-thumbnail","6":"product_cat-carniceria","7":"product_cat-cerdo","8":"product_shipping_class-entrega-en-domicilio","9":"pa_preciokg-990-es","10":"pa_promotional-no-es-2","12":"first","13":"instock","14":"taxable","15":"shipping-taxable","16":"purchasable","17":"product-type-simple"},"acf":[],"_links":{"self":[{"href":"https:\/\/escofetoliver.com\/es\/wp-json\/wp\/v2\/product\/29202","targetHints":{"allow":["GET"]}}],"collection":[{"href":"https:\/\/escofetoliver.com\/es\/wp-json\/wp\/v2\/product"}],"about":[{"href":"https:\/\/escofetoliver.com\/es\/wp-json\/wp\/v2\/types\/product"}],"replies":[{"embeddable":true,"href":"https:\/\/escofetoliver.com\/es\/wp-json\/wp\/v2\/comments?post=29202"}],"wp:featuredmedia":[{"embeddable":true,"href":"https:\/\/escofetoliver.com\/es\/wp-json\/wp\/v2\/media\/51052"}],"wp:attachment":[{"href":"https:\/\/escofetoliver.com\/es\/wp-json\/wp\/v2\/media?parent=29202"}],"wp:term":[{"taxonomy":"product_brand","embeddable":true,"href":"https:\/\/escofetoliver.com\/es\/wp-json\/wp\/v2\/product_brand?post=29202"},{"taxonomy":"product_cat","embeddable":true,"href":"https:\/\/escofetoliver.com\/es\/wp-json\/wp\/v2\/product_cat?post=29202"},{"taxonomy":"product_tag","embeddable":true,"href":"https:\/\/escofetoliver.com\/es\/wp-json\/wp\/v2\/product_tag?post=29202"}],"curies":[{"name":"wp","href":"https:\/\/api.w.org\/{rel}","templated":true}]}}