{"id":29174,"date":"2020-05-20T14:57:25","date_gmt":"2020-05-20T12:57:25","guid":{"rendered":"http:\/\/carnescofetacasa.com\/Producte\/pollastre-paella\/"},"modified":"2024-08-06T10:43:00","modified_gmt":"2024-08-06T08:43:00","slug":"pollo-paella","status":"publish","type":"product","link":"https:\/\/escofetoliver.com\/es\/tienda\/pollos-huevos\/polleria-es\/pollo-paella\/","title":{"rendered":"Pollo cortado para paella &#8211; 400 g"},"content":{"rendered":"<p><span>Pollo preparado, especial para paella. Se obtiene del muslo de pollo de proximidad, cortado en trozos peque\u00f1os para arroz.<\/span><\/p>\n<p>Nuestra carne de pollo preparada para cocinar en paella es la elecci\u00f3n perfecta para este cl\u00e1sico plato espa\u00f1ol. Trozos seleccionados y listos para cocinar, ideales para conseguir una paella llena de sabor y tradici\u00f3n.<\/p>\n<p>Este pollo es una excelente fuente de prote\u00ednas y se combina perfectamente con el arroz y las verduras t\u00edpicas de la paella. \u00a1Haz que tus comidas sean inolvidables con nuestro pollo cortado para paella!<\/p>\n<p>&nbsp;<\/p>\n","protected":false},"excerpt":{"rendered":"<p>La presentaci\u00f3n\u00a0 es en una bandeja de, aproximadamente 400 g con 6 piezas.<\/p>\n","protected":false},"featured_media":29172,"comment_status":"open","ping_status":"closed","template":"","meta":{"_acf_changed":false},"product_brand":[],"product_cat":[5856,5880],"product_tag":[9073,10042],"class_list":{"0":"post-29174","1":"product","2":"type-product","3":"status-publish","4":"has-post-thumbnail","6":"product_cat-pollos-huevos","7":"product_cat-polleria-es","8":"product_tag-pollo-proximidad-es","9":"product_tag-pollo-catalan-es","10":"product_shipping_class-entrega-en-domicilio","11":"pa_presentacio-safata-2","12":"pa_promotional-no-es-2","14":"first","15":"instock","16":"taxable","17":"shipping-taxable","18":"purchasable","19":"product-type-simple"},"acf":[],"_links":{"self":[{"href":"https:\/\/escofetoliver.com\/es\/wp-json\/wp\/v2\/product\/29174","targetHints":{"allow":["GET"]}}],"collection":[{"href":"https:\/\/escofetoliver.com\/es\/wp-json\/wp\/v2\/product"}],"about":[{"href":"https:\/\/escofetoliver.com\/es\/wp-json\/wp\/v2\/types\/product"}],"replies":[{"embeddable":true,"href":"https:\/\/escofetoliver.com\/es\/wp-json\/wp\/v2\/comments?post=29174"}],"wp:featuredmedia":[{"embeddable":true,"href":"https:\/\/escofetoliver.com\/es\/wp-json\/wp\/v2\/media\/29172"}],"wp:attachment":[{"href":"https:\/\/escofetoliver.com\/es\/wp-json\/wp\/v2\/media?parent=29174"}],"wp:term":[{"taxonomy":"product_brand","embeddable":true,"href":"https:\/\/escofetoliver.com\/es\/wp-json\/wp\/v2\/product_brand?post=29174"},{"taxonomy":"product_cat","embeddable":true,"href":"https:\/\/escofetoliver.com\/es\/wp-json\/wp\/v2\/product_cat?post=29174"},{"taxonomy":"product_tag","embeddable":true,"href":"https:\/\/escofetoliver.com\/es\/wp-json\/wp\/v2\/product_tag?post=29174"}],"curies":[{"name":"wp","href":"https:\/\/api.w.org\/{rel}","templated":true}]}}