{"id":29162,"date":"2020-05-19T16:11:10","date_gmt":"2020-05-19T16:11:10","guid":{"rendered":"http:\/\/carnescofetacasa.com\/Producte\/ales-curry\/"},"modified":"2025-04-03T09:39:24","modified_gmt":"2025-04-03T07:39:24","slug":"ales-curry","status":"publish","type":"product","link":"https:\/\/escofetoliver.com\/es\/tienda\/elaborados\/frescos-es\/ales-curry\/","title":{"rendered":"Alas de pollo marinadas al Curry &#8211; 400 g"},"content":{"rendered":"<p>Alas de pollo marinadas con salsa curry. Un excelente producto muy original.<\/p>\n<p>Ingredientes: <span>Alas de pollo,\u00a0<\/span><span>curri<\/span><span>\u00a0(Aceite vegetal (gres de\u00a0<\/span><span class=\"hiddenSpellError\" onkeypress=\"MORFOLOGIK_RULE_ES---#---undefined---#---Se ha encontrado un posible error ortogr\u00e1fico.---#---ca\u00f1uela#canela#canoa#Carola#c\u00e1nula#canora#canosa#ca\u00f1uelas#manola#ca\u00f1ota#Canolo#Manola#capola#capol\u00e1#carola#can ola#cano la---#---canola\">canola<\/span><span>), sal, especias, prote\u00edna vegetal hidrolizada, az\u00facar, dextrosa, extractos de especia<\/span><span>s, aromas).<\/span><\/p>\n<p>Caducidad: El curry caduca a los 12 meses.<\/p>\n","protected":false},"excerpt":{"rendered":"<p>Bandeja con 400 g<\/p>\n","protected":false},"featured_media":29160,"comment_status":"open","ping_status":"closed","template":"","meta":{"_acf_changed":false},"product_brand":[],"product_cat":[5858,5946],"product_tag":[7515,7523,7535],"class_list":{"0":"post-29162","1":"product","2":"type-product","3":"status-publish","4":"has-post-thumbnail","6":"product_cat-elaborados","7":"product_cat-frescos-es","8":"product_tag-compra-carn-es","9":"product_tag-carn-escofet-es","10":"product_tag-carnisseria-online-es","11":"pa_preciokg-950-es","12":"pa_promotional-no-es-2","14":"first","15":"instock","16":"taxable","17":"shipping-taxable","18":"purchasable","19":"product-type-simple"},"acf":[],"_links":{"self":[{"href":"https:\/\/escofetoliver.com\/es\/wp-json\/wp\/v2\/product\/29162","targetHints":{"allow":["GET"]}}],"collection":[{"href":"https:\/\/escofetoliver.com\/es\/wp-json\/wp\/v2\/product"}],"about":[{"href":"https:\/\/escofetoliver.com\/es\/wp-json\/wp\/v2\/types\/product"}],"replies":[{"embeddable":true,"href":"https:\/\/escofetoliver.com\/es\/wp-json\/wp\/v2\/comments?post=29162"}],"wp:featuredmedia":[{"embeddable":true,"href":"https:\/\/escofetoliver.com\/es\/wp-json\/wp\/v2\/media\/29160"}],"wp:attachment":[{"href":"https:\/\/escofetoliver.com\/es\/wp-json\/wp\/v2\/media?parent=29162"}],"wp:term":[{"taxonomy":"product_brand","embeddable":true,"href":"https:\/\/escofetoliver.com\/es\/wp-json\/wp\/v2\/product_brand?post=29162"},{"taxonomy":"product_cat","embeddable":true,"href":"https:\/\/escofetoliver.com\/es\/wp-json\/wp\/v2\/product_cat?post=29162"},{"taxonomy":"product_tag","embeddable":true,"href":"https:\/\/escofetoliver.com\/es\/wp-json\/wp\/v2\/product_tag?post=29162"}],"curies":[{"name":"wp","href":"https:\/\/api.w.org\/{rel}","templated":true}]}}