{"id":29134,"date":"2020-05-18T06:30:02","date_gmt":"2020-05-18T06:30:02","guid":{"rendered":"http:\/\/carnescofetacasa.com\/Producte\/ossobuco\/"},"modified":"2024-11-18T11:25:28","modified_gmt":"2024-11-18T10:25:28","slug":"ossobuco","status":"publish","type":"product","link":"https:\/\/escofetoliver.com\/es\/tienda\/carniceria\/ternera\/ossobuco\/","title":{"rendered":"Ossobuco de Ternera &#8211; 2 cortes &#8211; 600 G"},"content":{"rendered":"<p><span data-contrast=\"none\">De las mejores granjas de Catalunya llega una pieza de carne caracterizada por su melosidad. El <\/span><b><span data-contrast=\"none\">Ossobuco<\/span><\/b><span data-contrast=\"none\"> es un corte adecuado para cocinar al estofado, de manera lenta y as\u00ed reinar los platos combinados y varios acompa\u00f1amientos.<\/span><span data-ccp-props=\"{&quot;201341983&quot;:0,&quot;335551550&quot;:6,&quot;335551620&quot;:6,&quot;335559739&quot;:160,&quot;335559740&quot;:259}\">\u00a0<\/span><\/p>\n<p><span data-contrast=\"auto\">La <\/span><b><span data-contrast=\"auto\">Ternera<\/span><\/b><span data-contrast=\"auto\"> es un alimento esencial para una dieta sana y equilibrada, destacando por las prote\u00ednas de alta digestibilidad y gran valor biol\u00f3gico, ya que aportan amino\u00e1cidos necesarios por nuestro crecimiento y la reparaci\u00f3n de tejidos del organismo. Tambi\u00e9n es rica en vitaminas (del grupo B) y es una gran fuente de minerales como son el f\u00f3sforo, calcio, magnesio y hierro.<\/span><span data-ccp-props=\"{&quot;201341983&quot;:0,&quot;335559739&quot;:160,&quot;335559740&quot;:259}\">\u00a0<\/span><\/p>\n<p><span data-contrast=\"auto\">Escofet Oliver madura la carne de ternera un m\u00ednimo de 7 d\u00edas en refrigeraci\u00f3n para obtener una carne muy sabrosa y melosa.<\/span><span data-ccp-props=\"{&quot;201341983&quot;:0,&quot;335559739&quot;:160,&quot;335559740&quot;:259}\">\u00a0<\/span><\/p>\n<p><span data-contrast=\"none\">Sin AL\u00c9RGENOS.<\/span><span data-ccp-props=\"{&quot;201341983&quot;:0,&quot;335559739&quot;:160,&quot;335559740&quot;:259}\">\u00a0<\/span><\/p>\n","protected":false},"excerpt":{"rendered":"<p>Bandeja con 2 cortes de carne de ternera de aproximadamente 300 g cada uno.<\/p>\n","protected":false},"featured_media":54464,"comment_status":"open","ping_status":"closed","template":"","meta":{"_acf_changed":false},"product_brand":[],"product_cat":[5886],"product_tag":[7869,8796,11249,6014,7535],"class_list":{"0":"post-29134","1":"product","2":"type-product","3":"status-publish","4":"has-post-thumbnail","6":"product_cat-ternera","7":"product_tag-vedella-catalana-es","8":"product_tag-ossobuco-es","9":"product_tag-proteina-escofet-oliver-esp","10":"product_tag-carn-online","11":"product_tag-carnisseria-online-es","12":"product_shipping_class-entrega-en-domicilio","13":"pa_preciokg-2350-es","14":"pa_presentacio-safata-2","15":"pa_promotional-no-es-2","17":"first","18":"instock","19":"taxable","20":"shipping-taxable","21":"purchasable","22":"product-type-simple"},"acf":[],"_links":{"self":[{"href":"https:\/\/escofetoliver.com\/es\/wp-json\/wp\/v2\/product\/29134","targetHints":{"allow":["GET"]}}],"collection":[{"href":"https:\/\/escofetoliver.com\/es\/wp-json\/wp\/v2\/product"}],"about":[{"href":"https:\/\/escofetoliver.com\/es\/wp-json\/wp\/v2\/types\/product"}],"replies":[{"embeddable":true,"href":"https:\/\/escofetoliver.com\/es\/wp-json\/wp\/v2\/comments?post=29134"}],"wp:featuredmedia":[{"embeddable":true,"href":"https:\/\/escofetoliver.com\/es\/wp-json\/wp\/v2\/media\/54464"}],"wp:attachment":[{"href":"https:\/\/escofetoliver.com\/es\/wp-json\/wp\/v2\/media?parent=29134"}],"wp:term":[{"taxonomy":"product_brand","embeddable":true,"href":"https:\/\/escofetoliver.com\/es\/wp-json\/wp\/v2\/product_brand?post=29134"},{"taxonomy":"product_cat","embeddable":true,"href":"https:\/\/escofetoliver.com\/es\/wp-json\/wp\/v2\/product_cat?post=29134"},{"taxonomy":"product_tag","embeddable":true,"href":"https:\/\/escofetoliver.com\/es\/wp-json\/wp\/v2\/product_tag?post=29134"}],"curies":[{"name":"wp","href":"https:\/\/api.w.org\/{rel}","templated":true}]}}