{"id":29116,"date":"2020-05-07T13:21:43","date_gmt":"2020-05-07T13:21:43","guid":{"rendered":"http:\/\/carnescofetacasa.com\/Producte\/brebiurosse\/"},"modified":"2025-05-26T12:22:07","modified_gmt":"2025-05-26T10:22:07","slug":"brebirousse-es","status":"publish","type":"product","link":"https:\/\/escofetoliver.com\/es\/tienda\/quesos-yogures\/queso-pieza\/brebirousse-es\/","title":{"rendered":"Brebirousse d&#8217;Argental"},"content":{"rendered":"<p>El <strong>queso de oveja Brebirousse de Argental<\/strong> est\u00e1 muy arraigadoa Lyon. Bajo su caracter\u00edstica corteza naranja (tratada con agua salada) encontramos una incre\u00edble cremosidad que hace de este queso un untable de primer nivel, sobretodo por el car\u00e1cter afrutado y acido de sus matices. Cuanto mas madura este queso, mas refinado y cremoso se vuelve.<\/p>\n<p>Queso de leche de oveja pasteurizada. 50% M.G.\/E.S.<\/p>\n<p><strong>Maduraci\u00f3n<\/strong>: Doce d\u00edas.<\/p>\n<p><strong>Al\u00e9rgenos<\/strong>: Derivados de la LECHE y colorantes.<\/p>\n<p><strong>Ingredientes<\/strong>:<\/p>\n<p>Leche de oveja y agua salada.<\/p>\n","protected":false},"excerpt":{"rendered":"<p>Pieza 250 g<\/p>\n","protected":false},"featured_media":29112,"comment_status":"open","ping_status":"closed","template":"","meta":{"_acf_changed":false},"product_brand":[],"product_cat":[5862,5890],"product_tag":[8189,8197,8201,8444,8454,8455,7619,8096,8097,8105,8107,9061],"class_list":{"0":"post-29116","1":"product","2":"type-product","3":"status-publish","4":"has-post-thumbnail","6":"product_cat-quesos-yogures","7":"product_cat-queso-pieza","8":"product_tag-formatge-es","9":"product_tag-lactis-es","10":"product_tag-ovella-es","11":"product_tag-oveja-es","12":"product_tag-francia-es","13":"product_tag-franca-es","14":"product_tag-compra-carne-barbacoa-es","15":"product_tag-llet-es","16":"product_tag-leche-es","17":"product_tag-lacteos-es","18":"product_tag-quesos-es","19":"product_tag-leches-es","20":"product_shipping_class-entrega-en-domicilio","21":"pa_promotional-no-es-2","23":"first","24":"instock","25":"taxable","26":"shipping-taxable","27":"purchasable","28":"product-type-simple"},"acf":[],"_links":{"self":[{"href":"https:\/\/escofetoliver.com\/es\/wp-json\/wp\/v2\/product\/29116","targetHints":{"allow":["GET"]}}],"collection":[{"href":"https:\/\/escofetoliver.com\/es\/wp-json\/wp\/v2\/product"}],"about":[{"href":"https:\/\/escofetoliver.com\/es\/wp-json\/wp\/v2\/types\/product"}],"replies":[{"embeddable":true,"href":"https:\/\/escofetoliver.com\/es\/wp-json\/wp\/v2\/comments?post=29116"}],"wp:featuredmedia":[{"embeddable":true,"href":"https:\/\/escofetoliver.com\/es\/wp-json\/wp\/v2\/media\/29112"}],"wp:attachment":[{"href":"https:\/\/escofetoliver.com\/es\/wp-json\/wp\/v2\/media?parent=29116"}],"wp:term":[{"taxonomy":"product_brand","embeddable":true,"href":"https:\/\/escofetoliver.com\/es\/wp-json\/wp\/v2\/product_brand?post=29116"},{"taxonomy":"product_cat","embeddable":true,"href":"https:\/\/escofetoliver.com\/es\/wp-json\/wp\/v2\/product_cat?post=29116"},{"taxonomy":"product_tag","embeddable":true,"href":"https:\/\/escofetoliver.com\/es\/wp-json\/wp\/v2\/product_tag?post=29116"}],"curies":[{"name":"wp","href":"https:\/\/api.w.org\/{rel}","templated":true}]}}