{"id":29110,"date":"2020-05-07T13:08:16","date_gmt":"2020-05-07T13:08:16","guid":{"rendered":"http:\/\/carnescofetacasa.com\/Producte\/saint-felicien\/"},"modified":"2024-02-15T11:03:22","modified_gmt":"2024-02-15T10:03:22","slug":"saint-felicien-es","status":"publish","type":"product","link":"https:\/\/escofetoliver.com\/es\/tienda\/quesos-yogures\/queso-pieza\/saint-felicien-es\/","title":{"rendered":"Saint-F\u00e9licien"},"content":{"rendered":"<p>El Saint-F\u00e9licien es un queso untuoso que enamora por su regusto suave. Elaborado en la regi\u00f3n de Rh\u00f4ne-Alpes con leche de vaca, sigue el tradicional proceso de maduraci\u00f3n de tres semanas en madera, lo cual le da como resultado final unas cremosidades que hacen a\u00fan m\u00e1s interesante la experiencia.<\/p>\n<p><strong>Maduraci\u00f3n<\/strong>: TRES semanas.<\/p>\n<p><strong>Al\u00e9rgenos<\/strong>: Derivados de la LECHE y de HUEVOS.<\/p>\n","protected":false},"excerpt":{"rendered":"<p>Bandeja 180 g<\/p>\n","protected":false},"featured_media":39419,"comment_status":"open","ping_status":"closed","template":"","meta":{"_acf_changed":false},"product_brand":[],"product_cat":[5862,5890],"product_tag":[],"class_list":{"0":"post-29110","1":"product","2":"type-product","3":"status-publish","4":"has-post-thumbnail","6":"product_cat-quesos-yogures","7":"product_cat-queso-pieza","8":"product_shipping_class-entrega-en-domicilio","9":"pa_promotional-no-es-2","11":"first","12":"instock","13":"taxable","14":"shipping-taxable","15":"purchasable","16":"product-type-simple"},"acf":[],"_links":{"self":[{"href":"https:\/\/escofetoliver.com\/es\/wp-json\/wp\/v2\/product\/29110","targetHints":{"allow":["GET"]}}],"collection":[{"href":"https:\/\/escofetoliver.com\/es\/wp-json\/wp\/v2\/product"}],"about":[{"href":"https:\/\/escofetoliver.com\/es\/wp-json\/wp\/v2\/types\/product"}],"replies":[{"embeddable":true,"href":"https:\/\/escofetoliver.com\/es\/wp-json\/wp\/v2\/comments?post=29110"}],"wp:featuredmedia":[{"embeddable":true,"href":"https:\/\/escofetoliver.com\/es\/wp-json\/wp\/v2\/media\/39419"}],"wp:attachment":[{"href":"https:\/\/escofetoliver.com\/es\/wp-json\/wp\/v2\/media?parent=29110"}],"wp:term":[{"taxonomy":"product_brand","embeddable":true,"href":"https:\/\/escofetoliver.com\/es\/wp-json\/wp\/v2\/product_brand?post=29110"},{"taxonomy":"product_cat","embeddable":true,"href":"https:\/\/escofetoliver.com\/es\/wp-json\/wp\/v2\/product_cat?post=29110"},{"taxonomy":"product_tag","embeddable":true,"href":"https:\/\/escofetoliver.com\/es\/wp-json\/wp\/v2\/product_tag?post=29110"}],"curies":[{"name":"wp","href":"https:\/\/api.w.org\/{rel}","templated":true}]}}