{"id":29054,"date":"2020-05-05T07:11:07","date_gmt":"2020-05-05T07:11:07","guid":{"rendered":"http:\/\/carnescofetacasa.com\/Producte\/pernil-iberic-enceball\/"},"modified":"2025-10-23T11:35:54","modified_gmt":"2025-10-23T09:35:54","slug":"pernil-iberic-enceball","status":"publish","type":"product","link":"https:\/\/escofetoliver.com\/es\/tienda\/embutidos\/ibericos\/pernil-iberic-enceball\/","title":{"rendered":"Jam\u00f3n Ib\u00e9rico de cebo loncheado &#8211; 100 g"},"content":{"rendered":"<p>Jam\u00f3n ib\u00e9rico de cebo de Guijuelo. Piezas seleccionadas por Escofet Oliver por su alta calidad. <span>Ideal para aperitivos, acompa\u00f1antes o un buen almuerzo.<\/span><\/p>\n<p>&nbsp;<\/p>\n<p>Ingredientes: Jam\u00f3n de cerdo ib\u00e9rico de cebo campo, sal marina, antioxidante: E-331 y conservadores: E-250 y E-252.<\/p>\n<p>Conservaci\u00f3n: Conservar en lugar fresco y seco, bajo condiciones de temperatura ambiente,para piezas enteras.<\/p>\n","protected":false},"excerpt":{"rendered":"<p>Bolsa al vacio con 100 g<\/p>\n","protected":false},"featured_media":29052,"comment_status":"open","ping_status":"closed","template":"","meta":{"_acf_changed":false},"product_brand":[],"product_cat":[5932],"product_tag":[],"class_list":{"0":"post-29054","1":"product","2":"type-product","3":"status-publish","4":"has-post-thumbnail","6":"product_cat-ibericos","7":"pa_preciokg-10448","8":"pa_promotional-no-es-2","10":"first","11":"instock","12":"taxable","13":"shipping-taxable","14":"purchasable","15":"product-type-simple"},"acf":[],"_links":{"self":[{"href":"https:\/\/escofetoliver.com\/es\/wp-json\/wp\/v2\/product\/29054","targetHints":{"allow":["GET"]}}],"collection":[{"href":"https:\/\/escofetoliver.com\/es\/wp-json\/wp\/v2\/product"}],"about":[{"href":"https:\/\/escofetoliver.com\/es\/wp-json\/wp\/v2\/types\/product"}],"replies":[{"embeddable":true,"href":"https:\/\/escofetoliver.com\/es\/wp-json\/wp\/v2\/comments?post=29054"}],"wp:featuredmedia":[{"embeddable":true,"href":"https:\/\/escofetoliver.com\/es\/wp-json\/wp\/v2\/media\/29052"}],"wp:attachment":[{"href":"https:\/\/escofetoliver.com\/es\/wp-json\/wp\/v2\/media?parent=29054"}],"wp:term":[{"taxonomy":"product_brand","embeddable":true,"href":"https:\/\/escofetoliver.com\/es\/wp-json\/wp\/v2\/product_brand?post=29054"},{"taxonomy":"product_cat","embeddable":true,"href":"https:\/\/escofetoliver.com\/es\/wp-json\/wp\/v2\/product_cat?post=29054"},{"taxonomy":"product_tag","embeddable":true,"href":"https:\/\/escofetoliver.com\/es\/wp-json\/wp\/v2\/product_tag?post=29054"}],"curies":[{"name":"wp","href":"https:\/\/api.w.org\/{rel}","templated":true}]}}