{"id":29050,"date":"2020-05-05T06:59:41","date_gmt":"2020-05-05T06:59:41","guid":{"rendered":"http:\/\/carnescofetacasa.com\/Producte\/camembert-normandie\/"},"modified":"2024-03-18T12:49:48","modified_gmt":"2024-03-18T11:49:48","slug":"camembert-normandie","status":"publish","type":"product","link":"https:\/\/escofetoliver.com\/es\/tienda\/quesos-yogures\/queso-pieza\/camembert-normandie\/","title":{"rendered":"Camembert de Normandie AOP &#8211; 250 g"},"content":{"rendered":"<p><span>Origen: FRANCIA<\/span><\/p>\n<p><span>La experiencia de los maestros queseros y la tradici\u00f3n hacen del Camembert de la regi\u00f3n de Normand\u00eda el m\u00e1s famoso\u00a0en el mundo. Es un queso blando de leche cruda de vaca; con texturas cremosas y aromas l\u00e1cteos y afrutados.<\/span><\/p>\n<p><span>Maduraci\u00f3n: Cuatro semanas. 45% MG\/ES.<\/span><\/p>\n<p><span>Al\u00e9rgenos: Derivados de la LECHE de vaca.<\/span><\/p>\n","protected":false},"excerpt":{"rendered":"<p>Cajita de madera con 250 g de queso.<\/p>\n","protected":false},"featured_media":29048,"comment_status":"open","ping_status":"closed","template":"","meta":{"_acf_changed":false},"product_brand":[],"product_cat":[5862,5890],"product_tag":[8190,11032],"class_list":{"0":"post-29050","1":"product","2":"type-product","3":"status-publish","4":"has-post-thumbnail","6":"product_cat-quesos-yogures","7":"product_cat-queso-pieza","8":"product_tag-llet-de-vaca-es","9":"product_tag-queso-francia","10":"product_shipping_class-entrega-en-domicilio","11":"pa_caracteristicas-denom_origen_cast-es","12":"pa_promotional-no-es-2","14":"first","15":"instock","16":"taxable","17":"shipping-taxable","18":"purchasable","19":"product-type-simple"},"acf":[],"_links":{"self":[{"href":"https:\/\/escofetoliver.com\/es\/wp-json\/wp\/v2\/product\/29050","targetHints":{"allow":["GET"]}}],"collection":[{"href":"https:\/\/escofetoliver.com\/es\/wp-json\/wp\/v2\/product"}],"about":[{"href":"https:\/\/escofetoliver.com\/es\/wp-json\/wp\/v2\/types\/product"}],"replies":[{"embeddable":true,"href":"https:\/\/escofetoliver.com\/es\/wp-json\/wp\/v2\/comments?post=29050"}],"wp:featuredmedia":[{"embeddable":true,"href":"https:\/\/escofetoliver.com\/es\/wp-json\/wp\/v2\/media\/29048"}],"wp:attachment":[{"href":"https:\/\/escofetoliver.com\/es\/wp-json\/wp\/v2\/media?parent=29050"}],"wp:term":[{"taxonomy":"product_brand","embeddable":true,"href":"https:\/\/escofetoliver.com\/es\/wp-json\/wp\/v2\/product_brand?post=29050"},{"taxonomy":"product_cat","embeddable":true,"href":"https:\/\/escofetoliver.com\/es\/wp-json\/wp\/v2\/product_cat?post=29050"},{"taxonomy":"product_tag","embeddable":true,"href":"https:\/\/escofetoliver.com\/es\/wp-json\/wp\/v2\/product_tag?post=29050"}],"curies":[{"name":"wp","href":"https:\/\/api.w.org\/{rel}","templated":true}]}}