{"id":28970,"date":"2020-04-26T14:25:40","date_gmt":"2020-04-26T14:25:40","guid":{"rendered":"http:\/\/carnescofetacasa.com\/Producte\/morbier\/"},"modified":"2025-02-28T12:21:46","modified_gmt":"2025-02-28T11:21:46","slug":"morbier","status":"publish","type":"product","link":"https:\/\/escofetoliver.com\/es\/tienda\/quesos-yogures\/queso-pieza\/morbier\/","title":{"rendered":"Morbier AOP &#8211; 250 g"},"content":{"rendered":"<p>El <strong><span class=\"hiddenSpellError\" onkeypress=\"MORFOLOGIK_RULE_CA_ES---#---undefined---#---Possible error ortogr\u00e0fic.---#---Morber---#---Morbier\">Morbier<\/span>\u00a0<span class=\"hiddenSpellError\" onkeypress=\"MORFOLOGIK_RULE_CA_ES---#---undefined---#---Possible error ortogr\u00e0fic.---#---COP#POP#TOP#XOP#HOP#ALP#ATP#AO#ARP#ASP#OAP#ACOP#APP#BOP#C\u00d3P#DOP#SOP#AOL---#---AOP\">AOP <\/span><\/strong><span class=\"hiddenSpellError\" onkeypress=\"MORFOLOGIK_RULE_CA_ES---#---undefined---#---Possible error ortogr\u00e0fic.---#---COP#POP#TOP#XOP#HOP#ALP#ATP#AO#ARP#ASP#OAP#ACOP#APP#BOP#C\u00d3P#DOP#SOP#AOL---#---AOP\">es un queso artesano franc\u00e9s elaborado con leche cruda de vaca. Una deliciosa pieza de pasta blanda y definida por su suavidad. En el paladar juega con una combinaci\u00f3n de aromas afrutados y matices que nos recuerdan a las finas hiervas. Toda su peculiaridad reside en la elaboraci\u00f3n artesanal en calderos de cobre y posterior maduraci\u00f3n en las bodegas de Granjas de Nargoz, revestidas con madera y ladrillo.<\/span><\/p>\n<p>Todas la piezas se catan y degustan antes de su venta, para garantizar la calidad.<\/p>\n<p><strong>Maduraci\u00f3n\u00a0<\/strong>entre 3-5 meses. 50% MG\/ES<\/p>\n<p><strong>Al\u00e9rgenos<\/strong>: Derivados de la LECHE.<\/p>\n<p><strong>Ingredientes<\/strong>:<\/p>\n<p><span>Leche de vaca, fermentos l\u00e1cticos, cuajo y sal.<\/span><\/p>\n","protected":false},"excerpt":{"rendered":"<p>Queso envasado al vac\u00edo con 250 g<\/p>\n","protected":false},"featured_media":39387,"comment_status":"open","ping_status":"closed","template":"","meta":{"_acf_changed":false},"product_brand":[],"product_cat":[5862,5890],"product_tag":[7495,8107,8189,8455],"class_list":{"0":"post-28970","1":"product","2":"type-product","3":"status-publish","4":"has-post-thumbnail","6":"product_cat-quesos-yogures","7":"product_cat-queso-pieza","8":"product_tag-escofet-oliver-es","9":"product_tag-quesos-es","10":"product_tag-formatge-es","11":"product_tag-franca-es","12":"product_shipping_class-entrega-en-domicilio","13":"pa_caracteristicas-denom_origen_cast-es","14":"pa_preciokg-3450-es","15":"pa_promotional-no-es-2","17":"first","18":"instock","19":"taxable","20":"shipping-taxable","21":"purchasable","22":"product-type-simple"},"acf":[],"_links":{"self":[{"href":"https:\/\/escofetoliver.com\/es\/wp-json\/wp\/v2\/product\/28970","targetHints":{"allow":["GET"]}}],"collection":[{"href":"https:\/\/escofetoliver.com\/es\/wp-json\/wp\/v2\/product"}],"about":[{"href":"https:\/\/escofetoliver.com\/es\/wp-json\/wp\/v2\/types\/product"}],"replies":[{"embeddable":true,"href":"https:\/\/escofetoliver.com\/es\/wp-json\/wp\/v2\/comments?post=28970"}],"wp:featuredmedia":[{"embeddable":true,"href":"https:\/\/escofetoliver.com\/es\/wp-json\/wp\/v2\/media\/39387"}],"wp:attachment":[{"href":"https:\/\/escofetoliver.com\/es\/wp-json\/wp\/v2\/media?parent=28970"}],"wp:term":[{"taxonomy":"product_brand","embeddable":true,"href":"https:\/\/escofetoliver.com\/es\/wp-json\/wp\/v2\/product_brand?post=28970"},{"taxonomy":"product_cat","embeddable":true,"href":"https:\/\/escofetoliver.com\/es\/wp-json\/wp\/v2\/product_cat?post=28970"},{"taxonomy":"product_tag","embeddable":true,"href":"https:\/\/escofetoliver.com\/es\/wp-json\/wp\/v2\/product_tag?post=28970"}],"curies":[{"name":"wp","href":"https:\/\/api.w.org\/{rel}","templated":true}]}}