{"id":28964,"date":"2020-04-25T12:16:36","date_gmt":"2020-04-25T12:16:36","guid":{"rendered":"http:\/\/carnescofetacasa.com\/Producte\/compte-15m\/"},"modified":"2025-02-28T12:21:49","modified_gmt":"2025-02-28T11:21:49","slug":"compte-15m","status":"publish","type":"product","link":"https:\/\/escofetoliver.com\/es\/tienda\/quesos-yogures\/queso-pieza\/compte-15m\/","title":{"rendered":"Comt\u00e9 15 meses AOP de Saint Antoine &#8211; 250 g"},"content":{"rendered":"<p>Origen: Francia<\/p>\n<p>El\u00a0<span class=\"hiddenSpellError\" onkeypress=\"MORFOLOGIK_RULE_CA_ES---#---undefined---#---Possible error ortogr\u00e0fic.---#---Comte#Compte#Conte#Cont\u00e9#Comit\u00e8#Culte#Come#Comtes#Coste#Comn\u00e8#Como\u00e9#Comet\u00e9#Comit\u00e9#Copte#Cote#Cuite#Cum\u00e8#Cum\u00e9#Domte#Com t\u00e9---#---Comt\u00e9\">Comt\u00e9<\/span>\u00a0AOP de Saint Antoine\u00a0es un queso franc\u00e9s cremoso, de agradable cristalizado y bien fundente. Elaborado con leche cruda de vaca, expresa\u00a0el estilo elegante de Marcel Petite; un estilo que combina delicadez con la riqueza de sus sabores afrutados y una notable suavidad ene le paladar.<\/p>\n<p>Maduraci\u00f3n de quince meses. 50% MG\/ES<\/p>\n<p>Al\u00e9rgenos: Derivados de la LECHE.<\/p>\n<p>&nbsp;<\/p>\n","protected":false},"excerpt":{"rendered":"<p>Queso envasado al vac\u00edo con 250 g<\/p>\n","protected":false},"featured_media":28962,"comment_status":"open","ping_status":"closed","template":"","meta":{"_acf_changed":false},"product_brand":[],"product_cat":[5862,5890],"product_tag":[8190],"class_list":{"0":"post-28964","1":"product","2":"type-product","3":"status-publish","4":"has-post-thumbnail","6":"product_cat-quesos-yogures","7":"product_cat-queso-pieza","8":"product_tag-llet-de-vaca-es","9":"product_shipping_class-entrega-en-domicilio","10":"pa_promotional-no-es-2","12":"first","13":"instock","14":"taxable","15":"shipping-taxable","16":"purchasable","17":"product-type-simple"},"acf":[],"_links":{"self":[{"href":"https:\/\/escofetoliver.com\/es\/wp-json\/wp\/v2\/product\/28964","targetHints":{"allow":["GET"]}}],"collection":[{"href":"https:\/\/escofetoliver.com\/es\/wp-json\/wp\/v2\/product"}],"about":[{"href":"https:\/\/escofetoliver.com\/es\/wp-json\/wp\/v2\/types\/product"}],"replies":[{"embeddable":true,"href":"https:\/\/escofetoliver.com\/es\/wp-json\/wp\/v2\/comments?post=28964"}],"wp:featuredmedia":[{"embeddable":true,"href":"https:\/\/escofetoliver.com\/es\/wp-json\/wp\/v2\/media\/28962"}],"wp:attachment":[{"href":"https:\/\/escofetoliver.com\/es\/wp-json\/wp\/v2\/media?parent=28964"}],"wp:term":[{"taxonomy":"product_brand","embeddable":true,"href":"https:\/\/escofetoliver.com\/es\/wp-json\/wp\/v2\/product_brand?post=28964"},{"taxonomy":"product_cat","embeddable":true,"href":"https:\/\/escofetoliver.com\/es\/wp-json\/wp\/v2\/product_cat?post=28964"},{"taxonomy":"product_tag","embeddable":true,"href":"https:\/\/escofetoliver.com\/es\/wp-json\/wp\/v2\/product_tag?post=28964"}],"curies":[{"name":"wp","href":"https:\/\/api.w.org\/{rel}","templated":true}]}}