{"id":28960,"date":"2020-04-25T11:58:03","date_gmt":"2020-04-25T11:58:03","guid":{"rendered":"http:\/\/carnescofetacasa.com\/Producte\/pit-gall-dindi-virutes\/"},"modified":"2023-09-19T12:48:27","modified_gmt":"2023-09-19T10:48:27","slug":"pechuga-virutas","status":"publish","type":"product","link":"https:\/\/escofetoliver.com\/es\/tienda\/embutidos\/cocidos\/pechuga-virutas\/","title":{"rendered":"Pechuga de pavo a virutas &#8211; 150 g"},"content":{"rendered":"<p><span>La pechuga de pavo es un embutido de calidad, y nosotros lo presentamos en cortes muy fin\u00edsimos, a gusto del cliente. Es un alimento que se consume tanto por su amplia aportaci\u00f3n nutricional como por su incre\u00edble sabor. Adem\u00e1s es popular, ya sea entre los m\u00e1s peque\u00f1os (sobre todo en la hora de la merienda o el\u00a0<a href=\"https:\/\/escofetoliver.com\/es\/?s=almuerzo\">almuerzo<\/a>) como entre los adultos. Charcuter\u00eda de aut\u00e9ntica calidad.<\/span><\/p>\n<p>Es una manera adecuada y divertida de aportar prote\u00ednas a nuestro organismo. Se trata de un alimento con un contenido bajo en grasa, dado que es una carne muy magra.<\/p>\n<p>En nuestra charcuter\u00eda lo presentamos en virutas.<\/p>\n<p>\u2014<\/p>\n<p>El pavo es un animal con una carne muy rica en prote\u00ednas. Aporta una gran cantidad de vitaminas del grupo B al organismo. Es una buena fuente de hierro, f\u00f3sforo y zinc.<\/p>\n<p>&nbsp;<\/p>\n<p>Al\u00e9rgenos Contiene sulfitos y derivados de la LECHE.<\/p>\n<p>Ingredientes<\/p>\n<p>Pechuga de pavo (92%), agua, sal marina, dextrosa, estabilizante (trifosfato s\u00f3dico), aroma, especies, antioxidante (E-301) y conservante(E-250).<\/p>\n<p>&nbsp;<\/p>\n<p>&nbsp;<\/p>\n<p>&nbsp;<\/p>\n","protected":false},"excerpt":{"rendered":"<p>Bolsa con 150 g<\/p>\n","protected":false},"featured_media":28958,"comment_status":"open","ping_status":"closed","template":"","meta":{"_acf_changed":false},"product_brand":[],"product_cat":[5860,5920],"product_tag":[10085,11079],"class_list":{"0":"post-28960","1":"product","2":"type-product","3":"status-publish","4":"has-post-thumbnail","6":"product_cat-embutidos","7":"product_cat-cocidos","8":"product_tag-pit-de-gall-dindi-tallat-a-virutes-a-la-carnisseria-online-descofet-oliver-es-2","9":"product_tag-vuelta-cole","10":"product_shipping_class-entrega-en-domicilio","11":"pa_preciokg-2650-es","12":"pa_promotional-no-es-2","14":"first","15":"instock","16":"taxable","17":"shipping-taxable","18":"purchasable","19":"product-type-simple"},"acf":[],"_links":{"self":[{"href":"https:\/\/escofetoliver.com\/es\/wp-json\/wp\/v2\/product\/28960","targetHints":{"allow":["GET"]}}],"collection":[{"href":"https:\/\/escofetoliver.com\/es\/wp-json\/wp\/v2\/product"}],"about":[{"href":"https:\/\/escofetoliver.com\/es\/wp-json\/wp\/v2\/types\/product"}],"replies":[{"embeddable":true,"href":"https:\/\/escofetoliver.com\/es\/wp-json\/wp\/v2\/comments?post=28960"}],"wp:featuredmedia":[{"embeddable":true,"href":"https:\/\/escofetoliver.com\/es\/wp-json\/wp\/v2\/media\/28958"}],"wp:attachment":[{"href":"https:\/\/escofetoliver.com\/es\/wp-json\/wp\/v2\/media?parent=28960"}],"wp:term":[{"taxonomy":"product_brand","embeddable":true,"href":"https:\/\/escofetoliver.com\/es\/wp-json\/wp\/v2\/product_brand?post=28960"},{"taxonomy":"product_cat","embeddable":true,"href":"https:\/\/escofetoliver.com\/es\/wp-json\/wp\/v2\/product_cat?post=28960"},{"taxonomy":"product_tag","embeddable":true,"href":"https:\/\/escofetoliver.com\/es\/wp-json\/wp\/v2\/product_tag?post=28960"}],"curies":[{"name":"wp","href":"https:\/\/api.w.org\/{rel}","templated":true}]}}