{"id":28956,"date":"2020-04-25T11:51:44","date_gmt":"2020-04-25T11:51:44","guid":{"rendered":"http:\/\/carnescofetacasa.com\/Producte\/pernil-virutes\/"},"modified":"2025-03-14T13:08:23","modified_gmt":"2025-03-14T12:08:23","slug":"jamon-virutas","status":"publish","type":"product","link":"https:\/\/escofetoliver.com\/es\/tienda\/embutidos\/cocidos\/jamon-virutas\/","title":{"rendered":"Jam\u00f3n cocido a virutas &#8211; 150 g"},"content":{"rendered":"<p>El jam\u00f3n cocido extra est\u00e1 elaborado con jam\u00f3n de cerdo de primera calidad. Es un producto que se consume tanto por su aportaci\u00f3n nutricional como por su gusto, y es popular ya sea entre los m\u00e1s peque\u00f1os como los grandes, sobre todo a la hora de la merienda o el almuerzo.<\/p>\n<p>Es rico en sodio y en prote\u00ednas, y su nivel cal\u00f3rico es reducido, lo que hace que sea un gran aliado si se quiere controlar el peso.<\/p>\n<p>Lo preparamos a la nuestra charcuter\u00eda, cort\u00e1ndolo en virutas.<\/p>\n<p>&#8212;<\/p>\n<p><span>La\u00a0<\/span><span>carne de cerdo<\/span><span>\u00a0es rica en prote\u00ednas, hierro y vitamina B12 y baja en grasas. Adem\u00e1s, tiene una proporci\u00f3n de \u00e1cidos grasos monoinsaturados y de vitamina B1 superior a otras carnes. Es una carne muy deliciosa y necesaria para cualquier tipo de dieta equilibrada y tiene una textura y sabor diferenciales. Por eso es una de las m\u00e1s consumidas.\u00a0<\/span><\/p>\n<p>Ingredientes:<\/p>\n<p>Jam\u00f3n, agua, sal, dextrosa, extractos de levadura, gelificante (E-407, E-508), estabilizantes (E-451 i, E-450 y E-415), antioxidante (E-301), conservante (E-250), aroma natural.<\/p>\n<p>Conservaci\u00f3n: <span>Mantener entre 0 y 5 \u00b0C. Una vez abierto el envase, consumidlo antes de 48 horas.<\/span><\/p>\n<p>&nbsp;<\/p>\n","protected":false},"excerpt":{"rendered":"<p>Bandeja con 150 g de jam\u00f3n cocido<\/p>\n","protected":false},"featured_media":28954,"comment_status":"open","ping_status":"closed","template":"","meta":{"_acf_changed":false},"product_brand":[],"product_cat":[5860,5920],"product_tag":[10086,11079],"class_list":{"0":"post-28956","1":"product","2":"type-product","3":"status-publish","4":"has-post-thumbnail","6":"product_cat-embutidos","7":"product_cat-cocidos","8":"product_tag-pernil-cuit-a-virutes-de-la-carnisseria-online-descofet-oliver-es-2","9":"product_tag-vuelta-cole","10":"product_shipping_class-entrega-en-domicilio","11":"pa_preciokg-1640-es","12":"pa_promotional-no-es-2","14":"first","15":"instock","16":"taxable","17":"shipping-taxable","18":"purchasable","19":"product-type-simple"},"acf":[],"_links":{"self":[{"href":"https:\/\/escofetoliver.com\/es\/wp-json\/wp\/v2\/product\/28956","targetHints":{"allow":["GET"]}}],"collection":[{"href":"https:\/\/escofetoliver.com\/es\/wp-json\/wp\/v2\/product"}],"about":[{"href":"https:\/\/escofetoliver.com\/es\/wp-json\/wp\/v2\/types\/product"}],"replies":[{"embeddable":true,"href":"https:\/\/escofetoliver.com\/es\/wp-json\/wp\/v2\/comments?post=28956"}],"wp:featuredmedia":[{"embeddable":true,"href":"https:\/\/escofetoliver.com\/es\/wp-json\/wp\/v2\/media\/28954"}],"wp:attachment":[{"href":"https:\/\/escofetoliver.com\/es\/wp-json\/wp\/v2\/media?parent=28956"}],"wp:term":[{"taxonomy":"product_brand","embeddable":true,"href":"https:\/\/escofetoliver.com\/es\/wp-json\/wp\/v2\/product_brand?post=28956"},{"taxonomy":"product_cat","embeddable":true,"href":"https:\/\/escofetoliver.com\/es\/wp-json\/wp\/v2\/product_cat?post=28956"},{"taxonomy":"product_tag","embeddable":true,"href":"https:\/\/escofetoliver.com\/es\/wp-json\/wp\/v2\/product_tag?post=28956"}],"curies":[{"name":"wp","href":"https:\/\/api.w.org\/{rel}","templated":true}]}}