{"id":28942,"date":"2020-04-25T11:09:07","date_gmt":"2020-04-25T11:09:07","guid":{"rendered":"http:\/\/carnescofetacasa.com\/Producte\/gran-sierra\/"},"modified":"2023-09-06T18:08:30","modified_gmt":"2023-09-06T16:08:30","slug":"gran-sierra-es","status":"publish","type":"product","link":"https:\/\/escofetoliver.com\/es\/tienda\/quesos-yogures\/queso-loncha\/gran-sierra-es\/","title":{"rendered":"Gran Sierra Cad\u00ed loncheado &#8211; 150 g"},"content":{"rendered":"<p><span>Queso tierno de las monta\u00f1as del\u00a0<\/span><span>Cad\u00ed<\/span><span>\u00a0para los aperitivos, los momentos tranquilos o el <a href=\"https:\/\/escofetoliver.com\/es\/?s=almuerzo\">almuerzo<\/a>.<\/span><\/p>\n<p><span>El Grand Sierra es un queso de leche de vaca pasteurizada. Elaborado en el Pirineo catal\u00e1n (en las mejores ganader\u00edas del Alt Urgell-Cerda\u00f1a) convirti\u00e9ndolo en un producto de proximidad de gran calidad. Es un queso madurado de pasta prensada de color marfil homog\u00e9neo, con agujeros muy repartidos y de dimensiones irregulares. Con un caracter\u00edstico gusto suave y con personalidad.<\/span><\/p>\n<p><span>Se presenta en\u00a0pr\u00e1cticas\u00a0rebanadas para ahorrar tiempos y reducir las mermas.<\/span><\/p>\n<p><strong>Ingredientes:<\/strong> <span>LECHE de vaca pasteurizada,\u00a0<\/span><span>fermentos<\/span><span>\u00a0<\/span><span>l\u00e1cticos, cuajo, aroma natural de queso, sal y\u00a0<\/span><span>conservadores<\/span><span>\u00a0en corteza. (E235, E202).<\/span><\/p>\n<p><strong>Al\u00e9rgenos:<\/strong> Derivados de la LECHE.<\/p>\n<p>&nbsp;<\/p>\n","protected":false},"excerpt":{"rendered":"<p>Bolsa al vac\u00edo con 150 g de queso loncheado.<\/p>\n","protected":false},"featured_media":28938,"comment_status":"open","ping_status":"closed","template":"","meta":{"_acf_changed":false},"product_brand":[],"product_cat":[5862,5878],"product_tag":[8189,8196,8107],"class_list":{"0":"post-28942","1":"product","2":"type-product","3":"status-publish","4":"has-post-thumbnail","6":"product_cat-quesos-yogures","7":"product_cat-queso-loncha","8":"product_tag-formatge-es","9":"product_tag-queso-es","10":"product_tag-quesos-es","11":"product_shipping_class-entrega-en-domicilio","12":"pa_preciokg-1650-es","13":"pa_promotional-no-es-2","15":"first","16":"instock","17":"taxable","18":"shipping-taxable","19":"purchasable","20":"product-type-simple"},"acf":[],"_links":{"self":[{"href":"https:\/\/escofetoliver.com\/es\/wp-json\/wp\/v2\/product\/28942","targetHints":{"allow":["GET"]}}],"collection":[{"href":"https:\/\/escofetoliver.com\/es\/wp-json\/wp\/v2\/product"}],"about":[{"href":"https:\/\/escofetoliver.com\/es\/wp-json\/wp\/v2\/types\/product"}],"replies":[{"embeddable":true,"href":"https:\/\/escofetoliver.com\/es\/wp-json\/wp\/v2\/comments?post=28942"}],"wp:featuredmedia":[{"embeddable":true,"href":"https:\/\/escofetoliver.com\/es\/wp-json\/wp\/v2\/media\/28938"}],"wp:attachment":[{"href":"https:\/\/escofetoliver.com\/es\/wp-json\/wp\/v2\/media?parent=28942"}],"wp:term":[{"taxonomy":"product_brand","embeddable":true,"href":"https:\/\/escofetoliver.com\/es\/wp-json\/wp\/v2\/product_brand?post=28942"},{"taxonomy":"product_cat","embeddable":true,"href":"https:\/\/escofetoliver.com\/es\/wp-json\/wp\/v2\/product_cat?post=28942"},{"taxonomy":"product_tag","embeddable":true,"href":"https:\/\/escofetoliver.com\/es\/wp-json\/wp\/v2\/product_tag?post=28942"}],"curies":[{"name":"wp","href":"https:\/\/api.w.org\/{rel}","templated":true}]}}