{"id":28922,"date":"2020-04-23T14:09:04","date_gmt":"2020-04-23T14:09:04","guid":{"rendered":"http:\/\/carnescofetacasa.com\/Producte\/frankfurt\/"},"modified":"2025-04-04T11:27:15","modified_gmt":"2025-04-04T09:27:15","slug":"frankfurt","status":"publish","type":"product","link":"https:\/\/escofetoliver.com\/es\/tienda\/embutidos\/cocidos\/frankfurt\/","title":{"rendered":"Frankfurt Schara Artesano &#8211; 4 unidades"},"content":{"rendered":"<p>SCHARA El Artesano es fiel al estilo tradicional alem\u00e1n. Elaborada artesanalmente, esta salchicha de Frankfurt te cautivar\u00e1, ya sea preparada a la parrilla o en agua muy caliente. De grosor medio y con tripa natural crujiente, \u00e9sta es la salchicha ideal para tu mejor bocadillo. Carne selecta 100% de cerdo.<\/p>\n<div class=\"product-accordeon__title product-accordeon__title--active\">Sin <strong>al\u00e9rgenos. <\/strong>No contiene Gluten, ni Lactosa, ni Glutamato.<\/div>\n<div class=\"product-accordeon__content\">\n<div class=\"product-accordeon__text\">\n<p>&nbsp;<\/p>\n<\/div>\n<\/div>\n","protected":false},"excerpt":{"rendered":"<p>Bolsa al vac\u00edo con 4 u de Frankfurt artesano embutido en tripa natural.<br \/>\n340 g<\/p>\n","protected":false},"featured_media":51305,"comment_status":"open","ping_status":"closed","template":"","meta":{"_acf_changed":false},"product_brand":[],"product_cat":[5860,5920],"product_tag":[7850,7851],"class_list":{"0":"post-28922","1":"product","2":"type-product","3":"status-publish","4":"has-post-thumbnail","6":"product_cat-embutidos","7":"product_cat-cocidos","8":"product_tag-frankfurt-barcelona-es","9":"product_tag-compra-frankfurt-escofet-oliver-es","10":"product_shipping_class-entrega-en-domicilio","11":"pa_promotional-no-es-2","13":"first","14":"instock","15":"taxable","16":"shipping-taxable","17":"purchasable","18":"product-type-simple"},"acf":[],"_links":{"self":[{"href":"https:\/\/escofetoliver.com\/es\/wp-json\/wp\/v2\/product\/28922","targetHints":{"allow":["GET"]}}],"collection":[{"href":"https:\/\/escofetoliver.com\/es\/wp-json\/wp\/v2\/product"}],"about":[{"href":"https:\/\/escofetoliver.com\/es\/wp-json\/wp\/v2\/types\/product"}],"replies":[{"embeddable":true,"href":"https:\/\/escofetoliver.com\/es\/wp-json\/wp\/v2\/comments?post=28922"}],"wp:featuredmedia":[{"embeddable":true,"href":"https:\/\/escofetoliver.com\/es\/wp-json\/wp\/v2\/media\/51305"}],"wp:attachment":[{"href":"https:\/\/escofetoliver.com\/es\/wp-json\/wp\/v2\/media?parent=28922"}],"wp:term":[{"taxonomy":"product_brand","embeddable":true,"href":"https:\/\/escofetoliver.com\/es\/wp-json\/wp\/v2\/product_brand?post=28922"},{"taxonomy":"product_cat","embeddable":true,"href":"https:\/\/escofetoliver.com\/es\/wp-json\/wp\/v2\/product_cat?post=28922"},{"taxonomy":"product_tag","embeddable":true,"href":"https:\/\/escofetoliver.com\/es\/wp-json\/wp\/v2\/product_tag?post=28922"}],"curies":[{"name":"wp","href":"https:\/\/api.w.org\/{rel}","templated":true}]}}