{"id":28878,"date":"2016-01-29T10:50:55","date_gmt":"2016-01-29T10:50:55","guid":{"rendered":"http:\/\/carnescofetacasa.com\/Producte\/llardons\/"},"modified":"2025-02-25T12:24:49","modified_gmt":"2025-02-25T11:24:49","slug":"chicharrones","status":"publish","type":"product","link":"https:\/\/escofetoliver.com\/es\/tienda\/embutidos\/cocidos\/chicharrones\/","title":{"rendered":"Chicharrones de cerdo &#8211; 200 g"},"content":{"rendered":"<p>Nuestros chicharrones de cerdo se preparan con dedicaci\u00f3n con t\u00e9cnicas tradicionales y artesanales. Son crujientes y est\u00e1n llenos de un sabor autentico que te llevar\u00e1n a los gustos de toda la vida.<\/p>\n","protected":false},"excerpt":{"rendered":"<p>Envase con 200 g de chicharrones tradicionales de cerdo.<\/p>\n","protected":false},"featured_media":28876,"comment_status":"open","ping_status":"closed","template":"","meta":{"_acf_changed":false},"product_brand":[],"product_cat":[5860,5920],"product_tag":[7495,7515,7535,7546],"class_list":{"0":"post-28878","1":"product","2":"type-product","3":"status-publish","4":"has-post-thumbnail","6":"product_cat-embutidos","7":"product_cat-cocidos","8":"product_tag-escofet-oliver-es","9":"product_tag-compra-carn-es","10":"product_tag-carnisseria-online-es","11":"product_tag-porc-es","12":"pa_promotional-no-es-2","14":"first","15":"instock","16":"taxable","17":"shipping-taxable","18":"purchasable","19":"product-type-simple"},"acf":[],"_links":{"self":[{"href":"https:\/\/escofetoliver.com\/es\/wp-json\/wp\/v2\/product\/28878","targetHints":{"allow":["GET"]}}],"collection":[{"href":"https:\/\/escofetoliver.com\/es\/wp-json\/wp\/v2\/product"}],"about":[{"href":"https:\/\/escofetoliver.com\/es\/wp-json\/wp\/v2\/types\/product"}],"replies":[{"embeddable":true,"href":"https:\/\/escofetoliver.com\/es\/wp-json\/wp\/v2\/comments?post=28878"}],"wp:featuredmedia":[{"embeddable":true,"href":"https:\/\/escofetoliver.com\/es\/wp-json\/wp\/v2\/media\/28876"}],"wp:attachment":[{"href":"https:\/\/escofetoliver.com\/es\/wp-json\/wp\/v2\/media?parent=28878"}],"wp:term":[{"taxonomy":"product_brand","embeddable":true,"href":"https:\/\/escofetoliver.com\/es\/wp-json\/wp\/v2\/product_brand?post=28878"},{"taxonomy":"product_cat","embeddable":true,"href":"https:\/\/escofetoliver.com\/es\/wp-json\/wp\/v2\/product_cat?post=28878"},{"taxonomy":"product_tag","embeddable":true,"href":"https:\/\/escofetoliver.com\/es\/wp-json\/wp\/v2\/product_tag?post=28878"}],"curies":[{"name":"wp","href":"https:\/\/api.w.org\/{rel}","templated":true}]}}