{"id":28874,"date":"2016-01-20T10:39:55","date_gmt":"2016-01-20T10:39:55","guid":{"rendered":"http:\/\/carnescofetacasa.com\/Producte\/llom-porc-finissim\/"},"modified":"2025-04-01T10:42:30","modified_gmt":"2025-04-01T08:42:30","slug":"llom-porc-finissim","status":"publish","type":"product","link":"https:\/\/escofetoliver.com\/es\/tienda\/carniceria\/cerdo\/llom-porc-finissim\/","title":{"rendered":"Lomo de Cerdo finisimo &#8211; 8 cortes &#8211; 320 g"},"content":{"rendered":"<p>El lomo de cerdo,\u00a0es de gran calidad. Los filetes fin\u00edsimos de lomo de cerdo se extraen de la cinta del lomo de cerdo, una de las partes m\u00e1s tiernas del cerdo. Es perfecta para cocinar a la plancha, acompa\u00f1ado por unas patatas fritas, una ensalada o unas verduras.<\/p>\n<p><span data-contrast=\"none\" xml:lang=\"ES-ES\" lang=\"ES-ES\" class=\"TextRun SCXW133726982 BCX0\"><span class=\"NormalTextRun SCXW133726982 BCX0\">La <\/span><\/span><a href=\"https:\/\/escofetoliver.com\/es\/categoria-del-producto\/carniceria\/cerdo\/\"><span data-contrast=\"none\" xml:lang=\"ES-ES\" lang=\"ES-ES\" class=\"TextRun SCXW133726982 BCX0\"><span class=\"NormalTextRun SCXW133726982 BCX0\">carne de cerdo<\/span><\/span><\/a><span data-contrast=\"none\" xml:lang=\"ES-ES\" lang=\"ES-ES\" class=\"TextRun SCXW133726982 BCX0\"><span class=\"NormalTextRun SCXW133726982 BCX0\"> es rica en prote\u00ednas, hierro y vitamina B12 y baja en grasas. Adem\u00e1s, tiene una proporci\u00f3n de \u00e1cidos grasos monoinsaturados y de vitamina B1 superior a otras carnes. Es una carne muy deliciosa y necesaria para cualquier tipo de dieta equilibrada y tiene una textura y sabor diferenciales. Por eso es una de las m\u00e1s consumidas. Es perfecta para cocinar a la plancha o asar.<\/span><\/span><span class=\"EOP SCXW133726982 BCX0\" data-ccp-props=\"{&quot;201341983&quot;:0,&quot;335559739&quot;:160,&quot;335559740&quot;:259}\">\u00a0<\/span><\/p>\n","protected":false},"excerpt":{"rendered":"<p>La presentaci\u00f3n es en una bandeja con 8 unidades, aproximadamente 320g.<\/p>\n","protected":false},"featured_media":51102,"comment_status":"open","ping_status":"closed","template":"","meta":{"_acf_changed":false},"product_brand":[],"product_cat":[5854,5906],"product_tag":[7544,10198,7546,10199,7547,10200,7550,10201,7679,7828,11120,8141,11249,8320,6074,7495,7536,9019],"class_list":{"0":"post-28874","1":"product","2":"type-product","3":"status-publish","4":"has-post-thumbnail","6":"product_cat-carniceria","7":"product_cat-cerdo","8":"product_tag-carn-es","9":"product_tag-lomo-de-cerdo-guisado-es","10":"product_tag-porc-es","11":"product_tag-costillas-de-cerdo-es","12":"product_tag-online-es","13":"product_tag-precio-es","14":"product_tag-llom-es","15":"product_tag-vitamina-es","16":"product_tag-salsitxes-es","17":"product_tag-finissm-es","18":"product_tag-filetes-cerdo","19":"product_tag-artesanal-es","20":"product_tag-proteina-escofet-oliver-esp","21":"product_tag-cocina-es","22":"product_tag-salchichas","23":"product_tag-escofet-oliver-es","24":"product_tag-carns-escofet-es","25":"product_tag-platos-es","26":"product_shipping_class-entrega-en-domicilio","27":"pa_preciokg-1250-es","28":"pa_promotional-no-es-2","30":"first","31":"instock","32":"taxable","33":"shipping-taxable","34":"purchasable","35":"product-type-simple"},"acf":[],"_links":{"self":[{"href":"https:\/\/escofetoliver.com\/es\/wp-json\/wp\/v2\/product\/28874","targetHints":{"allow":["GET"]}}],"collection":[{"href":"https:\/\/escofetoliver.com\/es\/wp-json\/wp\/v2\/product"}],"about":[{"href":"https:\/\/escofetoliver.com\/es\/wp-json\/wp\/v2\/types\/product"}],"replies":[{"embeddable":true,"href":"https:\/\/escofetoliver.com\/es\/wp-json\/wp\/v2\/comments?post=28874"}],"wp:featuredmedia":[{"embeddable":true,"href":"https:\/\/escofetoliver.com\/es\/wp-json\/wp\/v2\/media\/51102"}],"wp:attachment":[{"href":"https:\/\/escofetoliver.com\/es\/wp-json\/wp\/v2\/media?parent=28874"}],"wp:term":[{"taxonomy":"product_brand","embeddable":true,"href":"https:\/\/escofetoliver.com\/es\/wp-json\/wp\/v2\/product_brand?post=28874"},{"taxonomy":"product_cat","embeddable":true,"href":"https:\/\/escofetoliver.com\/es\/wp-json\/wp\/v2\/product_cat?post=28874"},{"taxonomy":"product_tag","embeddable":true,"href":"https:\/\/escofetoliver.com\/es\/wp-json\/wp\/v2\/product_tag?post=28874"}],"curies":[{"name":"wp","href":"https:\/\/api.w.org\/{rel}","templated":true}]}}