{"id":28868,"date":"2016-01-20T10:20:12","date_gmt":"2016-01-20T10:20:12","guid":{"rendered":"http:\/\/carnescofetacasa.com\/Producte\/hamburgueses-explosives\/"},"modified":"2025-04-08T11:51:13","modified_gmt":"2025-04-08T09:51:13","slug":"hamburgueses-explosives","status":"publish","type":"product","link":"https:\/\/escofetoliver.com\/es\/tienda\/elaborados\/hamburguesas\/hamburgueses-explosives\/","title":{"rendered":"Hamburguesas de ternera Explosivas &#8211; 2 unidades &#8211; 250 g"},"content":{"rendered":"<p>Hamburguesas elaboradas con carne de ternera de primera calidad, esta carne proviene de animales criados en granjas de Catalu\u00f1a.<br \/>\nLas elaboramos a partir de la mejor carne magra de ternera que reduce el nivel de grasa del producto y tiene una delicioso sabor, condimentadas con sal y especies y con una pizca de guindilla cayena en polvo que le da un sabor muy intenso y picante.<\/p>\n<p>La carne de ternera es un alimento completo y esencial para una dieta sana y equilibrada, destacando por su alto nivel proteico. Las prote\u00ednas c\u00e1rnicas son de una alta digestibilidad y de gran valor biol\u00f3gico, ya que aportan amino\u00e1cidos esenciales que son necesarios para las funciones de crecimiento y reparaci\u00f3n de tejidos del organismo. Tambi\u00e9n es rica en vitaminas del grupo B y es una gran fuente de minerales como son el f\u00f3sforo, calcio, magnesio y hierro.<\/p>\n<p>Esta hamburguesa es perfecta para cocinarla a la parrilla ya que potencia su sabor picante, haci\u00e9ndolo intenso y muy sabroso. Tambi\u00e9n esta hecha a la plancha.<\/p>\n<p>&nbsp;<\/p>\n<div style=\"width: 640px;\" class=\"wp-video\"><video class=\"wp-video-shortcode\" id=\"video-28868-1\" width=\"640\" height=\"360\" preload=\"metadata\" controls=\"controls\"><source type=\"video\/mp4\" src=\"https:\/\/escofetoliver.com\/wp-content\/uploads\/2025\/02\/Burgers-Castellano.mp4?_=1\" \/><a href=\"https:\/\/escofetoliver.com\/wp-content\/uploads\/2025\/02\/Burgers-Castellano.mp4\">https:\/\/escofetoliver.com\/wp-content\/uploads\/2025\/02\/Burgers-Castellano.mp4<\/a><\/video><\/div>\n<p>&nbsp;<\/p>\n<p><span style=\"font-size: 17px;\"><strong>Elaborado con preparado de carne.<\/strong><\/span><\/p>\n","protected":false},"excerpt":{"rendered":"<p>La presentaci\u00f3n es en una bandeja con 2 piezas de aproximadamente 120 g cada una.<\/p>\n","protected":false},"featured_media":28866,"comment_status":"open","ping_status":"closed","template":"","meta":{"_acf_changed":false},"product_brand":[],"product_cat":[5858,5948],"product_tag":[7827,5985,6014,11089,7495,7523,7530,7535,7735,7736,7826],"class_list":{"0":"post-28868","1":"product","2":"type-product","3":"status-publish","4":"has-post-thumbnail","6":"product_cat-elaborados","7":"product_cat-hamburguesas","8":"product_tag-hamburguesa-picant-es","9":"product_tag-carniceria-barcelona","10":"product_tag-carn-online","11":"product_tag-con-preparado-ternera","12":"product_tag-escofet-oliver-es","13":"product_tag-carn-escofet-es","14":"product_tag-carne-online-es","15":"product_tag-carnisseria-online-es","16":"product_tag-hamburguesa-vedella-es","17":"product_tag-hamburguesa-ternera-es","18":"product_tag-famburguesa-explosiva-es","19":"pa_preciokg-10050","20":"pa_promotional-no-es-2","22":"first","23":"instock","24":"taxable","25":"shipping-taxable","26":"purchasable","27":"product-type-simple"},"acf":[],"_links":{"self":[{"href":"https:\/\/escofetoliver.com\/es\/wp-json\/wp\/v2\/product\/28868","targetHints":{"allow":["GET"]}}],"collection":[{"href":"https:\/\/escofetoliver.com\/es\/wp-json\/wp\/v2\/product"}],"about":[{"href":"https:\/\/escofetoliver.com\/es\/wp-json\/wp\/v2\/types\/product"}],"replies":[{"embeddable":true,"href":"https:\/\/escofetoliver.com\/es\/wp-json\/wp\/v2\/comments?post=28868"}],"wp:featuredmedia":[{"embeddable":true,"href":"https:\/\/escofetoliver.com\/es\/wp-json\/wp\/v2\/media\/28866"}],"wp:attachment":[{"href":"https:\/\/escofetoliver.com\/es\/wp-json\/wp\/v2\/media?parent=28868"}],"wp:term":[{"taxonomy":"product_brand","embeddable":true,"href":"https:\/\/escofetoliver.com\/es\/wp-json\/wp\/v2\/product_brand?post=28868"},{"taxonomy":"product_cat","embeddable":true,"href":"https:\/\/escofetoliver.com\/es\/wp-json\/wp\/v2\/product_cat?post=28868"},{"taxonomy":"product_tag","embeddable":true,"href":"https:\/\/escofetoliver.com\/es\/wp-json\/wp\/v2\/product_tag?post=28868"}],"curies":[{"name":"wp","href":"https:\/\/api.w.org\/{rel}","templated":true}]}}