{"id":28860,"date":"2015-12-30T10:28:15","date_gmt":"2015-12-30T10:28:15","guid":{"rendered":"http:\/\/carnescofetacasa.com\/Producte\/bull-negre\/"},"modified":"2025-03-24T11:45:58","modified_gmt":"2025-03-24T10:45:58","slug":"bull-negro","status":"publish","type":"product","link":"https:\/\/escofetoliver.com\/es\/tienda\/embutidos\/cocidos\/bull-negro\/","title":{"rendered":"Bull negro loncheado &#8211; 100 g"},"content":{"rendered":"<p>El bull negro, o Bisbe Negre, es el gran desconocido para mucha gente. Y el que puedes encontrar en la <a href=\"https:\/\/escofetoliver.com\/es\/categoria-del-producto\/embutidos\/\">charcuter\u00eda de Escofet Oliver<\/a> puede ser un gran descubrimiento. Pura tradici\u00f3n.<\/p>\n<p>Con un sabor \u00fanico y una textura caracter\u00edsticos. Se elabora con diferentes partes del cerdo y con la sangre; picando bien la carne, a\u00f1adiendo pimienta y sal, y coci\u00e9ndolo.<\/p>\n<p>Es id\u00f3neo a\u00f1adir el bull negro a nuestros entremeses o aperitivos, a las comidas familiares, o con una tostadita con aceite de oliva virgen extra.<\/p>\n<p>&nbsp;<\/p>\n<p>SIN AL\u00c9RGENOS<\/p>\n<p>Ingredientes<\/p>\n<p><span>Carne y grasa de cerdo, sangre de cerdo, morro, pulmones, pimienta negra y sal.<\/span><\/p>\n<p>Caducidad: <span>Refrigeraci\u00f3n; conservar entre 0 \u00b0C y 4 \u00b0C 21 d\u00edas. Envase abierto; conservar entre 0 \u00b0C y 4 \u00b0C 2 d\u00edas.<\/span><\/p>\n","protected":false},"excerpt":{"rendered":"<p>Bolsa al vac\u00edo con aproximadamente 100 g de producto cortado<\/p>\n","protected":false},"featured_media":28858,"comment_status":"open","ping_status":"closed","template":"","meta":{"_acf_changed":false},"product_brand":[],"product_cat":[5860,5920],"product_tag":[7495,7535,7544],"class_list":{"0":"post-28860","1":"product","2":"type-product","3":"status-publish","4":"has-post-thumbnail","6":"product_cat-embutidos","7":"product_cat-cocidos","8":"product_tag-escofet-oliver-es","9":"product_tag-carnisseria-online-es","10":"product_tag-carn-es","11":"pa_preciokg-1490-es","12":"pa_promotional-no-es-2","14":"first","15":"instock","16":"taxable","17":"shipping-taxable","18":"purchasable","19":"product-type-simple"},"acf":[],"_links":{"self":[{"href":"https:\/\/escofetoliver.com\/es\/wp-json\/wp\/v2\/product\/28860","targetHints":{"allow":["GET"]}}],"collection":[{"href":"https:\/\/escofetoliver.com\/es\/wp-json\/wp\/v2\/product"}],"about":[{"href":"https:\/\/escofetoliver.com\/es\/wp-json\/wp\/v2\/types\/product"}],"replies":[{"embeddable":true,"href":"https:\/\/escofetoliver.com\/es\/wp-json\/wp\/v2\/comments?post=28860"}],"wp:featuredmedia":[{"embeddable":true,"href":"https:\/\/escofetoliver.com\/es\/wp-json\/wp\/v2\/media\/28858"}],"wp:attachment":[{"href":"https:\/\/escofetoliver.com\/es\/wp-json\/wp\/v2\/media?parent=28860"}],"wp:term":[{"taxonomy":"product_brand","embeddable":true,"href":"https:\/\/escofetoliver.com\/es\/wp-json\/wp\/v2\/product_brand?post=28860"},{"taxonomy":"product_cat","embeddable":true,"href":"https:\/\/escofetoliver.com\/es\/wp-json\/wp\/v2\/product_cat?post=28860"},{"taxonomy":"product_tag","embeddable":true,"href":"https:\/\/escofetoliver.com\/es\/wp-json\/wp\/v2\/product_tag?post=28860"}],"curies":[{"name":"wp","href":"https:\/\/api.w.org\/{rel}","templated":true}]}}