{"id":28856,"date":"2015-12-30T10:08:18","date_gmt":"2015-12-30T10:08:18","guid":{"rendered":"http:\/\/carnescofetacasa.com\/Producte\/bull-blanc\/"},"modified":"2025-04-10T10:37:51","modified_gmt":"2025-04-10T08:37:51","slug":"bull-blanco","status":"publish","type":"product","link":"https:\/\/escofetoliver.com\/es\/tienda\/embutidos\/cocidos\/bull-blanco\/","title":{"rendered":"Bull blanco &#8211; 100 g"},"content":{"rendered":"<p>Nuestro bull es, sin ning\u00fan tipo de duda, una de las estrellas de la <a href=\"https:\/\/escofetoliver.com\/es\/categoria-del-producto\/embutidos\/\">charcuter\u00eda<\/a> de Escofet Oliver.<br \/>\nRiqu\u00edsimo, lo elaboramos en nuestros obradores con carne magra y de papada de cerdo, bien picada y salpimentada. As\u00ed obtenemos un bull consistente, con una textura singular y un sabor \u00fanico.<\/p>\n<p>Un producto artesano, fresco y de proximidad; que todo el mundo puede saborear y disfrutar. No puede faltar en los mejores entremeses o comidas familiares, entre los habituales de siempre (jamones, mortadelas&#8230;). Se puede disfrutar tambi\u00e9n con unas rebanadas de pan con tomate y aceite, y tambi\u00e9n es un gran a\u00f1adido para tus ensaladas m\u00e1s originales.<\/p>\n<p>&nbsp;<\/p>\n<p>SIN AL\u00c9RGENOS<\/p>\n<p>Ingredientes:<\/p>\n<p><span>Magro<\/span><span>\u00a0<\/span><span>y<\/span><span>\u00a0papada de\u00a0<\/span><span>cerdo<\/span><span>, sal,\u00a0<\/span><span>pimienta<\/span><span>,\u00a0<\/span><span>emulgentes<\/span><span>\u00a0(E-450, E-451\u00a0<\/span><span>y<\/span><span>\u00a0E-452)\u00a0<\/span><span>y<\/span><span>\u00a0<\/span><span>conservante<\/span><span>\u00a0(E-301).<\/span><\/p>\n<p>Caducidad: <span>Refrigeraci\u00f3n; conservar entre 0 \u00b0C y 4 \u00b0C 21 d\u00edas. Envase abierto; conservar entre 0 \u00b0C y 4 \u00b0C 2 d\u00edas.<\/span><\/p>\n<p>&nbsp;<\/p>\n<p>&nbsp;<\/p>\n","protected":false},"excerpt":{"rendered":"<div class=\"traductor-textarea form-group\">\n<div class=\"textarea-desti col-xs-12 col-sm-6\">\n<div class=\"form-control second-textarea\">Bolsa al vac\u00edo con bull blanco. Pieza entera o cortada (100 g aprox).<\/div>\n<\/div>\n<\/div>\n<div class=\"traductor-checkbox form-group\">\n<div class=\"row\">\n<div class=\"col-sm-offset-2 col-sm-5\"><\/div>\n<\/div>\n<\/div>\n","protected":false},"featured_media":28852,"comment_status":"open","ping_status":"closed","template":"","meta":{"_acf_changed":false},"product_brand":[],"product_cat":[5860,5920],"product_tag":[7495,7535,7544],"class_list":{"0":"post-28856","1":"product","2":"type-product","3":"status-publish","4":"has-post-thumbnail","6":"product_cat-embutidos","7":"product_cat-cocidos","8":"product_tag-escofet-oliver-es","9":"product_tag-carnisseria-online-es","10":"product_tag-carn-es","11":"product_shipping_class-entrega-en-domicilio","12":"pa_preciokg-1890-es","13":"pa_promotional-no-es-2","15":"first","16":"instock","17":"taxable","18":"shipping-taxable","19":"purchasable","20":"product-type-simple"},"acf":[],"_links":{"self":[{"href":"https:\/\/escofetoliver.com\/es\/wp-json\/wp\/v2\/product\/28856","targetHints":{"allow":["GET"]}}],"collection":[{"href":"https:\/\/escofetoliver.com\/es\/wp-json\/wp\/v2\/product"}],"about":[{"href":"https:\/\/escofetoliver.com\/es\/wp-json\/wp\/v2\/types\/product"}],"replies":[{"embeddable":true,"href":"https:\/\/escofetoliver.com\/es\/wp-json\/wp\/v2\/comments?post=28856"}],"wp:featuredmedia":[{"embeddable":true,"href":"https:\/\/escofetoliver.com\/es\/wp-json\/wp\/v2\/media\/28852"}],"wp:attachment":[{"href":"https:\/\/escofetoliver.com\/es\/wp-json\/wp\/v2\/media?parent=28856"}],"wp:term":[{"taxonomy":"product_brand","embeddable":true,"href":"https:\/\/escofetoliver.com\/es\/wp-json\/wp\/v2\/product_brand?post=28856"},{"taxonomy":"product_cat","embeddable":true,"href":"https:\/\/escofetoliver.com\/es\/wp-json\/wp\/v2\/product_cat?post=28856"},{"taxonomy":"product_tag","embeddable":true,"href":"https:\/\/escofetoliver.com\/es\/wp-json\/wp\/v2\/product_tag?post=28856"}],"curies":[{"name":"wp","href":"https:\/\/api.w.org\/{rel}","templated":true}]}}